{"id":19,"date":"2023-02-21T23:44:18","date_gmt":"2023-02-21T22:44:18","guid":{"rendered":"https:\/\/desk-full.fr\/?page_id=19"},"modified":"2025-10-19T18:17:49","modified_gmt":"2025-10-19T16:17:49","slug":"zwroty-i-reklamacje","status":"publish","type":"page","link":"https:\/\/desk-full.fr\/pl\/zwroty-i-reklamacje\/","title":{"rendered":"Zwroty i reklamacje"},"content":{"rendered":"<div class=\"et_pb_section_0 et_pb_section et_section_regular et_block_section dipl_ct_dental_inner_hero_section\"><div class=\"et_pb_row_0 et_pb_row et_pb_equal_columns et_block_row\"><div class=\"et_pb_column_0 et_pb_column et_pb_column_4_4 et-last-child et_block_column et_pb_css_mix_blend_mode_passthrough\"><div class=\"et_pb_text_0 et_pb_text et_pb_bg_layout_light et_pb_module et_flex_module preset--module--divi-text--default\"><div class=\"et_pb_text_inner\"><p><h1>Zwroty i reklamacje<\/h1><\/p>\n<\/div><\/div><\/div><\/div><\/div><div class=\"et_pb_section_1 et_pb_section et_section_regular et_block_section\"><div class=\"et_pb_row_1 et_pb_row et_block_row\"><div class=\"et_pb_column_1 et_pb_column et_pb_column_4_4 et-last-child et_block_column et_pb_css_mix_blend_mode_passthrough\"><div class=\"et_pb_text_1 et_pb_text et_pb_bg_layout_light et_pb_module et_flex_module preset--module--divi-text--default\"><div class=\"et_pb_text_inner\"><h2>Zwroty<\/h2>\n<p>Nasza firma stosuje 14-dniow\u0105 polityk\u0119 zwrot\u00f3w zakupionych produkt\u00f3w. Je\u015bli od zakupu min\u0119\u0142o 14 dni, nie b\u0119dziemy w stanie zaoferowa\u0107 zwrotu ani wymiany. Aby kwalifikowa\u0107 si\u0119 do zwrotu, przedmiot musi by\u0107 nieu\u017cywany i w takim samym stanie, w jakim zosta\u0142 otrzymany. Musi r\u00f3wnie\u017c znajdowa\u0107 si\u0119 w oryginalnym opakowaniu.<\/p>\n<p>Koszt zwrotu towar\u00f3w ponosi kupuj\u0105cy, z wyj\u0105tkiem wadliwych lub niezgodnych z umow\u0105 dostarczonych towar\u00f3w.<\/p>\n<p>Aby zrealizowa\u0107 zwrot, potrzebujemy paragonu lub dowodu zakupu.<\/p>\n<h2>Zwroty koszt\u00f3w<\/h2>\n<p>Po otrzymaniu zwrotu i sprawdzeniu go wy\u015blemy wiadomo\u015b\u0107 e-mail z informacj\u0105, \u017ce otrzymali\u015bmy zwr\u00f3cony przedmiot. Poinformujemy r\u00f3wnie\u017c o naszej decyzji dotycz\u0105cej zatwierdzenia lub odrzucenia zwrotu.<\/p>\n<p>Je\u015bli zwrot zostanie zatwierdzony, zostanie on przetworzony, a kredyt zostanie automatycznie zastosowany do karty kredytowej lub oryginalnej metody p\u0142atno\u015bci w ci\u0105gu kilku dni.<\/p>\n<h2>Op\u00f3\u017anione lub brakuj\u0105ce zwroty<\/h2>\n<p>Je\u015bli nie otrzyma\u0142e\u015b jeszcze zwrotu pieni\u0119dzy, najpierw sprawd\u017a ponownie swoje konto bankowe. Nast\u0119pnie radzimy skontaktowa\u0107 si\u0119 z operatorem karty kredytowej, poniewa\u017c mo\u017ce wyst\u0105pi\u0107 op\u00f3\u017anienie przed oficjalnym zaksi\u0119gowaniem zwrotu.<\/p>\n<p>Je\u015bli po wykonaniu tych krok\u00f3w nadal nie otrzyma\u0142e\u015b zwrotu, sugerujemy skontaktowanie si\u0119 z bankiem. Mo\u017ce up\u0142yn\u0105\u0107 pewien czas, zanim zwrot zostanie zaksi\u0119gowany.<\/p>\n<p>Je\u015bli nadal nie otrzyma\u0142e\u015b zwrotu pieni\u0119dzy, skontaktuj si\u0119 z nami pod nast\u0119puj\u0105cym adresem:<span> contact@desk-full.fr<\/span><\/p>\n<h2>Wysy\u0142ka<\/h2>\n<p>Nale\u017cy pami\u0119ta\u0107, \u017ce w przypadku \u017c\u0105dania zwrotu koszt\u00f3w, koszty wysy\u0142ki nie podlegaj\u0105 zwrotowi. Je\u015bli zwrot zostanie przyznany, koszty wysy\u0142ki zwrotnej zostan\u0105 odj\u0119te od kwoty zwrotu.<\/p>\n<p>Ponadto czas dostawy wymienionego produktu mo\u017ce si\u0119 r\u00f3\u017cni\u0107 w zale\u017cno\u015bci od miejsca zamieszkania u\u017cytkownika.<\/p>\n<\/div><\/div><\/div><\/div><\/div>","protected":false},"excerpt":{"rendered":"","protected":false},"author":1,"featured_media":0,"parent":0,"menu_order":0,"comment_status":"closed","ping_status":"closed","template":"","meta":{"_seopress_robots_primary_cat":"","_seopress_titles_title":"","_seopress_titles_desc":"","_seopress_robots_index":"yes","_seopress_analysis_target_kw":"","footnotes":""},"class_list":["post-19","page","type-page","status-publish","hentry"],"_links":{"self":[{"href":"https:\/\/desk-full.fr\/pl\/wp-json\/wp\/v2\/pages\/19","targetHints":{"allow":["GET"]}}],"collection":[{"href":"https:\/\/desk-full.fr\/pl\/wp-json\/wp\/v2\/pages"}],"about":[{"href":"https:\/\/desk-full.fr\/pl\/wp-json\/wp\/v2\/types\/page"}],"author":[{"embeddable":true,"href":"https:\/\/desk-full.fr\/pl\/wp-json\/wp\/v2\/users\/1"}],"replies":[{"embeddable":true,"href":"https:\/\/desk-full.fr\/pl\/wp-json\/wp\/v2\/comments?post=19"}],"version-history":[{"count":0,"href":"https:\/\/desk-full.fr\/pl\/wp-json\/wp\/v2\/pages\/19\/revisions"}],"wp:attachment":[{"href":"https:\/\/desk-full.fr\/pl\/wp-json\/wp\/v2\/media?parent=19"}],"curies":[{"name":"wp","href":"https:\/\/api.w.org\/{rel}","templated":true}]}}