{"id":212,"date":"2023-01-31T18:38:11","date_gmt":"2023-01-31T17:38:11","guid":{"rendered":"https:\/\/desk-full.fr\/?page_id=212"},"modified":"2025-10-19T18:17:47","modified_gmt":"2025-10-19T16:17:47","slug":"o-nas","status":"publish","type":"page","link":"https:\/\/desk-full.fr\/pl\/o-nas\/","title":{"rendered":"O nas"},"content":{"rendered":"<div class=\"et_pb_section_0 et_pb_section et_section_regular et_block_section dipl_ct_dental_inner_hero_section\"><div class=\"et_pb_row_0 et_pb_row et_pb_equal_columns et_block_row\"><div class=\"et_pb_column_0 et_pb_column et_pb_column_4_4 et-last-child et_block_column et_pb_css_mix_blend_mode_passthrough\"><div class=\"et_pb_text_0 et_pb_text et_pb_bg_layout_light et_pb_module et_flex_module preset--module--divi-text--default\"><div class=\"et_pb_text_inner\"><h1>O nas<\/h1>\n<\/div><\/div><\/div><\/div><\/div><div class=\"et_pb_section_1 et_pb_section et_section_regular et_block_section\"><div class=\"et_pb_row_1 et_pb_row et_pb_equal_columns et_block_row\"><div class=\"et_pb_column_1 et_pb_column et_pb_column_1_2 et_block_column et_pb_css_mix_blend_mode_passthrough\"><div class=\"et_pb_text_1 et_pb_text et_pb_bg_layout_light et_pb_module et_flex_module preset--module--divi-text--default\"><div class=\"et_pb_text_inner\"><h2>Kim jeste\u015bmy?<\/h2>\n<p>Zesp\u00f3\u0142 <span style=\"font-family: 'DM Serif Display';\"><em><strong>desk full<\/strong><\/em><\/span>\u00a0\u0142\u0105czy pasja do organizacji i projektowania. Nasz\u0105 misj\u0105 jest oferowanie praktycznych i pi\u0119knych produkt\u00f3w, kt\u00f3re umo\u017cliwiaj\u0105 bardziej wydajn\u0105 i przyjemn\u0105 prac\u0119. Jeste\u015bmy tutaj, aby pom\u00f3c Ci stworzy\u0107 przestrze\u0144 robocz\u0105, kt\u00f3ra odzwierciedla Twoj\u0105 osobowo\u015b\u0107 i tw\u00f3rcze aspiracje.<\/p>\n<\/div><\/div><\/div><div class=\"et_pb_column_2 et_pb_column et_pb_column_1_2 et-last-child et_block_column et_pb_css_mix_blend_mode_passthrough\"><div class=\"et_pb_image_0 et_pb_image et_pb_module et_flex_module\"><span class=\"et_pb_image_wrap\"><img loading=\"lazy\" decoding=\"async\" src=\"https:\/\/desk-full.fr\/wp-content\/uploads\/2023\/02\/desk_full_a_props_900_600.jpg\" title=\"desk_full_a_props_900_600\" width=\"900\" height=\"600\" srcset=\"https:\/\/desk-full.fr\/wp-content\/uploads\/2023\/02\/desk_full_a_props_900_600.jpg 900w, https:\/\/desk-full.fr\/wp-content\/uploads\/2023\/02\/desk_full_a_props_900_600-480x320.jpg 480w\" sizes=\"(min-width: 0px) and (max-width: 480px) 480px, (min-width: 481px) 900px, 100vw\" class=\"wp-image-5525\" \/><\/span><\/div><\/div><\/div><\/div><div class=\"et_pb_section_2 et_pb_section et_section_regular et_block_section\"><div class=\"et_pb_row_2 et_pb_row et_block_row\"><div class=\"et_pb_column_3 et_pb_column et_pb_column_4_4 et-last-child et_block_column et_pb_css_mix_blend_mode_passthrough\"><div class=\"et_pb_module et_d4_element dipl_separator dipl_separator_0\">\n\t\t\t\t\n\t\t\t\t\n\t\t\t\t\n\t\t\t\t\n\t\t\t\t\n\t\t\t\t\n\t\t\t\t<div class=\"et_pb_module_inner\">\n\t\t\t\t\t<div class=\"dipl_separator_container align_center\">\n\t\t\t\t\t\t\t\t\t<div class=\"dipl_line dipl_line_before\"><\/div>\n\t\t\t\t\t\t\t\t\t\t<div class=\"dipl-text-wrapper\"><h2>Nasze warto\u015bci<\/h2><\/div>\n\t\t\t\t\t\t\t\t\t\t\n\t\t\t\t\t\t\t\t\t\t\n\t\t\t\t\t\t\t\t\t<div class=\"dipl_line dipl_line_after\"><\/div>\n\t\t\t\t\t\t\t\t<\/div>\n\t\t\t\t<\/div>\n\t\t\t<\/div><\/div><\/div><div class=\"et_pb_row_3 et_pb_row et_pb_equal_columns et_block_row\"><div class=\"et_pb_column_4 et_pb_column et_pb_column_1_3 et_block_column et_pb_css_mix_blend_mode_passthrough\"><div class=\"et_pb_icon_0 et_pb_icon et_pb_module et_flex_module\"><span class=\"et_pb_icon_wrap\"><span class=\"et-pb-icon\">\ue031<\/span><\/span><\/div><div class=\"et_pb_text_2 et_pb_text et_pb_bg_layout_light et_pb_module et_flex_module preset--module--divi-text--default\"><div class=\"et_pb_text_inner\"><h2 style=\"text-align: center;\">Jako\u015b\u0107<\/h2>\n<p style=\"text-align: left;\">Przywi\u0105zujemy du\u017c\u0105 wag\u0119 do jako\u015bci naszych produkt\u00f3w i us\u0142ug. Jeste\u015bmy dumni z dostarczania produkt\u00f3w, kt\u00f3re s\u0105 trwa\u0142e i spe\u0142niaj\u0105 najwy\u017csze oczekiwania. Wierzymy, \u017ce jako\u015b\u0107 jest kluczowym elementem budowania zaufania klient\u00f3w, dlatego dok\u0142adamy wszelkich stara\u0144, aby zapewni\u0107 szybk\u0105 i pomocn\u0105 obs\u0142ug\u0119 klienta.<\/p>\n<\/div><\/div><\/div><div class=\"et_pb_column_5 et_pb_column et_pb_column_1_3 et_block_column et_pb_css_mix_blend_mode_passthrough\"><div class=\"et_pb_icon_1 et_pb_icon et_pb_module et_flex_module\"><span class=\"et_pb_icon_wrap\"><span class=\"et-pb-icon\">\ue020<\/span><\/span><\/div><div class=\"et_pb_text_3 et_pb_text et_pb_bg_layout_light et_pb_module et_flex_module preset--module--divi-text--default\"><div class=\"et_pb_text_inner\"><h2 style=\"text-align: center;\">Organizacja<\/h2>\n<p style=\"text-align: left;\">Zesp\u00f3\u0142 <em><strong><span style=\"font-family: 'DM Serif Display';\">desk full<\/span><\/strong><\/em>\u00a0Rozumiemy znaczenie organizacji w \u017cyciu zawodowym. Naszym celem jest pomoc w zorganizowaniu przestrzeni roboczej, wyeliminowaniu ba\u0142aganu, zwi\u0119kszeniu produktywno\u015bci i zapewnieniu komfortu, na jaki zas\u0142ugujesz. Wierzymy, \u017ce organizacja mo\u017ce by\u0107 \u0142atwa i przyjemna, a my jeste\u015bmy tutaj, aby pom\u00f3c Ci to osi\u0105gn\u0105\u0107.<\/p>\n<\/div><\/div><\/div><div class=\"et_pb_column_6 et_pb_column et_pb_column_1_3 et-last-child et_block_column et_pb_css_mix_blend_mode_passthrough\"><div class=\"et_pb_icon_2 et_pb_icon et_pb_module et_flex_module\"><span class=\"et_pb_icon_wrap\"><span class=\"et-pb-icon\">\ue030<\/span><\/span><\/div><div class=\"et_pb_text_4 et_pb_text et_pb_bg_layout_light et_pb_module et_flex_module preset--module--divi-text--default\"><div class=\"et_pb_text_inner\"><h2 style=\"text-align: center;\">Kreatywno\u015b\u0107<\/h2>\n<p style=\"text-align: left;\">Wierzymy w kreatywno\u015b\u0107 i wyra\u017canie siebie, dlatego oferujemy szereg unikalnych i innowacyjnych produkt\u00f3w, kt\u00f3re pozwalaj\u0105 naszym klientom spersonalizowa\u0107 ich przestrze\u0144 robocz\u0105. Nasz\u0105 pasj\u0105 jest design i estetyka, dlatego chcemy, aby \u015brodowisko pracy inspirowa\u0142o i motywowa\u0142o naszych klient\u00f3w.<\/p>\n<\/div><\/div><\/div><\/div><\/div><div class=\"et_pb_section_3 et_pb_section et_section_regular et_block_section\"><div class=\"et_pb_row_4 et_pb_row et_pb_equal_columns et_block_row\"><div class=\"et_pb_column_7 et_pb_column et_pb_column_1_2 et_block_column et_pb_css_mix_blend_mode_passthrough\"><div class=\"et_pb_image_1 et_pb_image et_pb_module et_flex_module\"><span class=\"et_pb_image_wrap\"><img loading=\"lazy\" decoding=\"async\" src=\"https:\/\/desk-full.fr\/wp-content\/uploads\/2023\/02\/desk_full_a_props_900_600_.jpg\" title=\"desk_full_a_props_900_600_\" width=\"900\" height=\"600\" srcset=\"https:\/\/desk-full.fr\/wp-content\/uploads\/2023\/02\/desk_full_a_props_900_600_.jpg 900w, https:\/\/desk-full.fr\/wp-content\/uploads\/2023\/02\/desk_full_a_props_900_600_-480x320.jpg 480w\" sizes=\"(min-width: 0px) and (max-width: 480px) 480px, (min-width: 481px) 900px, 100vw\" class=\"wp-image-5555\" \/><\/span><\/div><\/div><div class=\"et_pb_column_8 et_pb_column et_pb_column_1_2 et-last-child et_block_column et_pb_css_mix_blend_mode_passthrough\"><div class=\"et_pb_text_5 et_pb_text et_pb_bg_layout_light et_pb_module et_flex_module preset--module--divi-text--default\"><div class=\"et_pb_text_inner\"><h2>Jak to wszystko si\u0119 zacz\u0119\u0142o?<\/h2>\n<p>Nasza firma zosta\u0142a za\u0142o\u017cona przez grup\u0119 przyjaci\u00f3\u0142, kt\u00f3rych po\u0142\u0105czy\u0142a pasja do organizacji i estetyki. Pomys\u0142 narodzi\u0142 si\u0119 w 2021 roku, kiedy zauwa\u017cyli\u015bmy, \u017ce wiele os\u00f3b szuka rozwi\u0105za\u0144, aby ulepszy\u0107 swoje domowe miejsce pracy, ale nie mo\u017ce znale\u017a\u0107 na rynku tego, czego potrzebuj\u0105. <br \/>W ten spos\u00f3b <span style=\"font-family: 'DM Serif Display';\"><em><strong>desk full<\/strong> <\/em><\/span>jest tworzony.<\/p>\n<\/div><\/div><\/div><\/div><\/div>","protected":false},"excerpt":{"rendered":"","protected":false},"author":1,"featured_media":0,"parent":0,"menu_order":0,"comment_status":"closed","ping_status":"closed","template":"","meta":{"_seopress_robots_primary_cat":"","_seopress_titles_title":"\u00c0 propos - d\u00e9couvrez Desk Full","_seopress_titles_desc":"Qui sommes-nous\u2009? Nous sommes passionn\u00e9s par les accessoires de bureau et les solutions d\u2019organisation pour am\u00e9liorer votre espace de travail","_seopress_robots_index":"","_seopress_analysis_target_kw":"","_et_pb_use_builder":"on","_et_pb_old_content":"","_et_gb_content_width":"","footnotes":""},"class_list":["post-212","page","type-page","status-publish","hentry"],"_links":{"self":[{"href":"https:\/\/desk-full.fr\/pl\/wp-json\/wp\/v2\/pages\/212","targetHints":{"allow":["GET"]}}],"collection":[{"href":"https:\/\/desk-full.fr\/pl\/wp-json\/wp\/v2\/pages"}],"about":[{"href":"https:\/\/desk-full.fr\/pl\/wp-json\/wp\/v2\/types\/page"}],"author":[{"embeddable":true,"href":"https:\/\/desk-full.fr\/pl\/wp-json\/wp\/v2\/users\/1"}],"replies":[{"embeddable":true,"href":"https:\/\/desk-full.fr\/pl\/wp-json\/wp\/v2\/comments?post=212"}],"version-history":[{"count":0,"href":"https:\/\/desk-full.fr\/pl\/wp-json\/wp\/v2\/pages\/212\/revisions"}],"wp:attachment":[{"href":"https:\/\/desk-full.fr\/pl\/wp-json\/wp\/v2\/media?parent=212"}],"curies":[{"name":"wp","href":"https:\/\/api.w.org\/{rel}","templated":true}]}}