{"id":3,"date":"2023-01-15T14:25:14","date_gmt":"2023-01-15T13:25:14","guid":{"rendered":"http:\/\/desk-full.fr\/?page_id=3"},"modified":"2025-10-19T18:17:39","modified_gmt":"2025-10-19T16:17:39","slug":"polityka-prywatnosci","status":"publish","type":"page","link":"https:\/\/desk-full.fr\/pl\/polityka-prywatnosci\/","title":{"rendered":"Polityka prywatno\u015bci"},"content":{"rendered":"<div class=\"et_pb_section_0 et_pb_section et_section_regular et_block_section dipl_ct_dental_inner_hero_section\"><div class=\"et_pb_row_0 et_pb_row et_pb_equal_columns et_block_row\"><div class=\"et_pb_column_0 et_pb_column et_pb_column_4_4 et-last-child et_block_column et_pb_css_mix_blend_mode_passthrough\"><div class=\"et_pb_text_0 et_pb_text et_pb_bg_layout_light et_pb_module et_flex_module preset--module--divi-text--default\"><div class=\"et_pb_text_inner\"><p><h1>Polityka prywatno\u015bci<\/h1><\/p>\n<\/div><\/div><\/div><\/div><\/div><div class=\"et_pb_section_1 et_pb_section et_section_regular et_block_section\"><div class=\"et_pb_row_1 et_pb_row et_block_row\"><div class=\"et_pb_column_1 et_pb_column et_pb_column_4_4 et-last-child et_block_column et_pb_css_mix_blend_mode_passthrough\"><div class=\"et_pb_text_1 et_pb_text et_pb_bg_layout_light et_pb_module et_flex_module preset--module--divi-text--default\"><div class=\"et_pb_text_inner\"><h2>Polityka prywatno\u015bci<\/h2>\n<hr \/>\n<ol>\n<li>\n<h3>Cel<\/h3>\n<\/li>\n<\/ol>\n<p>Niniejsza polityka ma zastosowanie do wszelkiego przetwarzania danych osobowych przez Desk-Full i ma na celu poinformowanie u\u017cytkownika o tym, w jaki spos\u00f3b Desk-Full przetwarza dane osobowe (w tym szczeg\u00f3\u0142y dotycz\u0105ce rodzaju gromadzonych danych osobowych i celu przetwarzania) oraz o prawach u\u017cytkownika w odniesieniu do jego danych osobowych.<\/p>\n<ol start=\"2\">\n<li>\n<h3>Kontakt - Jak mog\u0119 si\u0119 skontaktowa\u0107?<\/h3>\n<\/li>\n<\/ol>\n<p>W przypadku jakichkolwiek pyta\u0144 dotycz\u0105cych polityki prywatno\u015bci, u\u017cytkownik mo\u017ce nawi\u0105za\u0107 bezpo\u015bredni\u0105 i skuteczn\u0105 komunikacj\u0119 z Desk-Full, wysy\u0142aj\u0105c wiadomo\u015b\u0107 e-mail na adres: contact@desk-full.fr. Ponadto poni\u017cej podano informacje o osobie odpowiedzialnej za przetwarzanie danych osobowych u\u017cytkownika:<\/p>\n<ul>\n<li>Nazwa: Desk-Full<\/li>\n<li>E-mail: <a href=\"mailto:contact@desk-full.fr\">contact@desk-full.fr<\/a><\/li>\n<\/ul>\n<ol start=\"3\">\n<li>\n<h3>Identyfikacja przetwarzania - W jaki spos\u00f3b gromadzimy dane osobowe?<\/h3>\n<\/li>\n<\/ol>\n<p>Zgodnie z obowi\u0105zuj\u0105cymi przepisami o ochronie danych osobowych, a w szczeg\u00f3lno\u015bci,<\/p>\n<ul>\n<li>Rozporz\u0105dzenie Parlamentu Europejskiego i Rady (UE) 2016\/679 z dnia 27 kwietnia 2016 r. w sprawie ochrony os\u00f3b fizycznych w zwi\u0105zku z przetwarzaniem danych osobowych i w sprawie swobodnego przep\u0142ywu takich danych (zwane dalej \u00abRODO\u00bb),<\/li>\n<\/ul>\n<p>Desk-Full gromadzi dane osobowe b\u0119d\u0105ce w jego posiadaniu, gdy u\u017cytkownik :<\/p>\n<ul>\n<li>(i). Wype\u0142nia formularze na desk-full.fr (\"Strona\");<\/li>\n<li>(ii). Zapisz si\u0119 do naszego newslettera;<\/li>\n<li>(iii). Odpowiada na ankiet\u0119 lub wype\u0142nia formularz online;<\/li>\n<li>(iv). Wype\u0142nia formularze drukowane;<\/li>\n<li>(v). Wysy\u0142a e-mail lub komunikuje si\u0119 telefonicznie, a dane te s\u0105 nast\u0119pnie \u0142adowane do odpowiednich formularzy;<\/li>\n<\/ul>\n<ol start=\"4\">\n<li>\n<h3>Gromadzone dane osobowe - Jakie dane osobowe gromadzimy?<\/h3>\n<\/li>\n<\/ol>\n<p>Desk-Full zbiera informacje, gdy u\u017cytkownik odwiedza ich stron\u0119 internetow\u0105, g\u0142\u00f3wnie poprzez wype\u0142nianie formularzy rejestracyjnych.<\/p>\n<p>Zbierane s\u0105 nast\u0119puj\u0105ce dane: pe\u0142ne imi\u0119 i nazwisko, e-mail, numer telefonu, p\u0142e\u0107, data urodzenia i adres.<\/p>\n<p>Zgodnie z og\u00f3ln\u0105 zasad\u0105, gdy dane osobowe s\u0105 wymagane w celu korzystania z us\u0142ugi lub uzyskania dost\u0119pu do okre\u015blonych tre\u015bci, ich podanie nie b\u0119dzie obowi\u0105zkowe, z wyj\u0105tkiem przypadk\u00f3w, w kt\u00f3rych wyra\u017anie wskazano, \u017ce dane te s\u0105 wymagane w celu \u015bwiadczenia us\u0142ugi. W takim przypadku u\u017cytkownik mo\u017ce swobodnie zrezygnowa\u0107 z rejestracji i\/lub zawarcia umowy o \u015bwiadczenie us\u0142ug.<\/p>\n<p>U\u017cytkownik o\u015bwiadcza i gwarantuje, \u017ce wszystkie podane przez niego dane s\u0105 prawdziwe i dok\u0142adne oraz zobowi\u0105zuje si\u0119 do ich aktualizacji. Zmiany mo\u017cna zg\u0142asza\u0107 inspektorowi ochrony danych lub na adres wskazany w ust. 2 powy\u017cej.<\/p>\n<p>Podobnie, u\u017cytkownik przyjmuje do wiadomo\u015bci, \u017ce dane wymagane przez Desk-Full s\u0105 niezb\u0119dne, adekwatne i nienadmierne do osi\u0105gni\u0119cia cel\u00f3w wyra\u017conych w ust. 5 powy\u017cej, kt\u00f3rych osi\u0105gni\u0119cie by\u0142oby niemo\u017cliwe, gdyby dane te nie zosta\u0142y dostarczone.<\/p>\n<p>Za wszelkie nieprawdziwe lub niedok\u0142adne stwierdzenia wynikaj\u0105ce z dostarczonych informacji i danych, a tak\u017ce za wszelkie szkody, kt\u00f3re te informacje mog\u0105 spowodowa\u0107, odpowiedzialno\u015b\u0107 ponosi u\u017cytkownik.<\/p>\n<ol start=\"5\">\n<li>\n<h3>Cel - Jaki jest cel gromadzonych przez nas danych osobowych?<\/h3>\n<\/li>\n<\/ol>\n<p>Dane osobowe wymagane od u\u017cytkownika b\u0119d\u0105 wykorzystywane do nast\u0119puj\u0105cych cel\u00f3w:<\/p>\n<ul>\n<li>W przypadku umowy na us\u0142ugi oferowane w witrynie, w celu stworzenia i utrzymania relacji handlowej oraz prowadzenia dzia\u0142alno\u015bci i \u015bwiadczenia us\u0142ug Desk-Full (w tym mi\u0119dzy innymi zarz\u0105dzania, administrowania, \u015bwiadczenia i ulepszania us\u0142ug).<\/li>\n<li>W celu wysy\u0142ania biuletyn\u00f3w, a tak\u017ce informacji handlowych, promocji i\/lub reklam Desk-Full, okazjonalnie lub okresowo. W zwi\u0105zku z tym adres e-mail podany przez u\u017cytkownika podczas wype\u0142niania formularza na stronie mo\u017ce by\u0107 wykorzystywany do wysy\u0142ania informacji i aktualizacji dotycz\u0105cych \u017c\u0105dania us\u0142ug, a tak\u017ce wiadomo\u015bci o Desk-Full (okazjonalnie lub okresowo), aktualizacji, informacji o produktach lub powi\u0105zanych us\u0142ugach, mi\u0119dzy innymi. Przetwarzanie to opiera si\u0119 na naszym uzasadnionym interesie w promowaniu naszych produkt\u00f3w i us\u0142ug.<\/li>\n<li>Przeprowadzenie ankiety lub zorganizowanie konkursu.<\/li>\n<li>Spersonalizowa\u0107 do\u015bwiadczenia u\u017cytkownik\u00f3w, zwi\u0119kszaj\u0105c nasz\u0105 zdolno\u015b\u0107 do zaspokajania ich potrzeb.<\/li>\n<li>Aby ulepszy\u0107 witryn\u0119 Desk-Full i ofert\u0119 us\u0142ug, w oparciu o uzasadniony interes Desk-Full w ci\u0105g\u0142ym ulepszaniu swoich produkt\u00f3w i us\u0142ug.<\/li>\n<li>W celu przetwarzania transakcji i przestrzegania zobowi\u0105za\u0144 prawnych, kt\u00f3rym podlega Desk-Full, takich jak zobowi\u0105zania podatkowe. Dane podlegaj\u0105ce przetwarzaniu nie b\u0119d\u0105 wykorzystywane do cel\u00f3w innych ni\u017c wymienione powy\u017cej i kt\u00f3re uzasadnia\u0142y ich gromadzenie. Niezale\u017cnie od powy\u017cszego, okre\u015bla si\u0119, \u017ce zarejestrowane dane mog\u0105 by\u0107 wykorzystywane, opr\u00f3cz cel\u00f3w, dla kt\u00f3rych zosta\u0142y wyra\u017anie zebrane, do cel\u00f3w statystycznych, zarz\u0105dzania incydentami lub bada\u0144 rynkowych. Jednak w przypadku przetwarzania danych osobowych w celach innych ni\u017c te pierwotnie okre\u015blone w momencie gromadzenia tych danych, Desk-Full przeprowadzi analiz\u0119 zgodno\u015bci zgodnie z obowi\u0105zuj\u0105cymi przepisami. Przetwarzanie b\u0119dzie dozwolone tylko wtedy, gdy pierwotny cel jest zgodny z nowym celem lub dozwolony zgodnie z niezale\u017cn\u0105 podstaw\u0105 prawn\u0105. W takich przypadkach u\u017cytkownik zostanie poinformowany o zmianie celu lub o uzasadnieniu prawnym przetwarzania jego danych. Przypominamy u\u017cytkownikowi, \u017ce mo\u017ce sprzeciwi\u0107 si\u0119 wysy\u0142aniu informacji handlowych (zrezygnowa\u0107 z subskrypcji) i nie otrzymywa\u0107 ju\u017c wiadomo\u015bci e-mail od Desk-Full, informuj\u0105c o tym Desk-Full w wiarygodny spos\u00f3b, kt\u00f3ry przyst\u0105pi do przerwania tak szybko, jak to mo\u017cliwe po otrzymaniu takiej wiadomo\u015bci. W tym celu mo\u017ce wys\u0142a\u0107 wiadomo\u015b\u0107 e-mail na adres wskazany w sekcji 2, list poczt\u0105 na adres wskazany w sekcji 2 powy\u017cej lub bezpo\u015brednio post\u0119powa\u0107 zgodnie z instrukcjami rezygnacji z subskrypcji wyszczeg\u00f3lnionymi na ko\u0144cu ka\u017cdej wiadomo\u015bci e-mail Desk-Full.<\/li>\n<\/ul>\n<ol start=\"6\">\n<li>\n<h3>Jak wykorzystujemy informacje o u\u017cytkowniku?<\/h3>\n<\/li>\n<\/ol>\n<p>B\u0119dziemy wykorzystywa\u0107 gromadzone przez nas informacje o u\u017cytkowniku do nast\u0119puj\u0105cych cel\u00f3w:<\/p>\n<ul>\n<li>Informacje administracyjne<\/li>\n<li>Tworzenie konta u\u017cytkownika<\/li>\n<li>Referencje<\/li>\n<li>Zbieranie opinii klient\u00f3w<\/li>\n<li>Zastosowanie Og\u00f3lnych Warunk\u00f3w Handlowych<\/li>\n<li>Zarz\u0105dzanie zam\u00f3wieniami klient\u00f3w<\/li>\n<li>Wsparcie<\/li>\n<li>Reklama ukierunkowana<\/li>\n<li>Informacje administracyjne<\/li>\n<li>Ochrona witryny<\/li>\n<li>Rozstrzyganie spor\u00f3w<\/li>\n<li>Zarz\u0105dzanie kontami u\u017cytkownik\u00f3w<\/li>\n<li>Przetwarzanie p\u0142atno\u015bci : BLUE MEDIA<\/li>\n<\/ul>\n<p>Je\u015bli b\u0119dziemy chcieli wykorzysta\u0107 informacje o u\u017cytkowniku do innych cel\u00f3w, poprosimy go o zgod\u0119 i b\u0119dziemy wykorzystywa\u0107 informacje o u\u017cytkowniku tylko wtedy, gdy u\u017cytkownik wyrazi na to zgod\u0119 i tylko do cel\u00f3w, na kt\u00f3re wyrazi\u0142 zgod\u0119, chyba \u017ce prawo wymaga od nas innego post\u0119powania.<\/p>\n<p>B\u0119dziemy przechowywa\u0107 dane osobowe u\u017cytkownika przez 24 miesi\u0105ce od momentu, gdy konta u\u017cytkownik\u00f3w przestan\u0105 by\u0107 aktywne lub tak d\u0142ugo, jak b\u0119dzie to konieczne do realizacji cel\u00f3w, dla kt\u00f3rych zosta\u0142y one zgromadzone, zgodnie z niniejsz\u0105 Polityk\u0105 prywatno\u015bci.<\/p>\n<ol start=\"7\">\n<li>\n<h3>Zgoda<\/h3>\n<\/li>\n<\/ol>\n<p>Dostarczaj\u0105c dane osobowe do Desk-Full, u\u017cytkownik o\u015bwiadcza, \u017ce akceptuje ich przetwarzanie w pe\u0142ni i bez zastrze\u017ce\u0144 przez Desk-Full. U\u017cytkownik niniejszym udziela bezp\u0142atnej, wyra\u017anej i \u015bwiadomej zgody Desk-Full na wykorzystanie zebranych danych do cel\u00f3w wskazanych w sekcji 5 powy\u017cej, a tak\u017ce na ich w\u0142\u0105czenie do bazy danych Desk-Full.<\/p>\n<p>Desk-Full przetwarza dane uprawnionego u\u017cytkownika w : (i) zawarcia umowy o \u015bwiadczenie us\u0142ug z Desk-Full przez u\u017cytkownika, zgodnie z warunkami, kt\u00f3re s\u0105 udost\u0119pniane u\u017cytkownikowi pod koniec wype\u0142niania formularza zapytania o us\u0142ug\u0119 (przed ewentualnym wynaj\u0119ciem) i kt\u00f3re u\u017cytkownik (po zapoznaniu si\u0119 z nimi) i je\u015bli si\u0119 zgadza, mo\u017ce zaakceptowa\u0107, zaznaczaj\u0105c pole, kt\u00f3re zosta\u0142o w tym celu do\u0142\u0105czone; oraz (ii) dobrowolna, \u015bwiadoma i jednoznaczna zgoda u\u017cytkownika, udzielona po zapoznaniu si\u0119 z niniejsz\u0105 polityk\u0105 prywatno\u015bci, w kt\u00f3rej Desk-Full informuje o przetwarzaniu, kt\u00f3re b\u0119dzie przeprowadza\u0107 z danymi u\u017cytkownika, i je\u015bli u\u017cytkownik wyrazi na to zgod\u0119, zaznaczaj\u0105c pole, kt\u00f3re zosta\u0142o w tym celu umieszczone w formularzu zapytania o us\u0142ug\u0119. Przetwarzanie danych, kt\u00f3re nie s\u0105 obj\u0119te jedn\u0105 z podstaw prawnych wskazanych powy\u017cej, zostanie przeprowadzone, je\u015bli Desk-Full uzna to za konieczne w celu ochrony uzasadnionego interesu i tylko wtedy, gdy nie naruszaj\u0105 one podstawowych praw i wolno\u015bci u\u017cytkownika.<\/p>\n<ol start=\"8\">\n<li>\n<h3>Okres wa\u017cno\u015bci - Jak d\u0142ugo je przechowujemy?<\/h3>\n<\/li>\n<\/ol>\n<p>Dane zostan\u0105 zniszczone lub zarchiwizowane, gdy nie b\u0119d\u0105 ju\u017c bezwzgl\u0119dnie konieczne lub istotne dla cel\u00f3w okre\u015blonych w sekcji 5 powy\u017cej. W szczeg\u00f3lno\u015bci dane osobowe b\u0119d\u0105 przechowywane tak d\u0142ugo, jak d\u0142ugo obowi\u0105zuj\u0105 relacje biznesowe (i o ile u\u017cytkownik nie za\u017c\u0105da\u0142 wcze\u015bniej ich usuni\u0119cia) oraz przez okres, w kt\u00f3rym mog\u0105 powsta\u0107 zobowi\u0105zania, odszkodowania i \/ lub zobowi\u0105zania w zwi\u0105zku z relacjami biznesowymi lub \u015bwiadczonymi us\u0142ugami. Desk-Full informuje, \u017ce b\u0119dzie przechowywa\u0107 istotne informacje w celu identyfikacji pochodzenia przechowywanych danych przez czas trwania relacji klienta z Desk-Full i\/lub odwo\u0142ania zgody u\u017cytkownika zgodnie z informacjami zawartymi w sekcji 5 niniejszej polityki prywatno\u015bci i\/lub przez czas wymagany przez obowi\u0105zuj\u0105ce prawo.<\/p>\n<ol start=\"9\">\n<li>\n<h3>Poufno\u015b\u0107 \/ Cesja \/ Transfer mi\u0119dzynarodowy - Czy ujawniamy dane stronom trzecim?<\/h3>\n<\/li>\n<\/ol>\n<p>Desk-Full zachowa prywatno\u015b\u0107 i poufno\u015b\u0107 zebranych danych osobowych i nie b\u0119dzie ich wykorzystywa\u0107 do cel\u00f3w innych ni\u017c okre\u015blone w sekcji 5 powy\u017cej. Desk-Full wymaga podpisania um\u00f3w o poufno\u015bci i przetwarzaniu danych osobowych przez swoich pracownik\u00f3w i strony trzecie, kt\u00f3re \u015bwiadcz\u0105 us\u0142ugi, kt\u00f3re uzyskuj\u0105 dost\u0119p do zawarto\u015bci baz danych (lub uwzgl\u0119dnienia takich zobowi\u0105za\u0144 w umowach o \u015bwiadczenie us\u0142ug, kt\u00f3re podpisuje z takimi us\u0142ugodawcami, jak wskazano w poni\u017cszym akapicie).<\/p>\n<p>Dane osobowe u\u017cytkownika zebrane przez Desk-Full nie b\u0119d\u0105 przekazywane, sprzedawane, wymieniane, przesy\u0142ane i\/lub przekazywane stronom trzecim spoza Desk-Full bez zgody u\u017cytkownika, z wyj\u0105tkiem zobowi\u0105za\u0144 prawnych i\/lub w celu \u015bwiadczenia us\u0142ug na rzecz u\u017cytkownika. Nie obejmuje to niekt\u00f3rych pracownik\u00f3w i us\u0142ugodawc\u00f3w, kt\u00f3rzy umo\u017cliwiaj\u0105 Desk-Full utrzymanie witryny w dzia\u0142aniu, przestrzeganie cel\u00f3w okre\u015blonych w sekcji 5 powy\u017cej i\/lub \u015bwiadczenie us\u0142ug na rzecz u\u017cytkownika, kt\u00f3rzy przyj\u0119li na siebie obowi\u0105zek zachowania poufno\u015bci dostarczonych danych i zobowi\u0105zuj\u0105 si\u0119 do przestrzegania obowi\u0105zuj\u0105cych przepis\u00f3w dotycz\u0105cych ochrony danych osobowych w momencie zatrudnienia. Umowy z dostawcami us\u0142ug okre\u015blaj\u0105 cel, zakres, tre\u015b\u0107, czas trwania, charakter i cel przetwarzania danych, rodzaj danych osobowych, kategorie w\u0142a\u015bcicieli danych oraz obowi\u0105zki i zakres odpowiedzialno\u015bci Desk-Full i zakontraktowanych stron trzecich.<\/p>\n<p>W szczeg\u00f3lno\u015bci: Desk-Full mo\u017ce udost\u0119pnia\u0107 dostarczone dane osobowe sp\u00f3\u0142kom kontroluj\u0105cym, sp\u00f3\u0142kom zale\u017cnym, sp\u00f3\u0142kom stowarzyszonym, sp\u00f3\u0142kom powi\u0105zanym i\/lub po\u015brednikom powi\u0105zanym z Desk-Full, a tak\u017ce zewn\u0119trznym specjalistom w celu produkcji, pakowania i konserwacji produkt\u00f3w.<\/p>\n<p><strong>Desk-Full mo\u017ce udost\u0119pnia\u0107 pewne dane osobowe dostarczone przez u\u017cytkownika wewn\u0119trznie w ramach Desk-Full, niekt\u00f3rym dzia\u0142om, takim jak administracja, marketing lub IT.<\/strong><\/p>\n<p>Wreszcie, u\u017cytkownik musi by\u0107 \u015bwiadomy, \u017ce Desk-Full mo\u017ce (i \u017ce Desk-Full zastrzega sobie prawo) ujawni\u0107 jego informacje w nast\u0119puj\u0105cych przypadkach: (i) je\u015bli jest to wymagane przez organ s\u0105dowy lub administracyjny; (ii) je\u015bli jest to konieczne do wykonywania praw u\u017cytkownika zgodnie z og\u00f3lnymi warunkami Desk-Full i niniejsz\u0105 polityk\u0105 prywatno\u015bci; (iii) je\u015bli jest to konieczne do przestrzegania prawa; (iv) je\u015bli dane te mog\u0105 by\u0107 przydatne do ochrony praw os\u00f3b trzecich; (v) gdy s\u0105 one przydatne do ochrony praw, w\u0142asno\u015bci lub bezpiecze\u0144stwa Desk-Full, jej administrator\u00f3w, jej sp\u00f3\u0142ek zale\u017cnych, jej podmiot\u00f3w stowarzyszonych, jej dyrektor\u00f3w, jej pracownik\u00f3w, u\u017cytkownik\u00f3w lub og\u00f3\u0142u spo\u0142ecze\u0144stwa; oraz (vi) gdy istniej\u0105 uzasadnione powody zwi\u0105zane z bezpiecze\u0144stwem publicznym, obron\u0105 narodow\u0105 lub zdrowiem publicznym.<\/p>\n<ol start=\"10\">\n<li>\n<h3>Bezpiecze\u0144stwo - Jak zapewniamy bezpiecze\u0144stwo danych?<\/h3>\n<\/li>\n<\/ol>\n<p>Desk-Full deklaruje zamiar przyj\u0119cia \u015brodk\u00f3w technicznych i organizacyjnych niezb\u0119dnych do zagwarantowania bezpiecze\u0144stwa, integralno\u015bci i poufno\u015bci danych zgodnie z przepisami RODO, aby zapobiec ich zmianie, utracie, przegl\u0105daniu lub nieuprawnionemu przetwarzaniu.<\/p>\n<p>Desk-Full nie gwarantuje ca\u0142kowitej prywatno\u015bci w korzystaniu z witryny, poniewa\u017c nie mo\u017cna wykluczy\u0107, \u017ce nieupowa\u017cnione osoby trzecie mog\u0105 si\u0119 o tym dowiedzie\u0107. U\u017cytkownik przyjmuje do wiadomo\u015bci, \u017ce istniej\u0105ce techniczne \u015brodki bezpiecze\u0144stwa nie s\u0105 nieprzeniknione i \u017ce nawet przy zastosowaniu wszystkich rozs\u0105dnych \u015brodk\u00f3w ostro\u017cno\u015bci mo\u017cliwe jest manipulowanie, zniszczenie i\/lub utrata informacji. W przypadku wykrycia incydentu bezpiecze\u0144stwa wi\u0105\u017c\u0105cego si\u0119 ze znacznym ryzykiem dla w\u0142a\u015bciciela danych, zdarzenie to zostanie niezw\u0142ocznie przekazane w\u0142a\u015bciwemu organowi nadzorczemu, wraz ze \u015brodkami naprawczymi i paliatywnymi wdro\u017conymi i\/lub kt\u00f3re maj\u0105 zosta\u0107 wdro\u017cone.<\/p>\n<p>Desk-Full nie ponosi odpowiedzialno\u015bci za utrat\u0119 lub usuni\u0119cie danych przez u\u017cytkownik\u00f3w. Podobnie, Desk-Full nie ponosi odpowiedzialno\u015bci za jakiekolwiek szkody spowodowane przez wirusy komputerowe.<\/p>\n<p>Wreszcie, u\u017cytkownik musi r\u00f3wnie\u017c podj\u0105\u0107 \u015brodki w celu ochrony swoich informacji. Desk-Full nalega, aby u\u017cytkownik podj\u0105\u0142 wszelkie \u015brodki ostro\u017cno\u015bci w celu ochrony swoich danych osobowych podczas korzystania z Internetu. Zaleca si\u0119 przynajmniej okresow\u0105 zmian\u0119 has\u0142a przy u\u017cyciu kombinacji liter i cyfr oraz korzystanie z bezpiecznej przegl\u0105darki.<\/p>\n<ol start=\"11\">\n<li>\n<h3>Prawa w\u0142a\u015bciciela danych i procedury reagowania na ich wykonywanie - Jakie prawa przys\u0142uguj\u0105 mi jako w\u0142a\u015bcicielowi danych?<\/h3>\n<\/li>\n<\/ol>\n<p>U\u017cytkownik, kt\u00f3ry jest w\u0142a\u015bcicielem danych, mo\u017ce w dowolnym momencie skorzysta\u0107 z prawa dost\u0119pu, sprostowania, anulowania, sprzeciwu, ograniczenia przetwarzania, przenoszenia, poufno\u015bci i usuni\u0119cia swoich danych osobowych, zgodnie z postanowieniami art. 15 i nast\u0119pnych RGPD, w stosownych przypadkach. U\u017cytkownik mo\u017ce skorzysta\u0107 z tych praw, wysy\u0142aj\u0105c wiadomo\u015b\u0107 e-mail na adres contact@desk-full.fr lub korzystaj\u0105c z jednego ze sposob\u00f3w przewidzianych w obowi\u0105zuj\u0105cych przepisach, o kt\u00f3rych mowa powy\u017cej. Desk-Full mo\u017ce za\u017c\u0105da\u0107 danych niezb\u0119dnych do potwierdzenia to\u017csamo\u015bci w\u0142a\u015bciciela danych.<\/p>\n<p>Usuni\u0119cie niekt\u00f3rych danych nie zostanie przeprowadzone, je\u015bli mog\u0142oby to spowodowa\u0107 naruszenie praw lub uzasadnionych interes\u00f3w os\u00f3b trzecich lub je\u015bli istnieje prawny obowi\u0105zek zachowania danych.<\/p>\n<ol start=\"12\">\n<li>\n<h3>Szkolenie - Czy szkolimy si\u0119 sami?<\/h3>\n<\/li>\n<\/ol>\n<p>Pracownicy Desk-Full, kt\u00f3rych obowi\u0105zki zwi\u0105zane s\u0105 z przetwarzaniem danych osobowych, zostali przeszkoleni w celu zagwarantowania lepszej ochrony danych osobowych i praw ich posiadaczy.<\/p>\n<ol start=\"13\">\n<li>\n<h3>\u0141\u0105cza do stron trzecich - Czy nasza Witryna zawiera \u0142\u0105cza do innych witryn?<\/h3>\n<\/li>\n<\/ol>\n<p>Strona mo\u017ce zawiera\u0107 linki do stron os\u00f3b trzecich, z lub bez tre\u015bci reklamowych, kt\u00f3rych polityka poufno\u015bci jest obca Desk-Full. Powi\u0105zane strony nie s\u0105 powi\u0105zane z Desk-Full, a ich istnienie w \u017cadnym wypadku nie zak\u0142ada sugestii, zaproszenia lub rekomendacji do odwiedzenia miejsc docelowych lub jakiegokolwiek zwi\u0105zku lub powi\u0105zania mi\u0119dzy Desk-Full a tymi stronami. Desk-Full nie ponosi odpowiedzialno\u015bci za zawarto\u015b\u0107, wykorzystanie i dzia\u0142ania tych powi\u0105zanych stron, ani za jakiekolwiek szkody, rzeczywiste lub potencjalne, materialne lub moralne, bezpo\u015brednie lub po\u015brednie, poniesione przez u\u017cytkownik\u00f3w i wynikaj\u0105ce z informacji zawartych na tych stronach lub z relacji, kt\u00f3re u\u017cytkownicy mog\u0105 nawi\u0105za\u0107 ze stronami trzecimi, kt\u00f3rych us\u0142ugi zosta\u0142y opublikowane na stronie. Niemniej jednak, wszelkie komentarze na tych powi\u0105zanych stronach b\u0119d\u0105 przydatne dla Desk-Full w celu poprawy us\u0142ug i\/lub zagwarantowania integralno\u015bci strony. Desk-Full zobowi\u0105zuje si\u0119 do\u0142o\u017cy\u0107 wszelkich stara\u0144, aby zapobiec istnieniu na swojej stronie link\u00f3w do stron zawieraj\u0105cych nielegalne tre\u015bci.<\/p>\n<ol start=\"14\">\n<li>\n<h3>Pliki cookie - Czy u\u017cywamy plik\u00f3w cookie?<\/h3>\n<\/li>\n<\/ol>\n<p>Gdy u\u017cytkownik wchodzi na stron\u0119, Desk-Full mo\u017ce przechowywa\u0107 informacje na jego komputerze w postaci pliku \"cookie\" lub podobnego pliku. Witryna wykorzystuje pliki cookie do (i) \u015bledzenia reklam, (ii) gromadzenia danych o ruchu w witrynie oraz (iii) poprawy komfortu korzystania z witryny.<\/p>\n<p>U\u017cytkownik musi mie\u0107 \u015bwiadomo\u015b\u0107, \u017ce do przegl\u0105dania witryny nie jest konieczne wyra\u017cenie zgody na instalacj\u0119 plik\u00f3w cookie wysy\u0142anych przez witryn\u0119. Mo\u017ce to by\u0107 wymagane tylko w przypadku niekt\u00f3rych us\u0142ug. U\u017cytkownik mo\u017ce usun\u0105\u0107 pliki cookie ze swojego dysku twardego, uniemo\u017cliwi\u0107 dost\u0119p do swojego komputera za po\u015brednictwem przegl\u0105darki lub wybieraj\u0105c odpowiedni\u0105 opcj\u0119, gdy zostanie zapytany, czy chce u\u017cywa\u0107 plik\u00f3w cookie do tych cel\u00f3w i zgodnie z polityk\u0105 plik\u00f3w cookie Desk-Full.<\/p>\n<p>Pliki cookie to pliki informacyjne, kt\u00f3re witryna lub dostawca niekt\u00f3rych us\u0142ug witryny przesy\u0142a na dysk twardy komputera u\u017cytkownika za po\u015brednictwem programu przegl\u0105darki. Same pliki cookie nie mog\u0105 osobi\u015bcie identyfikowa\u0107 u\u017cytkownika (chocia\u017c mog\u0105 zawiera\u0107 adres IP u\u017cytkownika), ale umo\u017cliwiaj\u0105 witrynie rozpoznanie przegl\u0105darki u\u017cytkownika oraz przechwytywanie i przechowywanie niekt\u00f3rych danych (mi\u0119dzy innymi systemu operacyjnego u\u017cytkownika, nazwy domeny strony internetowej, z kt\u00f3rej witryna zosta\u0142a po\u0142\u0105czona). Desk-Full zastrzega sobie prawo do zlecania us\u0142ug stronom trzecim w celu analizy i zrozumienia u\u017cytkownik\u00f3w witryny, kt\u00f3re nie mog\u0105 wykorzystywa\u0107 zebranych informacji w \u017cadnym innym celu ni\u017c poprawa us\u0142ug Desk-Full.<\/p>\n<ol start=\"15\">\n<li>\n<h3>Zatwierdzenie<\/h3>\n<\/li>\n<\/ol>\n<p>Korzystanie z witryny przez u\u017cytkownika oznacza pe\u0142n\u0105 znajomo\u015b\u0107 i akceptacj\u0119 polityki poufno\u015bci Desk-Full oraz og\u00f3lnych warunk\u00f3w Desk-Full, je\u015bli maj\u0105 zastosowanie. Podobnie, u\u017cytkownik akceptuje polityk\u0119 poufno\u015bci Desk-Full i og\u00f3lne warunki Desk-Full poprzez wype\u0142nienie wniosku o \u015bwiadczenie us\u0142ug.<\/p>\n<ol start=\"16\">\n<li>\n<h3>Zmiany - Czy jest to najnowsza wersja?<\/h3>\n<\/li>\n<\/ol>\n<p>To jest aktualna wersja polityki prywatno\u015bci Desk-Full, zaktualizowana 27 lipca 2023 r.<\/p>\n<p>Desk-Full mo\u017ce zmodyfikowa\u0107 niniejsz\u0105 polityk\u0119 poufno\u015bci w dowolnym momencie i bez wcze\u015bniejszego powiadomienia. Modyfikacje te b\u0119d\u0105 obowi\u0105zywa\u0107 od momentu ich opublikowania na stronie lub gdy zostan\u0105 przekazane u\u017cytkownikom w jakikolwiek spos\u00f3b, w zale\u017cno\u015bci od tego, co nast\u0105pi wcze\u015bniej. U\u017cytkownik musi by\u0107 na bie\u017c\u0105co informowany o warunkach zawartych w niniejszym dokumencie, wchodz\u0105c okresowo na stron\u0119.<\/p>\n<\/div><\/div><\/div><\/div><\/div>","protected":false},"excerpt":{"rendered":"","protected":false},"author":1,"featured_media":0,"parent":0,"menu_order":0,"comment_status":"closed","ping_status":"open","template":"","meta":{"_seopress_robots_primary_cat":"","_seopress_titles_title":"","_seopress_titles_desc":"","_seopress_robots_index":"yes","_seopress_analysis_target_kw":"","footnotes":""},"class_list":["post-3","page","type-page","status-publish","hentry"],"_links":{"self":[{"href":"https:\/\/desk-full.fr\/pl\/wp-json\/wp\/v2\/pages\/3","targetHints":{"allow":["GET"]}}],"collection":[{"href":"https:\/\/desk-full.fr\/pl\/wp-json\/wp\/v2\/pages"}],"about":[{"href":"https:\/\/desk-full.fr\/pl\/wp-json\/wp\/v2\/types\/page"}],"author":[{"embeddable":true,"href":"https:\/\/desk-full.fr\/pl\/wp-json\/wp\/v2\/users\/1"}],"replies":[{"embeddable":true,"href":"https:\/\/desk-full.fr\/pl\/wp-json\/wp\/v2\/comments?post=3"}],"version-history":[{"count":0,"href":"https:\/\/desk-full.fr\/pl\/wp-json\/wp\/v2\/pages\/3\/revisions"}],"wp:attachment":[{"href":"https:\/\/desk-full.fr\/pl\/wp-json\/wp\/v2\/media?parent=3"}],"curies":[{"name":"wp","href":"https:\/\/api.w.org\/{rel}","templated":true}]}}