{"id":42,"date":"2023-01-23T15:44:28","date_gmt":"2023-01-23T14:44:28","guid":{"rendered":"https:\/\/desk-full.fr\/?page_id=42"},"modified":"2025-10-19T18:17:45","modified_gmt":"2025-10-19T16:17:45","slug":"porady-i-wskazowki","status":"publish","type":"page","link":"https:\/\/desk-full.fr\/pl\/porady-i-wskazowki\/","title":{"rendered":"Porady i wskaz\u00f3wki"},"content":{"rendered":"<div class=\"et_pb_section_0 et_pb_section et_section_regular et_block_section\"><div class=\"et_pb_row_0 et_pb_row et_block_row\"><div class=\"et_pb_column_0 et_pb_column et_pb_column_4_4 et-last-child et_block_column et_pb_css_mix_blend_mode_passthrough\"><div class=\"et_pb_text_0 et_pb_text et_pb_bg_layout_light et_pb_module et_flex_module preset--module--divi-text--default\"><div class=\"et_pb_text_inner\"><h1>Porady i wskaz\u00f3wki<\/h1>\n<\/div><\/div><\/div><\/div><\/div><div class=\"et_pb_section_1 et_pb_section et_section_regular et_block_section\"><div class=\"et_pb_row_1 et_pb_row et_block_row\"><div class=\"et_pb_column_1 et_pb_column et_pb_column_4_4 et-last-child et_block_column et_pb_css_mix_blend_mode_passthrough\"><div class=\"et_pb_code_0 et_pb_code et_pb_module\"><div class=\"et_pb_code_inner\"><style>\n\/* create css grid column template *\/\n@media only screen and (min-width: 1025px) {\n  .et-blog-css-grid > div {\n  display: grid;\n  grid-template-columns: repeat(auto-fill, minmax(25%, 1fr));\n  gap: 50px;\n\t}\n} \n\n@media only screen and (max-width: 1025px) {\n  .et-blog-css-grid > div {\n  display: grid;\n  grid-template-columns: repeat(auto-fill, minmax(100%, 1fr));\n\t}\n} \n\/* style css grid item or blog post *\/\n.et-blog-css-grid .et_pb_post {\n  align-self: start;\n  padding: 25px;\n  background-color: #eeeeee;\n}\n \n\/* remove pagination from blog module grid with absolute position *\/\n.et-blog-css-grid > div > div {\n  width: 100%;\n  position: absolute;\n  bottom: 0;\n  transform: translate(0%, 150%);\n}\n \n\/* Resize Featured Image Thumbnails *\/\n.et-blog-css-grid .entry-featured-image-url {\n  padding-top: 56.25%;\n}\n.et-blog-css-grid .entry-featured-image-url img {\n  position: absolute;\n  height: 100%;\n  width: 100%;\n  top: 0;\n  object-fit: cover;\n}\n.et-blog-css-grid .et_pb_post {\n  padding: 0;\n}\n\n.et-blog-css-grid .et_pb_blog_grid .et_pb_no_thumb .entry-title {\n  margin-top: 60px;\n}\n \n.et-blog-css-grid img { \n  -moz-transition: all 0.5s;\n  -webkit-transition: all 0.5s;\n  transition: all 0.5s;\n}\n  \n.et-blog-css-grid img:hover {\n  -moz-transform: scale(0.92);\n  -webkit-transform: scale(0.92);\n  transform: scale(0.92);\n}\n  \n.et-blog-css-grid a.more-link {\n  text-transform: capitalize;;\n}\n  \n.et-blog-css-grid a.more-link:hover {\n  text-decoration: underline;\n}\n<\/style><\/div><\/div><div class=\"et_pb_blog_0 et_pb_blog et_pb_bg_layout_light et_pb_posts et_pb_module et-blog-css-grid\"><div class=\"et_pb_ajax_pagination_container\"><div class=\"et_pb_posts et_block_module\"><article class=\"et_pb_post et_pb_post_id_6013 clearfix et_pb_blog_item_0_0 post-6013 post type-post status-publish format-standard has-post-thumbnail hentry category-non-classe\"><a href=\"https:\/\/desk-full.fr\/pl\/najlepsze-triki-na-idealne-oswietlenie-biura-i-kojaca-atmosfere\/\" class=\"entry-featured-image-url\"><img loading=\"lazy\" decoding=\"async\" src=\"https:\/\/desk-full.fr\/wp-content\/uploads\/2023\/05\/desk_full_couverture_article_de_blog_14.jpg\" width=\"800\" height=\"502\" alt=\"Kolorowe biurko z kilkoma lampkami, kt\u00f3re o\u015bwietl\u0105 miejsce pracy i stworz\u0105 kreatywn\u0105 atmosfer\u0119.\" class=\"et_pb_post_main_image\" \/><span data-icon=\"\ue050\" class=\"et_overlay et_pb_inline_icon\"><\/span><\/a><h2 class=\"entry-title\"><a href=\"https:\/\/desk-full.fr\/pl\/najlepsze-triki-na-idealne-oswietlenie-biura-i-kojaca-atmosfere\/\">Najlepsze wskaz\u00f3wki dotycz\u0105ce idealnego o\u015bwietlenia biurowego i koj\u0105cej atmosfery \ud83d\udca1<\/a><\/h2><p class=\"post-meta\"><\/p><div class=\"post-content\"><div class=\"post-content-inner\"><p>Czy kiedykolwiek zastanawia\u0142e\u015b si\u0119, jak uzyska\u0107 idealne o\u015bwietlenie biurowe, aby zmaksymalizowa\u0107 produktywno\u015b\u0107 i stworzy\u0107 koj\u0105c\u0105 atmosfer\u0119? W tym artykule przedstawimy najlepsze wskaz\u00f3wki, jak skutecznie o\u015bwietli\u0107 miejsce pracy, jednocze\u015bnie...<\/p>\n<\/div><\/div><\/article><article class=\"et_pb_post et_pb_post_id_6004 clearfix et_pb_blog_item_0_1 post-6004 post type-post status-publish format-standard has-post-thumbnail hentry category-non-classe\"><a href=\"https:\/\/desk-full.fr\/pl\/najlepsze-akcesoria-biurowe-zwiekszajace-produktywnosc-i-kreatywnosc\/\" class=\"entry-featured-image-url\"><img loading=\"lazy\" decoding=\"async\" src=\"https:\/\/desk-full.fr\/wp-content\/uploads\/2023\/04\/desk_full_couverture_article_de_blog_13.jpg\" width=\"800\" height=\"502\" alt=\"Kolorowe miejsce pracy wype\u0142nione kreatywnymi akcesoriami zwi\u0119kszaj\u0105cymi produktywno\u015b\u0107.\" class=\"et_pb_post_main_image\" \/><span data-icon=\"\ue050\" class=\"et_overlay et_pb_inline_icon\"><\/span><\/a><h2 class=\"entry-title\"><a href=\"https:\/\/desk-full.fr\/pl\/najlepsze-akcesoria-biurowe-zwiekszajace-produktywnosc-i-kreatywnosc\/\">Najlepsze akcesoria na biurko zwi\u0119kszaj\u0105ce produktywno\u015b\u0107 i kreatywno\u015b\u0107 \ud83c\udfa8<\/a><\/h2><p class=\"post-meta\"><\/p><div class=\"post-content\"><div class=\"post-content-inner\"><p>Aby by\u0107 bardziej produktywnym i wydajnym w pracy, niezb\u0119dne jest posiadanie dobrze wyposa\u017conego miejsca pracy wyposa\u017conego w najlepsze akcesoria biurowe. W tym artykule przedstawiamy 10 niezb\u0119dnych akcesori\u00f3w, kt\u00f3re zwi\u0119ksz\u0105 produktywno\u015b\u0107...<\/p>\n<\/div><\/div><\/article><article class=\"et_pb_post et_pb_post_id_5998 clearfix et_pb_blog_item_0_2 post-5998 post type-post status-publish format-standard has-post-thumbnail hentry category-non-classe\"><a href=\"https:\/\/desk-full.fr\/pl\/praca-zdalna-10-niezbednych-wskazowek-do-organizacji-i-optymalizacji-przestrzeni-pracy-w-domu\/\" class=\"entry-featured-image-url\"><img loading=\"lazy\" decoding=\"async\" src=\"https:\/\/desk-full.fr\/wp-content\/uploads\/2023\/04\/desk_full_couverture_article_de_blog_12.jpg\" width=\"800\" height=\"502\" alt=\"M\u0119\u017cczyzna pracuj\u0105cy przy dobrze zorganizowanym biurku w domu podczas telepracy.\" class=\"et_pb_post_main_image\" \/><span data-icon=\"\ue050\" class=\"et_overlay et_pb_inline_icon\"><\/span><\/a><h2 class=\"entry-title\"><a href=\"https:\/\/desk-full.fr\/pl\/praca-zdalna-10-niezbednych-wskazowek-do-organizacji-i-optymalizacji-przestrzeni-pracy-w-domu\/\">Telepraca: 10 podstawowych wskaz\u00f3wek dotycz\u0105cych organizacji i optymalizacji miejsca pracy w domu \ud83c\udf1f<\/a><\/h2><p class=\"post-meta\"><\/p><div class=\"post-content\"><div class=\"post-content-inner\"><p>W dzisiejszych czasach coraz wi\u0119cej os\u00f3b pracuje z domu, czy to z wyboru, czy z konieczno\u015bci. Dlatego tak wa\u017cne jest, aby mie\u0107 dobrze zorganizowane i zoptymalizowane miejsce pracy w domu, aby pozosta\u0107 produktywnym i wygodnym przez ca\u0142y dzie\u0144. W tym...<\/p>\n<\/div><\/div><\/article><article class=\"et_pb_post et_pb_post_id_5990 clearfix et_pb_blog_item_0_3 post-5990 post type-post status-publish format-standard has-post-thumbnail hentry category-non-classe\"><a href=\"https:\/\/desk-full.fr\/pl\/wybor-lampy-do-czytania-dopasowanej-do-twoich-potrzeb\/\" class=\"entry-featured-image-url\"><img loading=\"lazy\" decoding=\"async\" src=\"https:\/\/desk-full.fr\/wp-content\/uploads\/2023\/04\/desk_full_couverture_article_de_blog_11.jpg\" width=\"800\" height=\"502\" alt=\"przytulny k\u0105cik do czytania o\u015bwietlony ciep\u0142ymi lampami. Na zdj\u0119ciu fotel z kocem i p\u00f3\u0142ka pe\u0142na ksi\u0105\u017cek.\" class=\"et_pb_post_main_image\" \/><span data-icon=\"\ue050\" class=\"et_overlay et_pb_inline_icon\"><\/span><\/a><h2 class=\"entry-title\"><a href=\"https:\/\/desk-full.fr\/pl\/wybor-lampy-do-czytania-dopasowanej-do-twoich-potrzeb\/\">Jak wybra\u0107 odpowiedni\u0105 lampk\u0119 do czytania? \ud83d\udca1<\/a><\/h2><p class=\"post-meta\"><\/p><div class=\"post-content\"><div class=\"post-content-inner\"><p>Czytanie to przyjemno\u015b\u0107, kt\u00f3r\u0105 mo\u017cna cieszy\u0107 si\u0119 o ka\u017cdej porze dnia. Jednak gdy jest ciemno lub o\u015bwietlenie w pomieszczeniu jest niewystarczaj\u0105ce, mo\u017ce by\u0107 trudno zanurzy\u0107 si\u0119 w dobrej ksi\u0105\u017cce. I tu z pomoc\u0105 przychodzi lampka do czytania. To...<\/p>\n<\/div><\/div><\/article><article class=\"et_pb_post et_pb_post_id_5979 clearfix et_pb_blog_item_0_4 post-5979 post type-post status-publish format-standard has-post-thumbnail hentry category-non-classe\"><a href=\"https:\/\/desk-full.fr\/pl\/przenosny-wentylator-na-szyje-najlepsze-akcesorium-do-chlodzenia-w-biurze\/\" class=\"entry-featured-image-url\"><img loading=\"lazy\" decoding=\"async\" src=\"https:\/\/desk-full.fr\/wp-content\/uploads\/2023\/05\/desk_full_couverture_article_de_blog_10.jpg\" width=\"800\" height=\"502\" alt=\"M\u0119\u017cczyzna siedzi przy biurku. \u015awiat\u0142o s\u0142oneczne wpada przez okno, sprawiaj\u0105c, \u017ce w pomieszczeniu jest zbyt gor\u0105co i duszno.\" class=\"et_pb_post_main_image\" \/><span data-icon=\"\ue050\" class=\"et_overlay et_pb_inline_icon\"><\/span><\/a><h2 class=\"entry-title\"><a href=\"https:\/\/desk-full.fr\/pl\/przenosny-wentylator-na-szyje-najlepsze-akcesorium-do-chlodzenia-w-biurze\/\">Przeno\u015bny wentylator na szyj\u0119: najlepsze akcesorium do ch\u0142odzenia w biurze! \ud83c\udf2c\ufe0f<\/a><\/h2><p class=\"post-meta\"><\/p><div class=\"post-content\"><div class=\"post-content-inner\"><p>Masz do\u015b\u0107 dusznego upa\u0142u w biurze w \u015brodku lata? W dzisiejszym artykule chcieliby\u015bmy przedstawi\u0107 jeden z naszych najpopularniejszych produkt\u00f3w: idealne rozwi\u0105zanie, aby zachowa\u0107 ch\u0142\u00f3d i pracowa\u0107 w najlepszych warunkach! \ud83c\udf2c\ufe0f\ud83d\ude0e \ud83d\udcd6...<\/p>\n<\/div><\/div><\/article><article class=\"et_pb_post et_pb_post_id_5718 clearfix et_pb_blog_item_0_5 post-5718 post type-post status-publish format-standard has-post-thumbnail hentry category-non-classe\"><a href=\"https:\/\/desk-full.fr\/pl\/jak-uzyskac-profesjonalny-wyglad-biurka-5-pomyslow-na-dekoracje-twojego-miejsca-pracy\/\" class=\"entry-featured-image-url\"><img loading=\"lazy\" decoding=\"async\" src=\"https:\/\/desk-full.fr\/wp-content\/uploads\/2023\/03\/desk_full_couverture_article_de_blog_09.jpg\" width=\"800\" height=\"500\" alt=\"Zdj\u0119cie przedstawia eleganckie, profesjonalne i schludne biuro.\" class=\"et_pb_post_main_image\" \/><span data-icon=\"\ue050\" class=\"et_overlay et_pb_inline_icon\"><\/span><\/a><h2 class=\"entry-title\"><a href=\"https:\/\/desk-full.fr\/pl\/jak-uzyskac-profesjonalny-wyglad-biurka-5-pomyslow-na-dekoracje-twojego-miejsca-pracy\/\">Jak uzyska\u0107 profesjonalny wygl\u0105d biura: 5 pomys\u0142\u00f3w na udekorowanie miejsca pracy \ud83d\udda5\ufe0f<\/a><\/h2><p class=\"post-meta\"><\/p><div class=\"post-content\"><div class=\"post-content-inner\"><p>Chcesz nada\u0107 swojemu biuru profesjonalny wygl\u0105d, aby zwi\u0119kszy\u0107 produktywno\u015b\u0107? Oto 5 pomys\u0142\u00f3w na dekoracje, kt\u00f3re pomog\u0105 Ci osi\u0105gn\u0105\u0107 stylowy, nowoczesny efekt. 5 pomys\u0142\u00f3w na profesjonalny wystr\u00f3j biura K\u0105cik biurowy jest odzwierciedleniem...<\/p>\n<\/div><\/div><\/article><article class=\"et_pb_post et_pb_post_id_5710 clearfix et_pb_blog_item_0_6 post-5710 post type-post status-publish format-standard has-post-thumbnail hentry category-non-classe\"><a href=\"https:\/\/desk-full.fr\/pl\/meble-biurowe-design-i-akcesoria-dla-nowoczesnego-i-wygodnego-biura\/\" class=\"entry-featured-image-url\"><img loading=\"lazy\" decoding=\"async\" src=\"https:\/\/desk-full.fr\/wp-content\/uploads\/2023\/03\/desk_full_couverture_article_de_blog_08.jpg\" width=\"800\" height=\"500\" alt=\"Zdj\u0119cie przedstawia elegancki, ergonomiczny mebel, kt\u00f3ry pe\u0142ni funkcj\u0119 p\u00f3\u0142ki i biurka.\" class=\"et_pb_post_main_image\" \/><span data-icon=\"\ue050\" class=\"et_overlay et_pb_inline_icon\"><\/span><\/a><h2 class=\"entry-title\"><a href=\"https:\/\/desk-full.fr\/pl\/meble-biurowe-design-i-akcesoria-dla-nowoczesnego-i-wygodnego-biura\/\">Designerskie meble biurowe: meble i akcesoria do nowoczesnego, wygodnego biura \ud83d\ude0a<\/a><\/h2><p class=\"post-meta\"><\/p><div class=\"post-content\"><div class=\"post-content-inner\"><p>Wprowadzenie Stworzenie atrakcyjnego i funkcjonalnego miejsca pracy wymaga starannego doboru designerskich mebli biurowych. Nowoczesne, komfortowe biuro potrzebuje wysokiej jako\u015bci mebli i akcesori\u00f3w, aby dobrze wygl\u0105da\u0107 i czu\u0107 si\u0119 w nim dobrze.<\/p>\n<\/div><\/div><\/article><article class=\"et_pb_post et_pb_post_id_5704 clearfix et_pb_blog_item_0_7 post-5704 post type-post status-publish format-standard has-post-thumbnail hentry category-non-classe\"><a href=\"https:\/\/desk-full.fr\/pl\/jak-ozdobic-sciany-w-biurze-inspiracje-do-transformacji-twojego-miejsca-pracy\/\" class=\"entry-featured-image-url\"><img loading=\"lazy\" decoding=\"async\" src=\"https:\/\/desk-full.fr\/wp-content\/uploads\/2023\/03\/desk_full_couverture_article_de_blog_07.jpg\" width=\"800\" height=\"500\" alt=\"Zdj\u0119cie przedstawia wn\u0119trze eleganckiego, profesjonalnego biura. \u015aciany s\u0105 ciemnoszare. Na \u015bcianach wisz\u0105 stare portrety w ozdobnych ramach. O\u015bwietlenie podkre\u015bla dzie\u0142a sztuki.\" class=\"et_pb_post_main_image\" \/><span data-icon=\"\ue050\" class=\"et_overlay et_pb_inline_icon\"><\/span><\/a><h2 class=\"entry-title\"><a href=\"https:\/\/desk-full.fr\/pl\/jak-ozdobic-sciany-w-biurze-inspiracje-do-transformacji-twojego-miejsca-pracy\/\">Jak udekorowa\u0107 \u015bciany w biurze: inspiracje do przekszta\u0142cenia przestrzeni roboczej \ud83c\udfa8<\/a><\/h2><p class=\"post-meta\"><\/p><div class=\"post-content\"><div class=\"post-content-inner\"><p>Szukasz wskaz\u00f3wek, jak udekorowa\u0107 \u015bciany swojego biura? Nie szukaj dalej! Dzisiaj zbadamy, jak o\u017cywi\u0107 swoje biuro, dekoruj\u0105c jego \u015bciany, aby stworzy\u0107 inspiruj\u0105ce i produktywne \u015brodowisko pracy. Oto kilka pomys\u0142\u00f3w na dekoracj\u0119...<\/p>\n<\/div><\/div><\/article><article class=\"et_pb_post et_pb_post_id_5695 clearfix et_pb_blog_item_0_8 post-5695 post type-post status-publish format-standard has-post-thumbnail hentry category-non-classe\"><a href=\"https:\/\/desk-full.fr\/pl\/najlepsze-akcesoria-biurowe-do-zwiekszenia-produktywnosci\/\" class=\"entry-featured-image-url\"><img loading=\"lazy\" decoding=\"async\" src=\"https:\/\/desk-full.fr\/wp-content\/uploads\/2023\/03\/Couverture_article_de_blog_06.jpg\" width=\"800\" height=\"500\" alt=\"Obraz przedstawia biurko obok okna, na kt\u00f3rym znajduje si\u0119 szereg akcesori\u00f3w biurowych i materia\u0142\u00f3w eksploatacyjnych.\" class=\"et_pb_post_main_image\" \/><span data-icon=\"\ue050\" class=\"et_overlay et_pb_inline_icon\"><\/span><\/a><h2 class=\"entry-title\"><a href=\"https:\/\/desk-full.fr\/pl\/najlepsze-akcesoria-biurowe-do-zwiekszenia-produktywnosci\/\">Najlepsze akcesoria na biurko zwi\u0119kszaj\u0105ce produktywno\u015b\u0107 \ud83d\ude80<\/a><\/h2><p class=\"post-meta\"><\/p><div class=\"post-content\"><div class=\"post-content-inner\"><p>Niezale\u017cnie od tego, czy pracujesz w domu, czy w biurze, posiadanie dobrze zorganizowanego i funkcjonalnego miejsca pracy jest niezb\u0119dne do maksymalizacji produktywno\u015bci i wydajno\u015bci. Aby to osi\u0105gn\u0105\u0107, wa\u017cne jest, aby mie\u0107 odpowiednie akcesoria biurowe, kt\u00f3re pomog\u0105...<\/p>\n<\/div><\/div><\/article><\/div><div class=\"pagination clearfix\">\n\t<div class=\"alignleft\"><a href=\"https:\/\/desk-full.fr\/wp-json\/wp\/v2\/pages\/42\/page\/2\/?et_blog\" >&laquo; Starsze Wpisy<\/a><\/div>\n\t<div class=\"alignright\"><\/div>\n<\/div><\/div><\/div><\/div><\/div><\/div><div class=\"et_pb_section_2 et_pb_section et_section_regular et_block_section dle-ft-45\"><div class=\"et_pb_row_2 et_pb_row et_pb_equal_columns et_pb_gutters4 et_block_row\"><div class=\"et_pb_column_2 et_pb_column et_pb_column_4_4 et-last-child et_block_column et_pb_css_mix_blend_mode_passthrough\"><div class=\"et_pb_code_1 et_pb_code et_pb_module\"><div class=\"et_pb_code_inner\"><style>\n\n.dle-eol-20 .et_pb_newsletter_fields {\n  position: relative;\n}\n\n.dle-eol-20 .et_pb_newsletter_button_wrap {\n  position: absolute;\n  right: 0;\n  top: -4px;\n}\n  \n.dle-eol-20.et_pb_newsletter.et_pb_subscribe {\n\tflex-direction: column !important;    \n}\n  \n.dle-eol-20 .et_pb_newsletter_form {\n  padding-left: 0 !important;  \n}\n  \n<\/style><\/div><\/div><div class=\"et_pb_signup_0 et_pb_signup et_pb_newsletter et_pb_subscribe et_pb_newsletter_description_no_content et_pb_bg_layout_dark et_pb_module et_flex_module dle-eol-20\"><div class=\"et_pb_newsletter_description\"><h2 class=\"et_pb_module_header\">B\u0105d\u017a na bie\u017c\u0105co!<\/h2><\/div><div class=\"et_pb_newsletter_form\"><form method=\"post\" class=\"\" action=\"\"><div class=\"et_pb_newsletter_result et_pb_newsletter_error\"><\/div><div class=\"et_pb_newsletter_result et_pb_newsletter_success\"><h2>Subskrypcja zosta\u0142a pomy\u015blnie zako\u0144czona!<\/h2><\/div><div class=\"et_pb_newsletter_fields et_flex_module\"><p class=\"et_pb_newsletter_field et_pb_contact_field_last et_pb_contact_field_last_tablet et_pb_contact_field_last_phone\"><label class=\"et_pb_contact_form_label\" for=\"et_pb_signup_email\" style=\"display: none;\">E-mail<\/label><input class=\"input\" id=\"et_pb_signup_email\" type=\"text\" placeholder=\"E-mail\" name=\"et_pb_signup_email\" \/><\/p><p class=\"et_pb_newsletter_button_wrap\"><a class=\"et_pb_button et_pb_newsletter_button\" href=\"#\"><span class=\"et_subscribe_loader\"><\/span><span class=\"et_pb_newsletter_button_text\"> \u2192<\/span><\/a><\/p><\/div><input type=\"hidden\" name=\"et_pb_signup_provider\" value=\"mailchimp\" \/><input type=\"hidden\" name=\"et_pb_signup_list_id\" value=\"1ca485533d\" \/><input type=\"hidden\" name=\"et_pb_signup_account_name\" value=\"desk-fullfr\" \/><input type=\"hidden\" name=\"et_pb_signup_ip_address\" value=\"true\" \/><input type=\"hidden\" name=\"et_pb_signup_checksum\" value=\"80b8b990bfe2b78f8feeb7c25b4f0859\" \/><input type=\"hidden\" name=\"trp-form-language\" value=\"pl\"\/><\/form><\/div><\/div><div class=\"et_pb_text_1 et_pb_text et_pb_bg_layout_light et_pb_module et_flex_module preset--module--divi-text--default\"><div class=\"et_pb_text_inner\"><div class=\"et_pb_newsletter_description\">\n<h2 class=\"et_pb_module_header\" style=\"text-align: center;\">Zapisz si\u0119 do naszego newslettera, aby otrzymywa\u0107 najnowsze wiadomo\u015bci<\/h2>\n<\/div>\n<p>&nbsp;<\/p>\n<\/div><\/div><\/div><\/div><\/div>","protected":false},"excerpt":{"rendered":"","protected":false},"author":1,"featured_media":0,"parent":0,"menu_order":0,"comment_status":"closed","ping_status":"closed","template":"","meta":{"_seopress_robots_primary_cat":"","_seopress_titles_title":"Conseils et astuces pour organiser votre bureau \u2014 Notre blog","_seopress_titles_desc":"D\u00e9couvrez nos conseils et astuces pour optimiser votre espace de travail et am\u00e9liorer votre productivit\u00e9. Restez \u00e0 jour avec le blog Desk Full\u2009!","_seopress_robots_index":"","_seopress_analysis_target_kw":"conseils bureau,astuces productivit\u00e9,organisation espace travail,am\u00e9nagement t\u00e9l\u00e9travail,optimisation fournitures bureau,accessoires ergonomiques,papeterie \u00e9cologique,tendances d\u00e9coration bureau,blog Desk Full,id\u00e9es rangement bureau","footnotes":""},"class_list":["post-42","page","type-page","status-publish","hentry"],"_links":{"self":[{"href":"https:\/\/desk-full.fr\/pl\/wp-json\/wp\/v2\/pages\/42","targetHints":{"allow":["GET"]}}],"collection":[{"href":"https:\/\/desk-full.fr\/pl\/wp-json\/wp\/v2\/pages"}],"about":[{"href":"https:\/\/desk-full.fr\/pl\/wp-json\/wp\/v2\/types\/page"}],"author":[{"embeddable":true,"href":"https:\/\/desk-full.fr\/pl\/wp-json\/wp\/v2\/users\/1"}],"replies":[{"embeddable":true,"href":"https:\/\/desk-full.fr\/pl\/wp-json\/wp\/v2\/comments?post=42"}],"version-history":[{"count":0,"href":"https:\/\/desk-full.fr\/pl\/wp-json\/wp\/v2\/pages\/42\/revisions"}],"wp:attachment":[{"href":"https:\/\/desk-full.fr\/pl\/wp-json\/wp\/v2\/media?parent=42"}],"curies":[{"name":"wp","href":"https:\/\/api.w.org\/{rel}","templated":true}]}}