{"id":5934,"date":"2023-04-03T20:30:58","date_gmt":"2023-04-03T18:30:58","guid":{"rendered":"https:\/\/desk-full.fr\/?page_id=5934"},"modified":"2025-10-19T18:17:50","modified_gmt":"2025-10-19T16:17:50","slug":"regulamin","status":"publish","type":"page","link":"https:\/\/desk-full.fr\/pl\/regulamin\/","title":{"rendered":"Regulamin"},"content":{"rendered":"<div class=\"et_pb_section_0 et_pb_section et_section_regular et_block_section dipl_ct_dental_inner_hero_section\"><div class=\"et_pb_row_0 et_pb_row et_pb_equal_columns et_block_row\"><div class=\"et_pb_column_0 et_pb_column et_pb_column_4_4 et-last-child et_block_column et_pb_css_mix_blend_mode_passthrough\"><div class=\"et_pb_text_0 et_pb_text et_pb_bg_layout_light et_pb_module et_flex_module preset--module--divi-text--default\"><div class=\"et_pb_text_inner\"><p><h1>Regulamin<\/h1><\/p>\n<\/div><\/div><\/div><\/div><\/div><div class=\"et_pb_section_1 et_pb_section et_section_regular et_block_section\"><div class=\"et_pb_row_1 et_pb_row et_block_row\"><div class=\"et_pb_column_1 et_pb_column et_pb_column_4_4 et-last-child et_block_column et_pb_css_mix_blend_mode_passthrough\"><div class=\"et_pb_text_1 et_pb_text et_pb_bg_layout_light et_pb_module et_flex_module preset--module--divi-text--default\"><div class=\"et_pb_text_inner\"><h2>1. Postanowienia og\u00f3lne<\/h2>\n<p>Niniejszy regulamin (zwany dalej \u00abRegulaminem\u00bb) okre\u015bla zasady funkcjonowania sklepu internetowego \u00abDesk Full\u00bb, dzia\u0142aj\u0105cego pod adresem www.desk-full.fr (zwanego dalej \u00abSklepem\u00bb).<\/p>\n<p>Administratorem Sklepu jest osoba fizyczna (zwana dalej \u00abSprzedawc\u0105\u00bb).<\/p>\n<p>Celem niniejszego Regulaminu jest okre\u015blenie wzajemnych zobowi\u0105za\u0144 stron, tj. Sklepu oraz wszystkich u\u017cytkownik\u00f3w (zwanych dalej \u00abKlientami\u00bb) korzystaj\u0105cych z jego us\u0142ug, tj. dokonuj\u0105cych zakup\u00f3w, zak\u0142adaj\u0105cych konta oraz zapisuj\u0105cych si\u0119 do newslettera. Regulamin okre\u015bla r\u00f3wnie\u017c warunki, na jakich odbywaj\u0105 si\u0119 poszczeg\u00f3lne etapy sprzeda\u017cy i jej obs\u0142ugi, takie jak z\u0142o\u017cenie zam\u00f3wienia, dostawa i zwroty.<\/p>\n<p>Nale\u017cy r\u00f3wnie\u017c zauwa\u017cy\u0107, \u017ce niniejsze warunki mog\u0105 ulec zmianie. W zwi\u0105zku z tym obowi\u0105zuj\u0105cymi warunkami s\u0105 te dost\u0119ne na stronie w momencie zawarcia umowy.<\/p>\n<p>&nbsp;<\/p>\n<h2>2. Zasady korzystania z butiku<\/h2>\n<p>Sklep sprzedaje towary wy\u0142\u0105cznie za po\u015brednictwem swojej strony internetowej.<\/p>\n<p>Poza sprzeda\u017c\u0105 produkt\u00f3w w Sklepie, Sprzedawca oferuje r\u00f3wnie\u017c us\u0142ugi \u015bwiadczone drog\u0105 elektroniczn\u0105 w postaci prowadzenia Konta Klienta oraz przesy\u0142ania informacji drog\u0105 elektroniczn\u0105 (Newsletter).<\/p>\n<p>W ramach sprzeda\u017cy Sprzedawca zobowi\u0105zuje si\u0119 do dostarczenia produkt\u00f3w zgodnych z obowi\u0105zuj\u0105cymi normami i przepisami. Obowi\u0105zkiem Klienta jest upewnienie si\u0119, \u017ce produkty spe\u0142niaj\u0105 jego wymagania i \u017ce s\u0105 u\u017cywane zgodnie z instrukcjami producenta.<\/p>\n<p>Nale\u017cy zaznaczy\u0107, \u017ce Sklep dzia\u0142a na zasadzie odsprzeda\u017cy produkt\u00f3w z hurtowni partnerskich, oferuj\u0105c dodatkowo obs\u0142ug\u0119 zam\u00f3wie\u0144, zwrot\u00f3w i reklamacji.<\/p>\n<p>Wszystkie ceny produkt\u00f3w podane na stronie Sklepu zawieraj\u0105 podatek VAT.<\/p>\n<p>Wymagania techniczne: do korzystania ze Sklepu i dokonywania zakup\u00f3w niezb\u0119dne jest posiadanie przez Klienta dost\u0119pu do sieci Internet, standardowego systemu operacyjnego, standardowej przegl\u0105darki internetowej oraz aktywnego adresu e-mail.<\/p>\n<p>Klienci nie mog\u0105 pozostawa\u0107 anonimowi ani u\u017cywa\u0107 pseudonim\u00f3w podczas dokonywania zakup\u00f3w w Sklepie.<\/p>\n<p>Zabronione jest przesy\u0142anie nielegalnych tre\u015bci przez formularze dost\u0119pne w Sklepie oraz udost\u0119pnianie jakichkolwiek bezprawnych informacji za po\u015brednictwem Sklepu<\/p>\n<p>Zobowi\u0105zujemy si\u0119 do zapewnienia sprawnego dzia\u0142ania Sklepu, a w przypadku wyst\u0105pienia nieprawid\u0142owo\u015bci prosimy Klient\u00f3w o poinformowanie nas o tym.<\/p>\n<p>Wszelkie reklamacje zwi\u0105zane z dzia\u0142aniem Sklepu mo\u017cna zg\u0142asza\u0107 za po\u015brednictwem poczty elektronicznej na adres contact@desk-full.fr.<\/p>\n<p>&nbsp;<\/p>\n<h2>3. Sk\u0142adanie zam\u00f3wienia<\/h2>\n<p>Klienci mog\u0105 z\u0142o\u017cy\u0107 zam\u00f3wienie, loguj\u0105c si\u0119 na swoje konto lub jako go\u015b\u0107 za po\u015brednictwem strony internetowej www.desk-full.fr.<\/p>\n<p>W celu z\u0142o\u017cenia zam\u00f3wienia Klient wybiera z oferty Sklepu produkty, ich rozmiary i ilo\u015bci, a nast\u0119pnie dodaje je do koszyka.<\/p>\n<p>Klient ma prawo do wprowadzania zmian w zam\u00f3wieniu do momentu jego potwierdzenia poprzez klikni\u0119cie przycisku \"Przejd\u017a do kasy\".<\/p>\n<p>Po potwierdzeniu zam\u00f3wienia Klient musi poda\u0107 swoje dane kontaktowe (w przypadku Klient\u00f3w niezarejestrowanych), wybra\u0107 spos\u00f3b dostawy i metod\u0119 p\u0142atno\u015bci.<\/p>\n<p>W formularzu zam\u00f3wienia Klient zobowi\u0105zany jest do podania zgodnych z prawd\u0105 danych osobowych niezb\u0119dnych do realizacji zam\u00f3wienia, takich jak: imi\u0119 i nazwisko, adres, e-mail, numer telefonu (w celu u\u0142atwienia procesu dostawy). Sprzedawca nie ponosi odpowiedzialno\u015bci za podanie przez Klienta nieprawdziwych danych osobowych.<\/p>\n<p>Do zam\u00f3wienia mog\u0105 zosta\u0107 doliczone koszty wysy\u0142ki, kt\u00f3re zostan\u0105 wyra\u017anie wskazane w momencie sk\u0142adania zam\u00f3wienia.<\/p>\n<p>Po potwierdzeniu zam\u00f3wienia Klient klika przycisk \"Z\u0142\u00f3\u017c zam\u00f3wienie\". Czynno\u015b\u0107 ta jest r\u00f3wnoznaczna z zawarciem umowy sprzeda\u017cy, zgodnie z zasadami zawartymi w Regulaminie. Klienci niezarejestrowani musz\u0105 uprzednio zapozna\u0107 si\u0119 z tre\u015bci\u0105 Regulaminu oraz zaakceptowa\u0107 Og\u00f3lne Warunki Sprzeda\u017cy.<\/p>\n<p>Je\u015bli Klient wybierze p\u0142atno\u015b\u0107 online to zostaje on przeniesiony do bramki p\u0142atniczej obs\u0142ugiwanej przez zewn\u0119trznego operatora p\u0142atno\u015bci w celu dokonania p\u0142atno\u015bci za zam\u00f3wienie. Nast\u0119pnie wybiera najdogodniejsz\u0105 dla siebie form\u0119 p\u0142atno\u015bci i finalizuje zam\u00f3wienie.<\/p>\n<p>Je\u015bli klient wybra\u0142 p\u0142atno\u015b\u0107 przelewem bankowym, zostanie przekierowany na stron\u0119, na kt\u00f3rej otrzyma potwierdzenie zam\u00f3wienia i instrukcje dotycz\u0105ce sposobu dokonania p\u0142atno\u015bci po klikni\u0119ciu przycisku w celu sfinalizowania zam\u00f3wienia. P\u0142atno\u015bci za zam\u00f3wienie nale\u017cy dokona\u0107 jak najszybciej po jego z\u0142o\u017ceniu. Je\u015bli nale\u017cna kwota nie wp\u0142ynie na rachunek bankowy sprzedawcy w ci\u0105gu 5 dni roboczych od zawarcia umowy, zam\u00f3wienie zostanie anulowane. W przypadku jakichkolwiek w\u0105tpliwo\u015bci lub problem\u00f3w zwi\u0105zanych z p\u0142atno\u015bci\u0105 prosimy o kontakt mailowy na adres contact@desk-full.fr.<\/p>\n<p>Po z\u0142o\u017ceniu zam\u00f3wienia Klient otrzyma wiadomo\u015b\u0107 e-mail potwierdzaj\u0105c\u0105 przyj\u0119cie zam\u00f3wienia, co stanowi potwierdzenie zawarcia umowy sprzeda\u017cy.<\/p>\n<p>Zatwierdzaj\u0105c swoje zam\u00f3wienie na stronie, Klient o\u015bwiadcza, \u017ce przeczyta\u0142, zrozumia\u0142 i zaakceptowa\u0142 poni\u017csze Og\u00f3lne Warunki i Polityk\u0119 Prywatno\u015bci. Nale\u017cy zauwa\u017cy\u0107, \u017ce Sprzedawca nie jest producentem produkt\u00f3w, a jego wy\u0142\u0105czn\u0105 dzia\u0142alno\u015bci\u0105 jest odsprzeda\u017c i \u015bwiadczenie us\u0142ug w formie strony internetowej. W zwi\u0105zku z tym Sprzedawca jest zobowi\u0105zany do korzystania z us\u0142ug zewn\u0119trznych specjalist\u00f3w w zakresie produkcji, pakowania i konserwacji produkt\u00f3w, co Klient przyjmuje do wiadomo\u015bci i akceptuje.<\/p>\n<p>&nbsp;<\/p>\n<h2>4. Realizacja zam\u00f3wienia<\/h2>\n<p>Zam\u00f3wienie jest realizowane w ci\u0105gu maksymalnie 3 dni roboczych od z\u0142o\u017cenia zam\u00f3wienia przez klienta. Do tego czasu doliczany jest czas dostawy.<\/p>\n<p>&nbsp;<\/p>\n<h2>5. Dostawa<\/h2>\n<p>Zam\u00f3wione produkty zostan\u0105 dostarczone do Klienta na adres wskazany przy sk\u0142adaniu zam\u00f3wienia.<\/p>\n<p>Sprzedawca ma prawo zadecydowa\u0107 o podzieleniu zam\u00f3wienia na kilka osobnych przesy\u0142ek bez ponoszenia dodatkowych koszt\u00f3w przez Klienta.<\/p>\n<p>Dok\u0142adamy wszelkich stara\u0144, aby zam\u00f3wione produkty dotar\u0142y do klienta jak najszybciej, jednak nie p\u00f3\u017aniej ni\u017c w ci\u0105gu 21 dni roboczych od daty potwierdzenia zam\u00f3wienia. Pragniemy zaznaczy\u0107, \u017ce sprzedawca nie ponosi odpowiedzialno\u015bci za op\u00f3\u017anienia w dostawie spowodowane czynnikami od niego niezale\u017cnymi, takimi jak warunki pogodowe, problemy logistyczne lub zak\u0142\u00f3cenia w transporcie.<\/p>\n<p>W trosce o zadowolenie naszych klient\u00f3w informujemy, \u017ce w przypadku niedost\u0119pno\u015bci okre\u015blonych produkt\u00f3w w zam\u00f3wieniu, niezw\u0142ocznie poinformujemy klienta o statusie jego zam\u00f3wienia.<\/p>\n<p>W takiej sytuacji klient b\u0119dzie m\u00f3g\u0142 zdecydowa\u0107 o sposobie realizacji zam\u00f3wienia. Oferujemy trzy opcje:<\/p>\n<ol>\n<li>a) Cz\u0119\u015bciowa realizacja zam\u00f3wienia, w ramach kt\u00f3rej dost\u0119pne produkty zostan\u0105 wys\u0142ane, a niedost\u0119pne produkty zostan\u0105 wy\u0142\u0105czone z zam\u00f3wienia. W takim przypadku wcze\u015bniej wp\u0142acona kwota zostanie zaliczona na poczet p\u0142atno\u015bci za dost\u0119pne produkty, a pozosta\u0142a nadwy\u017cka zostanie automatycznie zwr\u00f3cona w ci\u0105gu 14 dni od otrzymania wiadomo\u015bci e-mail informuj\u0105cej klienta o decyzji.<\/li>\n<li>b) Wyd\u0142u\u017cenie okresu oczekiwania do momentu, gdy wszystkie produkty b\u0119d\u0105 dost\u0119pne i kompletne zam\u00f3wienie zostanie wys\u0142ane.<\/li>\n<li>Anulowanie ca\u0142ego zam\u00f3wienia i zwrot pe\u0142nej kwoty.<\/li>\n<\/ol>\n<p>Zwracamy uwag\u0119, \u017ce w przypadku wyst\u0105pienia okoliczno\u015bci uniemo\u017cliwiaj\u0105cych realizacj\u0119 z\u0142o\u017conego zam\u00f3wienia, Sprzedawca zastrzega sobie prawo do wstrzymania realizacji zam\u00f3wienia i zwrotu Klientowi ca\u0142o\u015bci kwoty wraz z kosztami wysy\u0142ki w terminie 14 dni.<\/p>\n<p>D\u0105\u017cymy do ca\u0142kowitej przejrzysto\u015bci i elastyczno\u015bci w procesie realizacji zam\u00f3wie\u0144, aby zagwarantowa\u0107 naszym klientom najwy\u017csz\u0105 jako\u015b\u0107 us\u0142ug. Dzi\u0119kujemy za zaufanie i wyb\u00f3r naszego sklepu!<\/p>\n<p>&nbsp;<\/p>\n<h2>6. Zwroty<\/h2>\n<p>Klienci, kt\u00f3rzy otrzymali zakupiony towar maj\u0105 prawo odst\u0105pi\u0107 od zawartej umowy wysy\u0142aj\u0105c stosowne o\u015bwiadczenie drog\u0105 elektroniczn\u0105 na adres contact@desk-full.fr w terminie 14 dni od daty otrzymania przesy\u0142ki.<\/p>\n<p>Zwracany towar nale\u017cy odes\u0142a\u0107 w terminie 14 dni od dnia z\u0142o\u017cenia o\u015bwiadczenia o odst\u0105pieniu od umowy na adres wskazany przez sprzedawc\u0119. Klient musi ponie\u015b\u0107 bezpo\u015brednie koszty zwrotu towaru, chyba \u017ce sklep wcze\u015bniej zaoferowa\u0142 zwrot towaru na sw\u00f3j koszt.<\/p>\n<p>Zwrotowi towar\u00f3w musi towarzyszy\u0107 formularz odst\u0105pienia od umowy w celu u\u0142atwienia procesu zwrotu i identyfikacji klienta.<\/p>\n<p>Zwracane towary musz\u0105 zosta\u0107 odes\u0142ane do sprzedawcy w stanie, w jakim klient je otrzyma\u0142, tj. nie mog\u0105 nosi\u0107 \u015blad\u00f3w u\u017cytkowania, nie mog\u0105 by\u0107 uszkodzone i musz\u0105 znajdowa\u0107 si\u0119 w oryginalnym opakowaniu, aby nie zosta\u0142y uszkodzone podczas transportu.<\/p>\n<p>W przypadku skutecznego odst\u0105pienia od umowy Sklep zobowi\u0105zuje si\u0119 do zwrotu kwoty zap\u0142aconej przez Klienta za zakupiony towar, przy u\u017cyciu takiego samego sposobu zap\u0142aty, jakiego u\u017cy\u0142 Klient przy pierwotnej transakcji. Zwrot nast\u0105pi niezw\u0142ocznie, nie p\u00f3\u017aniej jednak ni\u017c w terminie 14 dni od dnia otrzymania o\u015bwiadczenia o odst\u0105pieniu od umowy.<\/p>\n<p>&nbsp;<\/p>\n<h2>7. Reklamacje<\/h2>\n<p>Produkty oferowane w Sklepie s\u0105 fabrycznie nowe.<\/p>\n<p>Sklep ponosi odpowiedzialno\u015b\u0107 za niezgodno\u015b\u0107 zakupionego Towaru z umow\u0105 w rozumieniu obowi\u0105zuj\u0105cych przepis\u00f3w dotycz\u0105cych sprzeda\u017cy konsumenckiej.<\/p>\n<p>W przypadku stwierdzenia wady produktu, Klient powinien niezw\u0142ocznie zg\u0142osi\u0107 reklamacj\u0119 pisemnie lub mailowo, podaj\u0105c dane osobowe, adres korespondencyjny, numer zam\u00f3wienia oraz szczeg\u00f3\u0142owy opis wady.<\/p>\n<p>Do reklamowanego produktu klient musi do\u0142\u0105czy\u0107 dow\u00f3d zakupu i inne dokumenty potwierdzaj\u0105ce zakup towaru.<\/p>\n<p>Sklep zobowi\u0105zuje si\u0119 do rozpatrzenia reklamacji w terminie 14 dni od jej otrzymania, informuj\u0105c Klienta o sposobie rozpatrzenia reklamacji.<\/p>\n<p>W przypadku pozytywnego rozpatrzenia reklamacji, Sklep dokona wymiany produktu na wolny od wad lub przeprowadzi napraw\u0119 produktu w rozs\u0105dnym terminie.<\/p>\n<p>Je\u015bli wymiana lub naprawa produktu jest niemo\u017cliwa lub wi\u0105za\u0142aby si\u0119 z nadmiernymi kosztami, Sklep zaoferuje Klientowi obni\u017cenie ceny towaru lub odst\u0105pienie od umowy i zwrot koszt\u00f3w.<\/p>\n<p>Klient zostanie niezw\u0142ocznie poinformowany o wyniku rozpatrzenia reklamacji.<\/p>\n<p>Klient zostanie niezw\u0142ocznie poinformowany o wyniku reklamacji.<\/p>\n<p>&nbsp;<\/p>\n<h2>8. Konto klienta<\/h2>\n<p>W ramach sklepu \u015bwiadczymy us\u0142ugi umo\u017cliwiaj\u0105ce klientom sk\u0142adanie zam\u00f3wie\u0144, tworzenie konta u\u0142atwiaj\u0105cego sk\u0142adanie zam\u00f3wie\u0144 oraz oferowanie mo\u017cliwo\u015bci zapisania si\u0119 do naszego newslettera.<\/p>\n<p>W przypadku, gdy Klient zdecyduje si\u0119 na za\u0142o\u017cenie Konta, \u015bwiadczymy dodatkow\u0105 us\u0142ug\u0119 polegaj\u0105c\u0105 na bezp\u0142atnym prowadzeniu i zarz\u0105dzaniu Kontem. W celu u\u0142atwienia Klientowi dokonywania kolejnych zakup\u00f3w, na Koncie tym przechowywane s\u0105 dane Klienta oraz historia z\u0142o\u017conych przez niego zam\u00f3wie\u0144. Po\u0142\u0105czenie z Kontem nast\u0119puje przy u\u017cyciu adresu e-mail Klienta oraz wybranego przez niego has\u0142a.<\/p>\n<p>Klient ma mo\u017cliwo\u015b\u0107 usuni\u0119cia swojego konta z poziomu panelu zarz\u0105dzania kontem lub wysy\u0142aj\u0105c maila na adres contact@desk-full.fr.<\/p>\n<p>Usuni\u0119cie konta nie poci\u0105ga za sob\u0105 usuni\u0119cia danych dotycz\u0105cych poprzednich zam\u00f3wie\u0144, kt\u00f3re sprzedawca mo\u017ce przechowywa\u0107 przez czas dzia\u0142ania sklepu, chyba \u017ce klient sprzeciwi si\u0119 przechowywaniu tych informacji, a sprzedawca nie ma nadrz\u0119dnego interesu w ich przechowywaniu.<\/p>\n<p>&nbsp;<\/p>\n<h2>9. Newsletter<\/h2>\n<p>Staramy si\u0119 na bie\u017c\u0105co informowa\u0107 naszych klient\u00f3w o nowo\u015bciach i promocjach pojawiaj\u0105cych si\u0119 w sklepie. Zainteresowanych klient\u00f3w zapraszamy zatem do zapisania si\u0119 do naszego Newslettera - bezp\u0142atnej us\u0142ugi \u015bwiadczonej drog\u0105 elektroniczn\u0105, polegaj\u0105cej na wysy\u0142aniu wiadomo\u015bci e-mail zawieraj\u0105cych informacje o nowo\u015bciach, promocjach i produktach oferowanych przez nasz sklep.<\/p>\n<p>Subskrypcja newslettera jest ca\u0142kowicie dobrowolna i odbywa si\u0119 poprzez wype\u0142nienie formularza na stronie sklepu. Mo\u017cliwe jest r\u00f3wnie\u017c zapisanie si\u0119 poprzez zaznaczenie odpowiedniego pola podczas sk\u0142adania zam\u00f3wienia.<\/p>\n<p>Klient mo\u017ce zrezygnowa\u0107 z subskrypcji Newslettera klikaj\u0105c przycisk \"wypisz si\u0119\" znajduj\u0105cy si\u0119 na dole wiadomo\u015bci e-mail lub wysy\u0142aj\u0105c takie \u017c\u0105danie poczt\u0105 elektroniczn\u0105 na adres Sprzedawcy.<\/p>\n<h2>\u00a0<\/h2>\n<h2>10. Przetwarzanie danych osobowych<\/h2>\n<p>Szczeg\u00f3\u0142y dotycz\u0105ce przetwarzania danych osobowych mo\u017cna znale\u017a\u0107 w zak\u0142adce \"Polityka prywatno\u015bci\".<\/p>\n<p>&nbsp;<\/p>\n<h2>11. Zmiana regulaminu<\/h2>\n<p>Aktualn\u0105 wersj\u0119 og\u00f3lnych warunk\u00f3w mo\u017cna znale\u017a\u0107 na stronie https:\/\/desk-full.fr\/conditions-generales-de-vente\/.<\/p>\n<p>Sprzedawca zastrzega sobie prawo do dokonywania zmian w regulaminie.<\/p>\n<p>Sprzedawca jest zobowi\u0105zany do informowania klient\u00f3w posiadaj\u0105cych konto poczt\u0105 elektroniczn\u0105 o wszelkich zmianach w og\u00f3lnych warunkach.<\/p>\n<h2>\u00a0<\/h2>\n<h2>12. W\u0142asno\u015b\u0107 intelektualna Sprzedawcy<\/h2>\n<p>Zabrania si\u0119 kopiowania w\u0142asno\u015bci intelektualnej Sprzedawcy bez jego zgody.<\/p>\n<p>Wszystkie elementy sk\u0142adaj\u0105ce si\u0119 na sklep, w tym mi\u0119dzy innymi: nazwa, logo, grafika, zdj\u0119cia, teksty, dokumenty okre\u015blaj\u0105ce og\u00f3lne warunki sklepu oraz bazy danych, podlegaj\u0105 ochronie prawnej.<\/p>\n<h2>\u00a0<\/h2>\n<h2>13. Postanowienia ko\u0144cowe<\/h2>\n<p>Powy\u017cszy Regulamin obowi\u0105zuje od 26.07.2023 r.<\/p>\n<\/div><\/div><\/div><\/div><\/div>","protected":false},"excerpt":{"rendered":"","protected":false},"author":1,"featured_media":0,"parent":0,"menu_order":0,"comment_status":"closed","ping_status":"closed","template":"","meta":{"_seopress_robots_primary_cat":"","_seopress_titles_title":"","_seopress_titles_desc":"","_seopress_robots_index":"yes","_seopress_analysis_target_kw":"","footnotes":""},"class_list":["post-5934","page","type-page","status-publish","hentry"],"_links":{"self":[{"href":"https:\/\/desk-full.fr\/pl\/wp-json\/wp\/v2\/pages\/5934","targetHints":{"allow":["GET"]}}],"collection":[{"href":"https:\/\/desk-full.fr\/pl\/wp-json\/wp\/v2\/pages"}],"about":[{"href":"https:\/\/desk-full.fr\/pl\/wp-json\/wp\/v2\/types\/page"}],"author":[{"embeddable":true,"href":"https:\/\/desk-full.fr\/pl\/wp-json\/wp\/v2\/users\/1"}],"replies":[{"embeddable":true,"href":"https:\/\/desk-full.fr\/pl\/wp-json\/wp\/v2\/comments?post=5934"}],"version-history":[{"count":0,"href":"https:\/\/desk-full.fr\/pl\/wp-json\/wp\/v2\/pages\/5934\/revisions"}],"wp:attachment":[{"href":"https:\/\/desk-full.fr\/pl\/wp-json\/wp\/v2\/media?parent=5934"}],"curies":[{"name":"wp","href":"https:\/\/api.w.org\/{rel}","templated":true}]}}