{"id":130,"date":"2023-02-16T16:20:21","date_gmt":"2023-02-16T15:20:21","guid":{"rendered":"https:\/\/desk-full.fr\/?post_type=product&#038;p=130"},"modified":"2023-02-17T16:59:55","modified_gmt":"2023-02-17T15:59:55","slug":"male-skladane-pudelko-do-przechowywania","status":"publish","type":"product","link":"https:\/\/desk-full.fr\/pl\/produkt\/male-skladane-pudelko-do-przechowywania\/","title":{"rendered":"Sk\u0142adany koszyk - praktyczny pojemnik na biurko"},"content":{"rendered":"<h2>Ma\u0142y sk\u0142adany kosz, idealny spos\u00f3b na reorganizacj\u0119 biurka.<\/h2>\n<p>Masz do\u015b\u0107 grzebania w nieuporz\u0105dkowanych szufladach i p\u00f3\u0142kach w poszukiwaniu ulubionych pami\u0119tnik\u00f3w? Masz problem ze znalezieniem idealnego rozwi\u0105zania do przechowywania wszystkich niezb\u0119dnych rzeczy do pracy, takich jak koperty, d\u0142ugopisy lub markery? Jeste\u015bmy tutaj, aby uratowa\u0107 ten dzie\u0144! Idealne po\u0142\u0105czenie wygody i jako\u015bci, ten koszyk sprawia, \u017ce wszystkie obowi\u0105zki zwi\u0105zane z przechowywaniem s\u0105 dziecinnie proste. Wytrzyma\u0142a, ale lekka konstrukcja zapewnia, \u017ce pomie\u015bci wszystko, czego dusza zapragnie. Niezale\u017cnie od tego, czy chodzi o linijki, no\u017cyczki, notatniki czy zszywacze, nasze pude\u0142ko z pewno\u015bci\u0105 spe\u0142ni Twoje oczekiwania. Kup je ju\u017c dzi\u015b i spraw, by przechowywanie i organizacja by\u0142y \u0142atwiejsze ni\u017c kiedykolwiek!<\/p>\n<h2>Pude\u0142ka do przechowywania: ma\u0142e, ale praktyczne<\/h2>\n<p>Przechowywanie jest istotn\u0105 cz\u0119\u015bci\u0105 ka\u017cdego biura lub pracy artystycznej. Wa\u017cne jest, aby mie\u0107 odpowiednie rozwi\u0105zania do przechowywania, aby utrzyma\u0107 przestrze\u0144 robocz\u0105 zorganizowan\u0105 i woln\u0105 od ba\u0142aganu. Kosze do przechowywania, pude\u0142ka i pojemniki s\u0105 idealne do utrzymywania porz\u0105dku i \u0142atwego znajdowania przedmiot\u00f3w. Nie tylko oferuj\u0105 przydatne rozwi\u0105zania do sortowania wszelkiego rodzaju przedmiot\u00f3w, ale mog\u0105 by\u0107 r\u00f3wnie\u017c dekoracyjne i doda\u0107 odrobin\u0119 osobowo\u015bci do ka\u017cdego pomieszczenia. Niezale\u017cnie od tego, czy potrzebujesz kosza z pokryw\u0105, czy bez, dost\u0119pnych jest wiele opcji, kt\u00f3re pomog\u0105 Ci przechowywa\u0107 przedmioty w dobrym stylu, jednocze\u015bnie utrzymuj\u0105c je w czysto\u015bci i porz\u0105dku. Dzi\u0119ki odpowiednim rozwi\u0105zaniom do przechowywania mo\u017cna przekszta\u0142ci\u0107 ka\u017cd\u0105 sypialni\u0119 lub warsztat w zorganizowane miejsce, kt\u00f3re jest zar\u00f3wno funkcjonalne, jak i estetyczne.<\/p>\n<h3>Pude\u0142ka do przechowywania: tylko do biura?<\/h3>\n<p>Pojemnik do przechowywania to niezast\u0105pione rozwi\u0105zanie nie tylko do szafki na artyku\u0142y papiernicze. Jest r\u00f3wnie przydatny do sortowania zabawek dzieci\u0119cych, reorganizacji produkt\u00f3w w szafce na pranie, a nawet tworzenia dodatkowej przestrzeni do przechowywania w kuchni, \u0142azience lub gara\u017cu. To pude\u0142ko oferuje r\u00f3\u017cnorodne rozwi\u0105zania do przechowywania przedmiot\u00f3w i ochrony ich przed zadrapaniami i kurzem. Dzi\u0119ki temu funkcjonalnemu narz\u0119dziu mo\u017cesz w mgnieniu oka stworzy\u0107 czyste, dobrze zorganizowane \u015brodowisko pracy i \u017cycia.<\/p>\n<h3>Cechy szczeg\u00f3\u0142owe :<\/h3>\n<p>To pude\u0142ko do przechowywania jest idealnym sposobem na utrzymanie porz\u0105dku w papeterii i akcesoriach biurowych. Dost\u0119pny w wielu kolorach produkt jest wykonany z tworzywa sztucznego i ma wymiary 9,8 cm x 5,7 cm x 15 cm.<\/p>\n<p>&nbsp;<\/p>","protected":false},"excerpt":{"rendered":"<p>Nadal szukasz dodatkowego miejsca do przechowywania d\u0142ugopis\u00f3w, papier\u00f3w lub wizyt\u00f3wek? Nie szukaj dalej - nasze pude\u0142ko do przechowywania jest dok\u0142adnie tym, czego szuka\u0142e\u015b! Praktyczne i urocze, jest tym, czego potrzebuje biurko ka\u017cdego studenta lub artysty. Unikalna konstrukcja pozwala temu dekoracyjnemu pude\u0142ku z\u0142o\u017cy\u0107 si\u0119 na p\u0142asko, gdy nie jest u\u017cywane, dzi\u0119ki czemu idealnie nadaje si\u0119 do ma\u0142ych obszar\u00f3w, kt\u00f3re wymagaj\u0105 maksymalnej organizacji. Nasza sk\u0142adana konstrukcja u\u0142atwia r\u00f3wnie\u017c transport, dzi\u0119ki czemu nie musisz si\u0119 martwi\u0107, \u017ce co\u015b niepor\u0119cznego zajmie miejsce w samochodzie lub domu. Z \u0142atwo\u015bci\u0105 pomie\u015bci wszystkie uporz\u0105dkowane przedmioty biurowe. Trzymaj wszystko w jednym miejscu i u\u0142atw sobie \u017cycie!<\/p>","protected":false},"featured_media":133,"comment_status":"open","ping_status":"closed","template":"","meta":{"_seopress_robots_primary_cat":"none","_seopress_titles_title":"Bo\u00eete de rangement - petit panier pliable","_seopress_titles_desc":"D\u00e9couvrez notre bo\u00eete de rangement d\u00e9corative. Ce petit panier pliable rendra l&#039;organisation de votre espace de travail encore plus facile et agr\u00e9able.","_seopress_robots_index":"","_seopress_analysis_target_kw":"bo\u00eete de rangement,panier,pliable,bureau,organisation"},"product_brand":[],"product_cat":[56,57,54],"product_tag":[],"class_list":{"0":"post-130","1":"product","2":"type-product","3":"status-publish","4":"has-post-thumbnail","6":"product_cat-boites-decoratives","7":"product_cat-boites-pour-stylos-et-accessoires-de-bureau","8":"product_cat-rangement-et-organisation","10":"first","11":"instock","12":"featured","13":"shipping-taxable","14":"purchasable","15":"product-type-variable"},"_links":{"self":[{"href":"https:\/\/desk-full.fr\/pl\/wp-json\/wp\/v2\/product\/130","targetHints":{"allow":["GET"]}}],"collection":[{"href":"https:\/\/desk-full.fr\/pl\/wp-json\/wp\/v2\/product"}],"about":[{"href":"https:\/\/desk-full.fr\/pl\/wp-json\/wp\/v2\/types\/product"}],"replies":[{"embeddable":true,"href":"https:\/\/desk-full.fr\/pl\/wp-json\/wp\/v2\/comments?post=130"}],"wp:featuredmedia":[{"embeddable":true,"href":"https:\/\/desk-full.fr\/pl\/wp-json\/wp\/v2\/media\/133"}],"wp:attachment":[{"href":"https:\/\/desk-full.fr\/pl\/wp-json\/wp\/v2\/media?parent=130"}],"wp:term":[{"taxonomy":"product_brand","embeddable":true,"href":"https:\/\/desk-full.fr\/pl\/wp-json\/wp\/v2\/product_brand?post=130"},{"taxonomy":"product_cat","embeddable":true,"href":"https:\/\/desk-full.fr\/pl\/wp-json\/wp\/v2\/product_cat?post=130"},{"taxonomy":"product_tag","embeddable":true,"href":"https:\/\/desk-full.fr\/pl\/wp-json\/wp\/v2\/product_tag?post=130"}],"curies":[{"name":"wp","href":"https:\/\/api.w.org\/{rel}","templated":true}]}}