{"id":181,"date":"2023-02-16T16:27:10","date_gmt":"2023-02-16T15:27:10","guid":{"rendered":"https:\/\/desk-full.fr\/?post_type=product&#038;p=181"},"modified":"2023-02-16T16:27:10","modified_gmt":"2023-02-16T15:27:10","slug":"naklejki-dekoracje-motyw-wiosna","status":"publish","type":"product","link":"https:\/\/desk-full.fr\/pl\/produkt\/naklejki-dekoracje-motyw-wiosna\/","title":{"rendered":"Naklejki dekoracyjne - wiosenny motyw"},"content":{"rendered":"<h2>Spersonalizuj wszystkie swoje niezb\u0119dne rzeczy za pomoc\u0105 naszych naklejek!<\/h2>\n<p>Dzi\u0119ki r\u00f3\u017cnorodno\u015bci \u015bwie\u017cych, wiosennych kolor\u00f3w i \u017cywych nadruk\u00f3w, nasze naklejki dodadz\u0105 wyj\u0105tkowego charakteru Twojemu domowi i ulubionym rzeczom. To zabawny i niedrogi spos\u00f3b na spersonalizowanie obudowy telefonu, klawiatury, a nawet odr\u0119cznych notatek, aby nada\u0107 im wyj\u0105tkowy i osobisty charakter. Dzi\u0119ki wysokiej jako\u015bci pow\u0142oce samoprzylepnej s\u0105 one r\u00f3wnie\u017c idealne do stosowania na butelkach wielokrotnego u\u017cytku lub po prostu na biurku.<\/p>\n<h3>Inspiracja przez ca\u0142y dzie\u0144<\/h3>\n<p>Naklejki to tak\u017ce \u015bwietny spos\u00f3b na otaczanie si\u0119 inspiruj\u0105cymi cytatami. Mo\u017cna znale\u017a\u0107 naklejki z frazami i s\u0142owami, kt\u00f3re zach\u0119caj\u0105 i motywuj\u0105 do realizacji cel\u00f3w. Mog\u0105 one wyra\u017ca\u0107 tw\u00f3j nastr\u00f3j i stanowi\u0107 eleganck\u0105 dekoracj\u0119 - od ciebie zale\u017cy wyb\u00f3r kolor\u00f3w, styl\u00f3w lub cytat\u00f3w, kt\u00f3rymi chcesz si\u0119 otacza\u0107. Wybierz wi\u0119c etykiet\u0119, kt\u00f3ra najbardziej Ci odpowiada i niech towarzyszy Ci przez ca\u0142y dzie\u0144. B\u0119dzie ci przypomina\u0107 o tym, co ci\u0119 kr\u0119ci, na przyk\u0142ad za ka\u017cdym razem, gdy wyjmiesz telefon z kieszeni.<\/p>\n<h3>Rozwi\u0105zanie, kt\u00f3re zmienia si\u0119 wraz z u\u017cytkownikiem<\/h3>\n<p>To, co sprawia, \u017ce naklejki s\u0105 najlepszym rozwi\u0105zaniem dla tych, kt\u00f3rzy s\u0105 kreatywni i ci\u0105gle w ruchu, to fakt, \u017ce mo\u017cna je r\u00f3wnie\u017c usun\u0105\u0107 i zmieni\u0107 w dowolnym momencie. Naklejki s\u0105 \u0142atwe w aplikacji i mo\u017cna je usun\u0105\u0107 bez pozostawiania zbyt du\u017cej ilo\u015bci lepkich pozosta\u0142o\u015bci. S\u0105 idealne do dodania stylu do domu, czy to na \u015bcianie, czy na meblu. Mog\u0105 by\u0107 stosowane na czystych, nieporowatych powierzchniach, takich jak szk\u0142o, g\u0142adkie \u015bciany lub polerowane drewno. Mo\u017cesz tworzy\u0107 niesko\u0144czone kombinacje, dodaj\u0105c kilka element\u00f3w, aby uzyska\u0107 indywidualny wygl\u0105d, kt\u00f3ry odzwierciedla Tw\u00f3j niepowtarzalny styl! U\u017cyj swojej wyobra\u017ani i udekoruj swoj\u0105 codzienno\u015b\u0107!<\/p>\n<h2>Jakie mo\u017cliwo\u015bci dekoracyjne oferuj\u0105 naklejki?<\/h2>\n<p>Nasza gama naklejek oferuje szerok\u0105 gam\u0119 wzor\u00f3w i kolor\u00f3w, kt\u00f3re pomog\u0105 spersonalizowa\u0107 miejsce pracy. Dzi\u0119ki takiemu zestawowi dekoracyjnemu mo\u017cesz szybko i \u0142atwo doda\u0107 niepowtarzalny i oryginalny akcent do swojego komputera, notebooka lub biurka. U\u017cyj ich, aby stworzy\u0107 radosn\u0105, kolorow\u0105 atmosfer\u0119 w swojej osobistej lub zawodowej przestrzeni. Naklejki te oferuj\u0105 proste, ale skuteczne rozwi\u0105zanie dodaj\u0105ce stylu wn\u0119trzu, a wszystko to bez konieczno\u015bci wykonywania skomplikowanych lub kosztownych prac. Daj upust swojej wyobra\u017ani, \u0142\u0105cz\u0105c r\u00f3\u017cne kolory i kszta\u0142ty, aby ka\u017cde pomieszczenie w pe\u0142ni odzwierciedla\u0142o Tw\u00f3j osobisty gust. Dzi\u0119ki tym praktycznym naklejkom udekorowanie domu tak, jak chcesz, nigdy nie by\u0142o \u0142atwiejsze!<\/p>\n<h3>Dodatkowe informacje na temat naklejek samoprzylepnych :<\/h3>\n<p>Zam\u00f3wienie obejmuje zestaw 25 wodoodpornych i odpornych na dzia\u0142anie promieni s\u0142onecznych naklejek o wymiarach 7 cm x 5 cm. Wszystkie naklejki s\u0105 unikatowe i nie powtarzaj\u0105 si\u0119 w opakowaniu. Wi\u0119cej informacji na temat dostawy mo\u017cna znale\u017a\u0107 w naszych warunkach.<br \/>\nDodaj odrobin\u0119 \u015bwie\u017co\u015bci do swojego codziennego \u017cycia tej wiosny dzi\u0119ki naszym modnym naklejkom!<\/p>","protected":false},"excerpt":{"rendered":"<p>Nadaj swojemu miejscu pracy odrobin\u0119 koloru i kreatywno\u015bci dzi\u0119ki naszym naklejkom z motywami kwiatowymi, modnymi grafikami i inspiruj\u0105cymi cytatami. S\u0105 one idealne do dekoracji biurka, personalizacji laptopa lub ulubionego notatnika. Uwolnij swoj\u0105 kreatywno\u015b\u0107 dzi\u0119ki jasnym kolorom i r\u00f3\u017cnorodnym wzorom i udekoruj swoje miejsce pracy tymi swobodnymi naklejkami.<\/p>\n<p>&nbsp;<\/p>","protected":false},"featured_media":184,"comment_status":"open","ping_status":"closed","template":"","meta":{"_seopress_robots_primary_cat":"none","_seopress_titles_title":"Lot de stickers autocollants, d\u00e9coration adh\u00e9sive et cr\u00e9ative !","_seopress_titles_desc":"Ensemble de 25 stickers autocollants - motif printemps. Ajoutez une touche de couleur et personnalisez votre espace de travail, chambre ou vos objets pr\u00e9f\u00e9r\u00e9s !","_seopress_robots_index":"","_seopress_analysis_target_kw":"sticker,autocollant,printemps,adhesif,stickers,autocollants,d\u00e9coration"},"product_brand":[],"product_cat":[60,64],"product_tag":[],"class_list":{"0":"post-181","1":"product","2":"type-product","3":"status-publish","4":"has-post-thumbnail","6":"product_cat-papeterie","7":"product_cat-stickers-et-autocollants","9":"first","10":"instock","11":"shipping-taxable","12":"purchasable","13":"product-type-simple"},"_links":{"self":[{"href":"https:\/\/desk-full.fr\/pl\/wp-json\/wp\/v2\/product\/181","targetHints":{"allow":["GET"]}}],"collection":[{"href":"https:\/\/desk-full.fr\/pl\/wp-json\/wp\/v2\/product"}],"about":[{"href":"https:\/\/desk-full.fr\/pl\/wp-json\/wp\/v2\/types\/product"}],"replies":[{"embeddable":true,"href":"https:\/\/desk-full.fr\/pl\/wp-json\/wp\/v2\/comments?post=181"}],"wp:featuredmedia":[{"embeddable":true,"href":"https:\/\/desk-full.fr\/pl\/wp-json\/wp\/v2\/media\/184"}],"wp:attachment":[{"href":"https:\/\/desk-full.fr\/pl\/wp-json\/wp\/v2\/media?parent=181"}],"wp:term":[{"taxonomy":"product_brand","embeddable":true,"href":"https:\/\/desk-full.fr\/pl\/wp-json\/wp\/v2\/product_brand?post=181"},{"taxonomy":"product_cat","embeddable":true,"href":"https:\/\/desk-full.fr\/pl\/wp-json\/wp\/v2\/product_cat?post=181"},{"taxonomy":"product_tag","embeddable":true,"href":"https:\/\/desk-full.fr\/pl\/wp-json\/wp\/v2\/product_tag?post=181"}],"curies":[{"name":"wp","href":"https:\/\/api.w.org\/{rel}","templated":true}]}}