{"id":274,"date":"2023-01-31T22:59:22","date_gmt":"2023-01-31T21:59:22","guid":{"rendered":"https:\/\/desk-full.fr\/?post_type=product&#038;p=274"},"modified":"2023-02-01T00:13:44","modified_gmt":"2023-01-31T23:13:44","slug":"wytrzymaly-plecak-na-laptopa","status":"publish","type":"product","link":"https:\/\/desk-full.fr\/pl\/produkt\/wytrzymaly-plecak-na-laptopa\/","title":{"rendered":"Wytrzyma\u0142y i ponadczasowy plecak na laptopa"},"content":{"rendered":"<h2>Wytrzyma\u0142y plecak na ka\u017cd\u0105 misj\u0119<\/h2>\n<p><span data-offset-key=\"8kh4-771-0\">Nasz produkt to idealne rozwi\u0105zanie dla os\u00f3b poszukuj\u0105cych trwa\u0142ego i bezpiecznego produktu. Wykonany z wytrzyma\u0142ych materia\u0142\u00f3w plecak doskonale sprawdzi si\u0119 zar\u00f3wno w podr\u00f3\u017cy, jak i w codziennej pracy. Nowoczesna konstrukcja zapewnia dodatkow\u0105 ochron\u0119 przed kradzie\u017c\u0105, a wodoodporno\u015b\u0107 zapewnia bezpieczne u\u017cytkowanie nawet w trudnych warunkach pogodowych. Ten plecak ma r\u00f3wnie\u017c ergonomiczn\u0105 konstrukcj\u0119, kt\u00f3ra u\u0142atwia przenoszenie laptopa bez uszczerbku dla jego wytrzyma\u0142o\u015bci i ponadczasowego stylu. Dzi\u0119ki temu niezb\u0119dnemu akcesorium mo\u017cesz mie\u0107 pewno\u015b\u0107, \u017ce Twoje rzeczy pozostan\u0105 dobrze chronione i zorganizowane, gdziekolwiek jeste\u015b.<\/span><\/p>\n<h3><span data-offset-key=\"8kh4-771-0\">Gniazdo USB do \u0142atwego \u0142adowania<\/span><\/h3>\n<p><span data-offset-key=\"8kh4-771-0\">To idealny towarzysz dla os\u00f3b w podr\u00f3\u017cy. Port \u0142adowania USB umo\u017cliwia \u0142atwe \u0142adowanie telefonu podczas podr\u00f3\u017cy. Gniazdo USB znajduje si\u0119 na zewn\u0105trz torby, dzi\u0119ki czemu powerbank mo\u017ce pozosta\u0107 bezpieczny i chroniony w \u015brodku.<\/span><span data-offset-key=\"8kh4-771-0\"> W ten spos\u00f3b mo\u017cesz mie\u0107 pewno\u015b\u0107, \u017ce wtyczka zewn\u0119trznej baterii nie zostanie uszkodzona i b\u0119dziesz m\u00f3g\u0142 nadal korzysta\u0107 z telefonu w podr\u00f3\u017cy bez konieczno\u015bci noszenia powerbanku w d\u0142oni.<\/span><span data-offset-key=\"8kh4-771-0\">\u00a0<\/span><\/p>\n<h3><span data-offset-key=\"8kh4-771-0\">Wytrzyma\u0142y, oddychaj\u0105cy materia\u0142<\/span><\/h3>\n<p>Plecak jest wykonany z wytrzyma\u0142ego, trwa\u0142ego materia\u0142u, kt\u00f3ry zachowuje sw\u00f3j kszta\u0142t. Zewn\u0119trzna pow\u0142oka ma sztywn\u0105 pow\u0142ok\u0119 dla maksymalnej trwa\u0142o\u015bci i ochrony laptopa lub tabletu przed uderzeniami. Zastosowana tkanina zapewnia optymaln\u0105 ochron\u0119 przed \u017cywio\u0142ami i zabrudzeniami, gdy jeste\u015b w ruchu. Materia\u0142 tylnej cz\u0119\u015bci jest natomiast wykonany z przewiewnej, oddychaj\u0105cej poduszki, kt\u00f3ra zapewnia wygod\u0119 u\u017cytkowania.<\/p>\n<h2><span data-offset-key=\"8kh4-771-0\">Kryteria wyboru wysokiej jako\u015bci plecaka\u00a0<\/span><\/h2>\n<p>Je\u015bli zamierzasz kupi\u0107 nowy plecak, jest to wa\u017cny wyb\u00f3r. W ko\u0144cu jest to produkt, z kt\u00f3rego b\u0119dziesz korzysta\u0107 co najmniej pi\u0119\u0107 razy w tygodniu i kt\u00f3ry b\u0119dzie Ci towarzyszy\u0142 nawet na wakacjach. Najwa\u017cniejsze jest skupienie si\u0119 na w\u0142asnych potrzebach. Nale\u017cy zastanowi\u0107 si\u0119, z jakiego \u015brodka transportu korzystamy: czy do pracy je\u017adzimy samochodem, metrem czy rowerem. Czy laptop pozostanie bezpiecznie w futerale na siedzeniu samochodu, czy te\u017c plecak b\u0119dzie musia\u0142 wytrzyma\u0107 ci\u015bnienie paryskiego metra? Powinni\u015bmy r\u00f3wnie\u017c zastanowi\u0107 si\u0119 nad stylem plecaka, kt\u00f3ry najlepiej pasuje do naszego stylu, a tak\u017ce do atmosfery naszego miejsca pracy. Inny wybierzemy, je\u015bli pracujemy w modnych kawiarniach jako freelancer, a inny, je\u015bli jeste\u015bmy zatrudnieni w znanym banku. Pami\u0119tajmy, \u017ce to plecak ma si\u0119 dostosowa\u0107 do nas, a nie my do niewygodnych uszu czy zbyt ci\u0119\u017ckiego stela\u017ca.<\/p>\n<h2><span data-offset-key=\"8kh4-771-0\">Dlaczego jest to najlepszy plecak na 2023 rok?<\/span><\/h2>\n<p><span data-offset-key=\"8kh4-771-0\">Stworzyli\u015bmy idealny sprz\u0119t dla ka\u017cdego, kto wr\u00f3ci\u0142 do biura i szuka wodoodpornego plecaka miejskiego, kt\u00f3ry pozwala wsun\u0105\u0107 laptopa, ale nadal ma miejsce na tupperware, butelk\u0119 wody i inne codzienne niezb\u0119dne rzeczy. Przestronne przegrody mog\u0105 r\u00f3wnie\u017c pomie\u015bci\u0107 tablet, niezb\u0119dne dokumenty, a nawet ubrania, je\u015bli wybierasz si\u0119 w podr\u00f3\u017c s\u0142u\u017cbow\u0105. To<\/span><span data-offset-key=\"8kh4-771-0\"> Plecak zapewnia r\u00f3wnie\u017c optymaln\u0105 ochron\u0119 przed czynnikami atmosferycznymi i brudem podczas korzystania z transportu publicznego. Jest wi\u0119c idealny do u\u017cytku w metrze, na rowerze lub jako baga\u017c podr\u0119czny w samolocie. Dodatkowe funkcje obejmuj\u0105 dyskretne kieszenie na najcenniejsze przedmioty lub specjalny pasek, kt\u00f3ry pozwala zawiesi\u0107 torb\u0119 na walizce!<\/span><\/p>\n<h3>Dodatkowe informacje na temat plecaka :<\/h3>\n<p><span data-offset-key=\"8kh4-771-0\">Nale\u017cy pami\u0119ta\u0107, \u017ce zewn\u0119trzna bateria nie jest obj\u0119ta zam\u00f3wieniem.<\/span><\/p>\n<p><span data-offset-key=\"8kh4-771-0\">Produkt dost\u0119pny jest w dw\u00f3ch rozmiarach: klasycznym i stretch.<br \/>\nWymiary klasycznego plecaka: 32 x 12 x 45 cm.<br \/>\nWymiary rozszerzalnego plecaka: 32 x 12~18 x 45 cm.<br \/>\n<\/span><span data-offset-key=\"8kh4-771-0\">Dwa modele wa\u017c\u0105 oko\u0142o 1,2-1,3 kg.<br \/>\nPojemno\u015b\u0107 modelu Classic: ok. 20-35 litr\u00f3w.<br \/>\nPlecak ma dwie oddzielne przegrody, kt\u00f3re mog\u0105 pomie\u015bci\u0107 15,6-calowy laptop i 12-calowy tablet. Plecak ma dwie oddzielne kieszenie, kt\u00f3re mog\u0105 pomie\u015bci\u0107 15,6-calowy laptop i 12-calowy tablet.<\/span><\/p>","protected":false},"excerpt":{"rendered":"<p>Wytrzyma\u0142y plecak jest idealnym minimalistycznym dodatkiem dla m\u0119\u017cczyzn i kobiet szukaj\u0105cych czego\u015b funkcjonalnego, a jednocze\u015bnie stylowego. Wykonany z wytrzyma\u0142ych materia\u0142\u00f3w, czarny plecak oferuje dodatkowe zabezpieczenie przed kradzie\u017c\u0105 dzi\u0119ki ochronnemu zamkowi b\u0142yskawicznemu. W przestronnej komorze g\u0142\u00f3wnej mo\u017cna z \u0142atwo\u015bci\u0105 przenosi\u0107 laptopa, a w pozosta\u0142ych przegr\u00f3dkach przechowywa\u0107 mniejsze przedmioty. Regulowane paski na ramiona pozwalaj\u0105 dostosowa\u0107 d\u0142ugo\u015b\u0107 plecaka do w\u0142asnych potrzeb, a zintegrowane gniazdo USB u\u0142atwia pod\u0142\u0105czenie zewn\u0119trznej baterii w celu na\u0142adowania telefonu. Dzi\u0119ki nowoczesnemu, miejskiemu wygl\u0105dowi ten plecak unisex jest idealny do codziennego u\u017cytku, podr\u00f3\u017cy lub jako akcesorium biznesowe w 2023 roku.<\/p>","protected":false},"featured_media":281,"comment_status":"open","ping_status":"closed","template":"","meta":{"_seopress_robots_primary_cat":"none","_seopress_titles_title":"Le meilleur mod\u00e8le de sac \u00e0 dos pour ordinateur portable en 2023","_seopress_titles_desc":"Si vous recherchez le meilleur sac \u00e0 dos robuste et \u00e9l\u00e9gant pour votre ordinateur portable, vous \u00eates au bon endroit. D\u00e9couvrez ce mod\u00e8le unique\u2009! ","_seopress_robots_index":"","_seopress_analysis_target_kw":"sac \u00e0 do,sac a dos,oridnateur,ordinateur portable,robuste"},"product_brand":[],"product_cat":[79,78],"product_tag":[],"class_list":{"0":"post-274","1":"product","2":"type-product","3":"status-publish","4":"has-post-thumbnail","6":"product_cat-sacs-a-dos-et-sacoches-pour-ordinateur","7":"product_cat-sacs-et-pochettes","9":"first","10":"instock","11":"shipping-taxable","12":"purchasable","13":"product-type-variable"},"_links":{"self":[{"href":"https:\/\/desk-full.fr\/pl\/wp-json\/wp\/v2\/product\/274","targetHints":{"allow":["GET"]}}],"collection":[{"href":"https:\/\/desk-full.fr\/pl\/wp-json\/wp\/v2\/product"}],"about":[{"href":"https:\/\/desk-full.fr\/pl\/wp-json\/wp\/v2\/types\/product"}],"replies":[{"embeddable":true,"href":"https:\/\/desk-full.fr\/pl\/wp-json\/wp\/v2\/comments?post=274"}],"wp:featuredmedia":[{"embeddable":true,"href":"https:\/\/desk-full.fr\/pl\/wp-json\/wp\/v2\/media\/281"}],"wp:attachment":[{"href":"https:\/\/desk-full.fr\/pl\/wp-json\/wp\/v2\/media?parent=274"}],"wp:term":[{"taxonomy":"product_brand","embeddable":true,"href":"https:\/\/desk-full.fr\/pl\/wp-json\/wp\/v2\/product_brand?post=274"},{"taxonomy":"product_cat","embeddable":true,"href":"https:\/\/desk-full.fr\/pl\/wp-json\/wp\/v2\/product_cat?post=274"},{"taxonomy":"product_tag","embeddable":true,"href":"https:\/\/desk-full.fr\/pl\/wp-json\/wp\/v2\/product_tag?post=274"}],"curies":[{"name":"wp","href":"https:\/\/api.w.org\/{rel}","templated":true}]}}