{"id":297,"date":"2023-02-02T20:18:14","date_gmt":"2023-02-02T19:18:14","guid":{"rendered":"https:\/\/desk-full.fr\/?post_type=product&#038;p=297"},"modified":"2023-02-02T20:20:39","modified_gmt":"2023-02-02T19:20:39","slug":"plecak-na-laptop-z-aksamitnego-sztruksu","status":"publish","type":"product","link":"https:\/\/desk-full.fr\/pl\/produkt\/plecak-na-laptop-z-aksamitnego-sztruksu\/","title":{"rendered":"Sztruksowy plecak na laptopa"},"content":{"rendered":"<h2>Plecak na laptopa, kt\u00f3ry ma wszystko<\/h2>\n<p>Szukasz sposobu na stylowe przenoszenie laptopa, notatnik\u00f3w i innych przedmiot\u00f3w potrzebnych do pracy lub szko\u0142y? Mamy dla Ciebie idealne rozwi\u0105zanie! Sztruksowy plecak na komputer jest nie tylko estetyczny, ale tak\u017ce bardzo praktyczny, gdy jeste\u015b w ruchu.<\/p>\n<h3>Komfort przede wszystkim<\/h3>\n<p>Rozumiemy dyskomfort i niedogodno\u015bci powodowane przez niekt\u00f3re plecaki. Dlatego oferujemy regulowane paski na ramiona, kt\u00f3re zapewniaj\u0105 maksymalny komfort nawet podczas d\u0142ugich dni w szkole lub pracy.<\/p>\n<h3>Jako\u015b\u0107 w centrum uwagi<\/h3>\n<p>Wykonany z najwy\u017cszej jako\u015bci sztruksu plecak jest solidny i wytrzyma\u0142y. G\u0142adki zamek b\u0142yskawiczny i wzmocnione kraw\u0119dzie zapewniaj\u0105 bezpiecze\u0144stwo rzeczy, dzi\u0119ki czemu mo\u017cesz podr\u00f3\u017cowa\u0107 z pe\u0142nym spokojem.<\/p>\n<h3>Praktyczne przegr\u00f3dki<\/h3>\n<p>Przestronna komora g\u0142\u00f3wna pomie\u015bci wszystkie niezb\u0119dne na co dzie\u0144 przedmioty. Zmieszcz\u0105 si\u0119 w niej zeszyty, laptop, pi\u00f3rnik, a nawet butelka wody. Do\u0142\u0105czyli\u015bmy r\u00f3wnie\u017c zapinan\u0105 na zamek kiesze\u0144 na kosztowno\u015bci.<\/p>\n<h2>Plecak na laptopa, kt\u00f3ry dostosowuje si\u0119 do u\u017cytkownika<\/h2>\n<p>Ten plecak na laptopa jest idealnym dodatkiem dla dynamicznych kobiet i m\u0119\u017cczyzn szukaj\u0105cych praktycznego i stylowego sposobu na przenoszenie swoich rzeczy. Dost\u0119pny w szerokiej gamie kolor\u00f3w, kt\u00f3re pasuj\u0105 do wszystkich styl\u00f3w, w zale\u017cno\u015bci od gust\u00f3w i preferencji. To \u015bwietny wyb\u00f3r dla student\u00f3w, pracownik\u00f3w i podr\u00f3\u017cnik\u00f3w.<\/p>\n<h3>Plecak na ka\u017cd\u0105 okazj\u0119<\/h3>\n<p>Ten plecak jest idealnym dodatkiem na ka\u017cd\u0105 okazj\u0119, niezale\u017cnie od tego, czy jest to pracowity dzie\u0144 w szkole lub pracy, czy te\u017c kr\u00f3tki weekendowy wypad. Nie wahaj si\u0119 wi\u0119c doda\u0107 odrobiny stylu do swojego codziennego \u017cycia dzi\u0119ki temu akcesorium, kt\u00f3re oferuje nienaganny styl w ka\u017cdych okoliczno\u015bciach!<\/p>\n<h2>Idealny wyb\u00f3r dla wyj\u0105tkowego stylu<\/h2>\n<p>Ten elegancki i stylowy sztruksowy plecak komputerowy jest idealn\u0105 opcj\u0105 dla tych, kt\u00f3rzy szukaj\u0105 sposobu na w\u0142\u0105czenie stylu do swojego codziennego \u017cycia. Mi\u0119kka, przyjemna w dotyku faktura sztruksu doda wyrafinowania Twojemu wygl\u0105dowi.<\/p>\n<h3>Plecak dla zorganizowanego \u017cycia: niesamowita pojemno\u015b\u0107<\/h3>\n<p>To doskona\u0142e rozwi\u0105zanie do przenoszenia wszystkiego, czego potrzebujesz w ci\u0105gu dnia. Dzi\u0119ki licznym kieszeniom mo\u017cesz uporz\u0105dkowa\u0107 i sklasyfikowa\u0107 swoje rzeczy, unikaj\u0105c nieko\u0144cz\u0105cych si\u0119 poszukiwa\u0144. Mo\u017cesz wi\u0119c swobodnie si\u0119 porusza\u0107, nie martwi\u0105c si\u0119 o brak miejsca.<\/p>\n<h2>Jakie s\u0105 kryteria zakupu plecaka?<\/h2>\n<p>Zastanawiasz si\u0119, jak znale\u017a\u0107 idealny plecak dla siebie? Przy zakupie plecaka wa\u017cne jest, aby wzi\u0105\u0107 pod uwag\u0119 szereg kryteri\u00f3w, aby znale\u017a\u0107 ten, kt\u00f3ry najlepiej odpowiada Twoim potrzebom. Rozmiar i pojemno\u015b\u0107 s\u0105 wa\u017cnymi czynnikami, zw\u0142aszcza je\u015bli musisz nosi\u0107 laptopa lub ksi\u0105\u017cki. Wygoda pask\u00f3w naramiennych i jako\u015b\u0107 u\u017cytych materia\u0142\u00f3w r\u00f3wnie\u017c mog\u0105 mie\u0107 znaczenie w codziennym u\u017cytkowaniu. Ponadto funkcje takie jak dodatkowe przegrody i kieszenie mog\u0105 zwi\u0119kszy\u0107 warto\u015b\u0107 plecaka. Pami\u0119taj, aby po\u015bwi\u0119ci\u0107 czas na analiz\u0119 swoich potrzeb i \u017cycze\u0144 przed dokonaniem zakupu, aby znale\u017a\u0107 idealny plecak dla siebie.<\/p>\n<p>Nasz prezentowany produkt jest wszechstronny, modny i dost\u0119pny w r\u00f3\u017cnych kolorach, dzi\u0119ki czemu jest odpowiedni dla m\u0119\u017cczyzn i kobiet w ka\u017cdym wieku. Jest idealny do biura, edukacji i podr\u00f3\u017cy. Mamy nadziej\u0119, \u017ce nasz plecak spe\u0142ni Twoje oczekiwania.<\/p>\n<h2>Zam\u00f3w sztruksowy plecak na komputer ju\u017c teraz<\/h2>\n<p>Nie zwlekaj - zdob\u0105d\u017a idealny plecak na codzienne dojazdy do pracy. Zam\u00f3w go teraz i ciesz si\u0119 optymalnym komfortem, wyr\u00f3\u017cniaj\u0105cym si\u0119 stylem i zorganizowanym \u017cyciem dzi\u0119ki temu sztruksowemu plecakowi na komputer.<\/p>\n<h2>Dodatkowe informacje:<\/h2>\n<h3>Idealne wymiary dla optymalnego komfortu<\/h3>\n<p>Ten plecak o szeroko\u015bci 27 cm, g\u0142\u0119boko\u015bci 11 cm i wysoko\u015bci 36 cm jest idealnym akcesorium do przenoszenia wszystkiego, czego potrzebujesz w ci\u0105gu dnia. Jest w nim du\u017co miejsca na laptopa, notebooka i materia\u0142y eksploatacyjne, a jednocze\u015bnie jest wystarczaj\u0105co kompaktowy, aby mo\u017cna go by\u0142o \u0142atwo transportowa\u0107.<\/p>\n<h3>Wysokiej jako\u015bci sprz\u0119t do d\u0142ugotrwa\u0142ego u\u017cytkowania<\/h3>\n<p>Wykonany z wysokiej jako\u015bci sztruksu, ten plecak jest nie tylko estetyczny, ale tak\u017ce niezwykle wytrzyma\u0142y do regularnego u\u017cytkowania. Poliestrowa podszewka zapewnia dodatkow\u0105 ochron\u0119 rzeczy i przyczynia si\u0119 do trwa\u0142o\u015bci plecaka. Mo\u017cesz wi\u0119c by\u0107 pewien, \u017ce ten produkt b\u0119dzie Ci towarzyszy\u0142 przez wiele lat.<\/p>","protected":false},"excerpt":{"rendered":"<p>Szukasz sposobu na dodanie odrobiny elegancji do swojej rutyny i jednoczesne utrzymanie porz\u0105dku? Nasz sztruksowy plecak na komputer to idealne rozwi\u0105zanie! Posiada komor\u0119 zaprojektowan\u0105 specjalnie dla laptopa, dzi\u0119ki czemu jest on bezpieczny, gdy jeste\u015b w ruchu. Mo\u017cna w nim r\u00f3wnie\u017c przechowywa\u0107 inne urz\u0105dzenia, takie jak kable i akcesoria biurowe. Dzi\u0119ki regulowanym paskom na rami\u0119, ten stylowy sprz\u0119t zapewni Ci maksymaln\u0105 wygod\u0119 podczas codziennych dojazd\u00f3w do pracy lub szko\u0142y. Koniec z b\u00f3lem plec\u00f3w lub ramion podczas noszenia swoich rzeczy. Zam\u00f3w ju\u017c teraz i dodaj odrobin\u0119 stylu do swojego \u017cycia!<\/p>","protected":false},"featured_media":304,"comment_status":"open","ping_status":"closed","template":"","meta":{"_seopress_robots_primary_cat":"none","_seopress_titles_title":"Sac \u00e0 dos ordinateur - pour votre pc portable - en velours c\u00f4tel\u00e9","_seopress_titles_desc":"Sac \u00e0 dos ordinateur portable en velours c\u00f4tel\u00e9 est solution parfaite si vous avez besoin de votre pc en d\u00e9placement. D\u00e9couvrez notre collection de sacs !","_seopress_robots_index":"","_seopress_analysis_target_kw":"sac a dos,sac,ordinateur,portable,velours,sac \u00e0 dos,pc"},"product_brand":[],"product_cat":[79,78],"product_tag":[],"class_list":{"0":"post-297","1":"product","2":"type-product","3":"status-publish","4":"has-post-thumbnail","6":"product_cat-sacs-a-dos-et-sacoches-pour-ordinateur","7":"product_cat-sacs-et-pochettes","9":"first","10":"instock","11":"shipping-taxable","12":"purchasable","13":"product-type-variable"},"_links":{"self":[{"href":"https:\/\/desk-full.fr\/pl\/wp-json\/wp\/v2\/product\/297","targetHints":{"allow":["GET"]}}],"collection":[{"href":"https:\/\/desk-full.fr\/pl\/wp-json\/wp\/v2\/product"}],"about":[{"href":"https:\/\/desk-full.fr\/pl\/wp-json\/wp\/v2\/types\/product"}],"replies":[{"embeddable":true,"href":"https:\/\/desk-full.fr\/pl\/wp-json\/wp\/v2\/comments?post=297"}],"wp:featuredmedia":[{"embeddable":true,"href":"https:\/\/desk-full.fr\/pl\/wp-json\/wp\/v2\/media\/304"}],"wp:attachment":[{"href":"https:\/\/desk-full.fr\/pl\/wp-json\/wp\/v2\/media?parent=297"}],"wp:term":[{"taxonomy":"product_brand","embeddable":true,"href":"https:\/\/desk-full.fr\/pl\/wp-json\/wp\/v2\/product_brand?post=297"},{"taxonomy":"product_cat","embeddable":true,"href":"https:\/\/desk-full.fr\/pl\/wp-json\/wp\/v2\/product_cat?post=297"},{"taxonomy":"product_tag","embeddable":true,"href":"https:\/\/desk-full.fr\/pl\/wp-json\/wp\/v2\/product_tag?post=297"}],"curies":[{"name":"wp","href":"https:\/\/api.w.org\/{rel}","templated":true}]}}