{"id":334,"date":"2023-02-03T01:37:55","date_gmt":"2023-02-03T00:37:55","guid":{"rendered":"https:\/\/desk-full.fr\/?post_type=product&#038;p=334"},"modified":"2023-02-17T18:17:59","modified_gmt":"2023-02-17T17:17:59","slug":"naklejki-do-scrapbookingu-motywacja","status":"publish","type":"product","link":"https:\/\/desk-full.fr\/pl\/produkt\/naklejki-do-scrapbookingu-motywacja\/","title":{"rendered":"Naklejki z motywacyjnymi has\u0142ami do scrapbookingu"},"content":{"rendered":"<h2>Naklejki do scrapbookingu lub personalizacji przestrzeni<\/h2>\n<p>Szukasz wyj\u0105tkowego wygl\u0105du dla swojego komputera, notebooka lub biurka? Dzi\u0119ki temu pakietowi 25 naklejek b\u0119dziesz rozpieszczany wyborem, je\u015bli chodzi o personalizacj\u0119 ulubionych rzeczy. Naklejki zosta\u0142y zaprojektowane w nowoczesnych, jasnych i modnych kolorach, kt\u00f3re dodadz\u0105 osobistego charakteru wszystkim efektom. Co wi\u0119cej, s\u0105 one wype\u0142nione inspiruj\u0105cymi aforyzmami, aby utrzyma\u0107 motywacj\u0119. Nie czekaj d\u0142u\u017cej i zacznij nadawa\u0107 swoim przedmiotom niepowtarzalny wygl\u0105d dzi\u0119ki tym naklejkom!<\/p>\n<h2>Dodaj troch\u0119 humoru i optymizmu do swojego codziennego \u017cycia dzi\u0119ki naszym naklejkom<\/h2>\n<p>Nasza oferta naklejek zosta\u0142a zaprojektowana w jasnych kolorach i z r\u00f3\u017cnymi inspiruj\u0105cymi cytatami, kt\u00f3re nadadz\u0105 \u015bwie\u017cy wygl\u0105d twoim przedmiotom i sprawi\u0105, \u017ce spojrzysz na otaczaj\u0105c\u0105 ci\u0119 rzeczywisto\u015b\u0107 z nowej perspektywy. Dzi\u0119ki kreatywnym wzorom i motywacyjnym przes\u0142aniom s\u0105 one idealne do unikalnej i modnej dekoracji.<\/p>\n<h2>Dekoracja samoprzylepna idealna dla wszystkich kreatywnych os\u00f3b<\/h2>\n<p>Naklejki s\u0105 \u0142atwe w aplikacji na wszelkiego rodzaju g\u0142adkie powierzchnie, takie jak \u015bciany, meble i okna. W jednej chwili mo\u017cesz ca\u0142kowicie odmieni\u0107 atmosfer\u0119 swojego pokoju. Mo\u017cna je usun\u0105\u0107 bez pozostawiania lepkich pozosta\u0142o\u015bci lub uszkodzenia powierzchni, na kt\u00f3rej zosta\u0142y zastosowane. Mo\u017cesz tak\u017ce zmieni\u0107 lokalizacj\u0119 naklejek lub dostosowa\u0107 wystr\u00f3j do zmieniaj\u0105cych si\u0119 p\u00f3r roku!<\/p>\n<h3>Mo\u017cliwo\u015bci naklejek dekoracyjnych s\u0105 nieograniczone<\/h3>\n<p>Naklejki oferuj\u0105 szerok\u0105 gam\u0119 opcji, dzi\u0119ki czemu mo\u017cesz wybra\u0107 t\u0119, kt\u00f3ra idealnie pasuje do Twoich upodoba\u0144 estetycznych i stylu Twojego domu lub biura. Naklejki te zawieraj\u0105 r\u00f3\u017cnorodne drukowane obrazy, takie jak kapry\u015bne kszta\u0142ty kwiat\u00f3w, wielokolorowe emotikony lub istotne wiadomo\u015bci w \u017cywych czcionkach, kt\u00f3re dodadz\u0105 \u015bwie\u017cego wygl\u0105du do istniej\u0105cego wystroju wn\u0119trza. Je\u015bli szukasz zabawnego i niedrogiego sposobu na udekorowanie swojego domu, dodaj\u0105c jednocze\u015bnie unikalny i uroczy osobisty akcent, naklejki samoprzylepne s\u0105 dla Ciebie! Niezale\u017cnie od tego, czy chcesz o\u017cywi\u0107 pust\u0105 bia\u0142\u0105 \u015bcian\u0119, czy te\u017c ca\u0142kowicie odmieni\u0107 ca\u0142\u0105 przestrze\u0144, ta wszechstronna kolekcja z pewno\u015bci\u0105 sprawdzi si\u0119 w ka\u017cdym projekcie!<\/p>\n<h2>Idealny format dla wszystkich projekt\u00f3w<\/h2>\n<p>Kompaktowy format tych naklejek zapewnia im szeroki zakres zastosowa\u0144, dzi\u0119ki czemu mo\u017cna je przykleja\u0107 na wszelkiego rodzaju przedmioty codziennego u\u017cytku. \u015amia\u0142o nadaj swoim rzeczom osobistym stylowy wygl\u0105d dzi\u0119ki temu pakietowi 25 naklejek! Niezale\u017cnie od tego, czy jest to komputer, notatnik czy biurko, te naklejki o\u017cywi\u0105 twoje miejsce pracy. Ich zabawne wzory i inspiruj\u0105ce wiadomo\u015bci pomog\u0105 ci by\u0107 bardziej zmotywowanym i pozytywnie spojrze\u0107 na swoje otoczenie. \u0141atwe w aplikacji, naklejki te mo\u017cna dostosowa\u0107 do wszystkich przedmiot\u00f3w codziennego u\u017cytku. Nie czekaj d\u0142u\u017cej i wyra\u017a sw\u00f3j styl dzi\u0119ki naszym samoprzylepnym dekoracjom!<\/p>\n<h3>Dodatkowe informacje na temat naklejek :<\/h3>\n<p>Zam\u00f3wienie obejmuje zestaw 25 wodoodpornych i odpornych na dzia\u0142anie promieni s\u0142onecznych naklejek o wymiarach 7 cm x 5 cm. Wszystkie naklejki s\u0105 unikatowe i nie powtarzaj\u0105 si\u0119 w opakowaniu. Wi\u0119cej informacji na temat dostawy mo\u017cna znale\u017a\u0107 w naszych warunkach.<br \/>\nNie czekaj wi\u0119c d\u0142u\u017cej i nadaj swojej firmie osobisty charakter dzi\u0119ki tym modnym i inspiruj\u0105cym naklejkom!<\/p>","protected":false},"excerpt":{"rendered":"<p>Chcesz nada\u0107 osobisty charakter swoim ulubionym przedmiotom? Dzi\u0119ki naszej kolekcji 25 naklejek z inspiruj\u0105cymi wiadomo\u015bciami mo\u017cesz to zrobi\u0107 \u0142atwo i stylowo! Naklejki te s\u0105 idealne do nadania nowego wygl\u0105du obudowie komputera, plannera lub telefonu. Niezale\u017cnie od tego, czy chcesz doda\u0107 stylowy akcent do swojego miejsca pracy, czy odnowi\u0107 stary mebel, s\u0105 one idealnym rozwi\u0105zaniem! Mo\u017cna je r\u00f3wnie\u017c wykorzysta\u0107 do scrapbookingu i innych projekt\u00f3w rzemie\u015blniczych. Pu\u015b\u0107 wi\u0119c wodze fantazji i stw\u00f3rz odwa\u017cne kombinacje!<\/p>","protected":false},"featured_media":339,"comment_status":"open","ping_status":"closed","template":"","meta":{"_seopress_robots_primary_cat":"none","_seopress_titles_title":"Lot de 25 autocollants messages motivants \u2014 les stickers scrapbooking","_seopress_titles_desc":"Voil\u00e0 les stickers autocollants pour toutes activit\u00e9s manuelles \u2014 id\u00e9als pour personnaliser vos essentiels, photos et pages de scrapbooking. Inspirez-vous\u2009!","_seopress_robots_index":"","_seopress_analysis_target_kw":"stickers,autocollants,d\u00e9coration,scrapbooking"},"product_brand":[],"product_cat":[60,64],"product_tag":[],"class_list":{"0":"post-334","1":"product","2":"type-product","3":"status-publish","4":"has-post-thumbnail","6":"product_cat-papeterie","7":"product_cat-stickers-et-autocollants","9":"first","10":"instock","11":"shipping-taxable","12":"purchasable","13":"product-type-simple"},"_links":{"self":[{"href":"https:\/\/desk-full.fr\/pl\/wp-json\/wp\/v2\/product\/334","targetHints":{"allow":["GET"]}}],"collection":[{"href":"https:\/\/desk-full.fr\/pl\/wp-json\/wp\/v2\/product"}],"about":[{"href":"https:\/\/desk-full.fr\/pl\/wp-json\/wp\/v2\/types\/product"}],"replies":[{"embeddable":true,"href":"https:\/\/desk-full.fr\/pl\/wp-json\/wp\/v2\/comments?post=334"}],"wp:featuredmedia":[{"embeddable":true,"href":"https:\/\/desk-full.fr\/pl\/wp-json\/wp\/v2\/media\/339"}],"wp:attachment":[{"href":"https:\/\/desk-full.fr\/pl\/wp-json\/wp\/v2\/media?parent=334"}],"wp:term":[{"taxonomy":"product_brand","embeddable":true,"href":"https:\/\/desk-full.fr\/pl\/wp-json\/wp\/v2\/product_brand?post=334"},{"taxonomy":"product_cat","embeddable":true,"href":"https:\/\/desk-full.fr\/pl\/wp-json\/wp\/v2\/product_cat?post=334"},{"taxonomy":"product_tag","embeddable":true,"href":"https:\/\/desk-full.fr\/pl\/wp-json\/wp\/v2\/product_tag?post=334"}],"curies":[{"name":"wp","href":"https:\/\/api.w.org\/{rel}","templated":true}]}}