{"id":409,"date":"2023-02-13T12:22:20","date_gmt":"2023-02-13T11:22:20","guid":{"rendered":"https:\/\/desk-full.fr\/?post_type=product&#038;p=409"},"modified":"2023-07-26T18:05:09","modified_gmt":"2023-07-26T16:05:09","slug":"lampka-nocna-do-rysowania-kreatywna-tablica-notatek-led","status":"publish","type":"product","link":"https:\/\/desk-full.fr\/pl\/produkt\/lampka-nocna-do-rysowania-kreatywna-tablica-notatek-led\/","title":{"rendered":"Lampka nocna do rysowania - kreatywny panel LED"},"content":{"rendered":"<h2>Kreatywna lampka nocna LED z d\u0142ugopisem<\/h2>\n<p>Dodaj odrobin\u0119 kreatywno\u015bci i zabawy do swojego domu dzi\u0119ki naszemu gad\u017cetowi o\u015bwietleniowemu. Produkt ten jest idealny zar\u00f3wno dla dzieci, jak i doros\u0142ych, kt\u00f3rzy chc\u0105 pu\u015bci\u0107 wodze fantazji. Wykonany z akrylu panel stanowi idealn\u0105 platform\u0119 do zapisywania my\u015bli i pomys\u0142\u00f3w. Dzi\u0119ki temu produktowi mo\u017cesz da\u0107 sobie mo\u017cliwo\u015b\u0107 odkrywania swojej wyobra\u017ani i dzielenia si\u0119 ni\u0105 z najbli\u017cszymi!<\/p>\n<h2>U\u017cywaj lampy jak obrazu<\/h2>\n<p>Dzi\u0119ki tej lampie mo\u017cesz u\u017cywa\u0107 swojej lampy jak obrazu i pu\u015bci\u0107 wodze fantazji. Niezale\u017cnie od tego, czy rysujesz portrety, krajobrazy, mandale, czy po prostu piszesz notatki, ta lampa jest prawdziwym atutem Twojej kreatywno\u015bci.<\/p>\n<h2>Innowacyjna technologia \"note glass\" - niesko\u0144czone powody do kreatywno\u015bci<\/h2>\n<p>Panel \u015bwietlny naszej lampki nocnej do rysowania jest wykonany z wysokiej jako\u015bci akrylu i ABS, co zapewnia d\u0142ug\u0105 \u017cywotno\u015b\u0107. Lampka jest lekka i ma niskie zu\u017cycie energii, dzi\u0119ki czemu oszcz\u0119dza energi\u0119 i chroni \u015brodowisko. Dzi\u0119ki g\u0142adkiej powierzchni i mi\u0119kkiemu o\u015bwietleniu b\u0119dziesz w stanie tworzy\u0107 obrazy, kt\u00f3re \u015bwiec\u0105 w ciemno\u015bci. Lampka nocna do rysowania ma 7 regulowanych kolor\u00f3w \u015bwiat\u0142a, dzi\u0119ki czemu mo\u017cesz wybra\u0107 kolor, kt\u00f3ry najbardziej Ci odpowiada. Mo\u017cesz tak\u017ce modulowa\u0107 intensywno\u015b\u0107 \u015bwiat\u0142a, aby uzyska\u0107 najlepsze o\u015bwietlenie dla swoich rysunk\u00f3w.<\/p>\n<h2>Oryginalny pomys\u0142 na prezent<\/h2>\n<p>Dodaj odrobin\u0119 magii do swojego domu dzi\u0119ki temu idealnemu prezentowi na urodziny, Bo\u017ce Narodzenie i Walentynki. Podaruj go swojemu ch\u0142opakowi, siostrze lub dzieciom, aby wnie\u015b\u0107 odrobin\u0119 rado\u015bci i oryginalno\u015bci do ich codziennego \u017cycia! Odkryj wyj\u0105tkowy spos\u00f3b na dodanie odrobiny kreatywno\u015bci do swojego \u017cycia!<\/p>\n<h2>10 powod\u00f3w, dla kt\u00f3rych warto zam\u00f3wi\u0107 kreatywn\u0105 lampk\u0119 nocn\u0105 ju\u017c dzi\u015b:<\/h2>\n<ol>\n<li>Artystyczne \u017ar\u00f3d\u0142o \u015bwiat\u0142a: zintegrowana dioda LED pod\u015bwietla notatki i rysunki, czyni\u0105c je jeszcze bardziej atrakcyjnymi.<\/li>\n<li>Unikalny spos\u00f3b komunikacji: wyra\u017caj siebie w zabawny i \u0142atwy spos\u00f3b, pozostawiaj\u0105c wiadomo\u015bci na przezroczystej powierzchni.<\/li>\n<li>Idealny pomys\u0142 na prezent: podaruj swoim bliskim t\u0119 pomys\u0142ow\u0105 lampk\u0119 nocn\u0105.<\/li>\n<li>Praktyczne rozwi\u0105zanie do nauki: dzi\u0119ki tej lampce plan lekcji i lista zada\u0144 domowych na ca\u0142y tydzie\u0144 b\u0119d\u0105 zawsze pod r\u0119k\u0105.<\/li>\n<li>Aktywno\u015b\u0107 dla pary: baw si\u0119 dobrze i zostaw kilka mi\u0142osnych notatek dla swojego partnera.<\/li>\n<li>Kreatywny spos\u00f3b na powiedzenie \"przepraszam\": u\u017cyj lampy do rysowania, aby wys\u0142a\u0107 wiadomo\u015b\u0107 o przebaczeniu swoim bliskim w zabawny i oryginalny spos\u00f3b.<\/li>\n<li>Odrobina codziennej rado\u015bci: rozja\u015bnij dzie\u0144 swoich bliskich, zostawiaj\u0105c im wiadomo\u015b\u0107, kt\u00f3ra wywo\u0142a u\u015bmiech na ich twarzach.<\/li>\n<li>Dekoracyjny dodatek: ta rysunkowa lampka nocna jest r\u00f3wnie\u017c \u0142adn\u0105 ozdob\u0105 sypialni.<\/li>\n<li>Niezb\u0119dne akcesorium do pracy: ta lampa umo\u017cliwia wygodn\u0105 prac\u0119 w nocy.<\/li>\n<li>Chwila dobrego samopoczucia ka\u017cdego dnia: odkryj delikatne, wzruszaj\u0105ce codzienne przes\u0142anie, kt\u00f3re poprawi Tw\u00f3j nastr\u00f3j.<\/li>\n<\/ol>\n<h3>Prawid\u0142owa konserwacja tablicy wynik\u00f3w LED<\/h3>\n<p>Nale\u017cy zauwa\u017cy\u0107, \u017ce powierzchnia p\u0142ytki akrylowej mo\u017ce by\u0107 podatna na zarysowania, je\u015bli nie jest odpowiednio piel\u0119gnowana. Do mycia najlepiej u\u017cywa\u0107 kawa\u0142ka waty, ewentualnie nas\u0105czonej niewielk\u0105 ilo\u015bci\u0105 alkoholu izopropylowego. U\u017cywanie r\u0119cznik\u00f3w papierowych mo\u017ce powodowa\u0107 mikrozarysowania. Nie zaleca si\u0119 u\u017cywania pi\u00f3ra innego ni\u017c do\u0142\u0105czone do zestawu.<\/p>\n<h3>Wi\u0119cej informacji<\/h3>\n<p>Nasza lampa jest zasilana za pomoc\u0105 kabla USB, kt\u00f3ry mo\u017cna pod\u0142\u0105czy\u0107 do komputera lub domowego zasilacza. Oferuje r\u00f3wnie\u017c opcj\u0119 korzystania z baterii dla dodatkowej elastyczno\u015bci. Wykonana z wysokiej jako\u015bci akrylu i ABS, jest ekonomiczna i trwa\u0142a. Ma napi\u0119cie 5 V, moc 4 W i strumie\u0144 \u015bwietlny 100 lumen\u00f3w. Posiada regulacj\u0119 7 r\u00f3\u017cnych kolor\u00f3w i mo\u017ce by\u0107 u\u017cywana jako lampka nocna.<\/p>","protected":false},"excerpt":{"rendered":"<p>Szukasz wyj\u0105tkowego i kreatywnego sposobu na komunikacj\u0119 z bliskimi lub pozostawienie im wiadomo\u015bci? Lampka nocna to idealne rozwi\u0105zanie dla Ciebie! Dzi\u0119ki przezroczystemu panelowi na notatki i wymazywalnemu d\u0142ugopisowi mo\u017cesz pu\u015bci\u0107 wodze fantazji i narysowa\u0107, co tylko chcesz. Niezale\u017cnie od tego, czy chcesz wys\u0142a\u0107 zalotn\u0105 wiadomo\u015b\u0107, zostawi\u0107 s\u0142odk\u0105 notatk\u0119 dla swojego partnera, czy narysowa\u0107 ma\u0142\u0105 pami\u0105tk\u0119, ta lampka pozwoli ci zrobi\u0107 to wszystko w zabawny i oryginalny spos\u00f3b. Dzi\u0119ki innowacyjnej i funkcjonalnej konstrukcji, produkt ten jest idealnym narz\u0119dziem dla wszystkich mi\u0142o\u015bnik\u00f3w kreatywno\u015bci.<\/p>","protected":false},"featured_media":418,"comment_status":"open","ping_status":"closed","template":"","meta":{"_seopress_robots_primary_cat":"none","_seopress_titles_title":"Lampe veilleuse pour dessiner - panneau de notes cr\u00e9atif LED","_seopress_titles_desc":"Laissez libre cours \u00e0 votre imagination avec notre panneau de notes en veilleuse LED. D\u00e9couvrez cette lampe de nuit cr\u00e9ative - une id\u00e9e cadeau parfaite","_seopress_robots_index":"","_seopress_analysis_target_kw":"lampe,veilleuse,panneau,notes,panneau de notes,veilleuse pour dessiner,dessiner"},"product_brand":[],"product_cat":[65,70],"product_tag":[],"class_list":{"0":"post-409","1":"product","2":"type-product","3":"status-publish","4":"has-post-thumbnail","6":"product_cat-high-tech","7":"product_cat-lampes-de-bureau","9":"first","10":"instock","11":"shipping-taxable","12":"purchasable","13":"product-type-variable"},"_links":{"self":[{"href":"https:\/\/desk-full.fr\/pl\/wp-json\/wp\/v2\/product\/409","targetHints":{"allow":["GET"]}}],"collection":[{"href":"https:\/\/desk-full.fr\/pl\/wp-json\/wp\/v2\/product"}],"about":[{"href":"https:\/\/desk-full.fr\/pl\/wp-json\/wp\/v2\/types\/product"}],"replies":[{"embeddable":true,"href":"https:\/\/desk-full.fr\/pl\/wp-json\/wp\/v2\/comments?post=409"}],"wp:featuredmedia":[{"embeddable":true,"href":"https:\/\/desk-full.fr\/pl\/wp-json\/wp\/v2\/media\/418"}],"wp:attachment":[{"href":"https:\/\/desk-full.fr\/pl\/wp-json\/wp\/v2\/media?parent=409"}],"wp:term":[{"taxonomy":"product_brand","embeddable":true,"href":"https:\/\/desk-full.fr\/pl\/wp-json\/wp\/v2\/product_brand?post=409"},{"taxonomy":"product_cat","embeddable":true,"href":"https:\/\/desk-full.fr\/pl\/wp-json\/wp\/v2\/product_cat?post=409"},{"taxonomy":"product_tag","embeddable":true,"href":"https:\/\/desk-full.fr\/pl\/wp-json\/wp\/v2\/product_tag?post=409"}],"curies":[{"name":"wp","href":"https:\/\/api.w.org\/{rel}","templated":true}]}}