{"id":427,"date":"2023-02-13T12:45:40","date_gmt":"2023-02-13T11:45:40","guid":{"rendered":"https:\/\/desk-full.fr\/?post_type=product&#038;p=427"},"modified":"2023-02-13T12:45:40","modified_gmt":"2023-02-13T11:45:40","slug":"lampka-do-czytania-na-szyje-elastyczny-model-z-oswietleniem-led","status":"publish","type":"product","link":"https:\/\/desk-full.fr\/pl\/produkt\/lampka-do-czytania-na-szyje-elastyczny-model-z-oswietleniem-led\/","title":{"rendered":"Lampka do czytania na szyj\u0119 - elastyczny model z o\u015bwietleniem LED"},"content":{"rendered":"<h2>Lampka do czytania na szyj\u0119 - rozwi\u0105zanie na ka\u017cd\u0105 okoliczno\u015b\u0107<\/h2>\n<h3>Przydatny podczas wykonywania prac domowych - pozostawia wolne r\u0119ce<\/h3>\n<p>Dzi\u0119ki naszej lampce do czytania nie b\u0119dziesz ju\u017c musia\u0142 trzyma\u0107 latarki w r\u0119kach. Wystarczy za\u0142o\u017cy\u0107 j\u0105 na szyj\u0119 podczas czytania lub majsterkowania. Idealnie nadaje si\u0119 do porz\u0105dkowania szafek i gara\u017cy, delikatnych prac manualnych lub napraw w trudno dost\u0119pnych miejscach. Nie musisz ju\u017c wyt\u0119\u017ca\u0107 wzroku ani prosi\u0107 s\u0105siada o \u015bwiat\u0142o. Ten gad\u017cet o\u015bwietleniowy zapewnia ca\u0142kowit\u0105 autonomi\u0119 i dobre o\u015bwietlenie w ka\u017cdych warunkach.<\/p>\n<h3>Idealny do czytania w nocy<\/h3>\n<p>Nasza lampka jest r\u00f3wnie\u017c doskona\u0142ym wyborem, je\u015bli lubisz czyta\u0107 w \u0142\u00f3\u017cku. Dzi\u0119ki zaawansowanej technologii LED jest wyposa\u017cona w filtr zapobiegaj\u0105cy migotaniu i filtr \u015bwiat\u0142a niebieskiego. Mo\u017cesz wi\u0119c skoncentrowa\u0107 si\u0119 na tym, co robisz, nie martwi\u0105c si\u0119 o \u017ar\u00f3d\u0142o \u015bwiat\u0142a. Dzi\u0119ki w\u0105skiemu k\u0105towi 90\u00b0 nie b\u0119dziesz przeszkadza\u0107 swojemu \u015bpi\u0105cemu partnerowi.<\/p>\n<h3>Latarka na szyj\u0119 - idealny towarzysz podr\u00f3\u017cy<\/h3>\n<p>Idealnie nadaje si\u0119 do podr\u00f3\u017cy poci\u0105giem lub samolotem, gdzie trudno jest znale\u017a\u0107 niezawodne, wysokiej jako\u015bci \u017ar\u00f3d\u0142o \u015bwiat\u0142a. Maj\u0105c t\u0119 lamp\u0119 na szyi, mo\u017cesz zanurzy\u0107 si\u0119 w lekturze, nie martwi\u0105c si\u0119 o przeszkadzanie innym.<\/p>\n<h2>3 poziomy jasno\u015bci i regulowana temperatura \u015bwiat\u0142a<\/h2>\n<p>Nasza lampa na szyj\u0119 ma 3 tryby o\u015bwietlenia z regulacj\u0105 temperatury: \u017c\u00f3\u0142ty (3000 K), ciep\u0142y bia\u0142y (4000 K) i ch\u0142odny bia\u0142y (6000 K). Ka\u017cda g\u0142owica ma oddzielny prze\u0142\u0105cznik dla 3 regulowanych poziom\u00f3w jasno\u015bci, co daje mo\u017cliwo\u015b\u0107 wyboru optymalnego ustawienia do czytania, robienia na drutach, biwakowania, majsterkowania itp. Dzi\u0119ki ergonomicznemu uchwytowi i, co najwa\u017cniejsze, optymalnemu dopasowaniu do szyi, a tak\u017ce stylowemu wzornictwu, lampa ta zosta\u0142a zaprojektowana tak, aby zapewni\u0107 idealnie mi\u0119kkie, wygodne \u015bwiat\u0142o, kt\u00f3re nie m\u0119czy oczu.<\/p>\n<h2>Akumulatorowa lampa u\u0142atwiaj\u0105ca u\u017cytkowanie<\/h2>\n<p>Lampka do czytania ma zintegrowany, wysokiej jako\u015bci akumulator o pojemno\u015bci 1000 mAh. Zapewnia on do 80 godzin (normalne czytanie, pojedyncza g\u0142owica) zasilania, dzi\u0119ki czemu nie trzeba wydawa\u0107 pieni\u0119dzy na baterie. Urz\u0105dzenie \u0142aduje si\u0119 za pomoc\u0105 wygodnej wtyczki USB, dzi\u0119ki czemu mo\u017cna je \u0142adowa\u0107 zar\u00f3wno w domu, za po\u015brednictwem komputera, jak i w podr\u00f3\u017cy, przy u\u017cyciu zewn\u0119trznego akumulatora.<\/p>\n<h2>Lekka, elastyczna i wytrzyma\u0142a konstrukcja<\/h2>\n<p>Pokryta wysokiej jako\u015bci, odporn\u0105 na pot i zu\u017cycie gum\u0105, sk\u0142adana i wytrzyma\u0142a, nasza lampka do czytania mo\u017ce by\u0107 zwijana, skr\u0119cana i sk\u0142adana, aby stworzy\u0107 idealne o\u015bwietlenie dostosowane do Twoich potrzeb w r\u00f3\u017cnych ustawieniach. Wi\u0119c baw si\u0119, sk\u0142adaj i nie b\u00f3j si\u0119 dostosowa\u0107 jej do pozycji, kt\u00f3ra jest dla Ciebie najwygodniejsza. Niezwykle lekka, jest \u0142atwa w transporcie i mie\u015bci si\u0119 w walizce lub kieszeni. Jest to wi\u0119c doskona\u0142a opcja do wszystkich zastosowa\u0144, zw\u0142aszcza w podr\u00f3\u017cy.<\/p>\n<h2>Wszystkie funkcje, kt\u00f3re musisz wiedzie\u0107 o naszym produkcie<\/h2>\n<p>Kr\u00f3tko m\u00f3wi\u0105c, elastyczna lampa na szyj\u0119 jest doskona\u0142ym wyborem do nocnych zaj\u0119\u0107, takich jak czytanie, robienie na drutach, biwakowanie lub naprawy. Akumulator, 3 regulowane tryby o\u015bwietlenia i 3 poziomy jasno\u015bci oznaczaj\u0105, \u017ce mo\u017cesz znale\u017a\u0107 ustawienie odpowiadaj\u0105ce Twoim potrzebom. Elastyczne rami\u0119 i niewielka waga sprawiaj\u0105, \u017ce jest to praktyczny towarzysz podr\u00f3\u017cy. Wreszcie, konstrukcja g\u0142o\u015bnom\u00f3wi\u0105ca, filtrowanie niebieskiego \u015bwiat\u0142a i w\u0105ski k\u0105t oznaczaj\u0105, \u017ce mo\u017cesz wygodnie czyta\u0107 lub pracowa\u0107, nie przeszkadzaj\u0105c innym.<\/p>\n<p>Nie wahaj si\u0119 wi\u0119c wypr\u00f3bowa\u0107 tego rewolucyjnego gad\u017cetu lub podarowa\u0107 komu\u015b ten wyj\u0105tkowy i praktyczny prezent. Gwarantujemy, \u017ce nie b\u0119dziesz rozczarowany!<\/p>","protected":false},"excerpt":{"rendered":"<p>Elastyczna lampka do czytania i uprawiania sportu to praktyczne, przeno\u015bne rozwi\u0105zanie spe\u0142niaj\u0105ce potrzeby o\u015bwietleniowe. Wyposa\u017cona w 3 tryby z regulowan\u0105 temperatur\u0105 barwow\u0105, 3 poziomy jasno\u015bci i akumulator, zapewnia spersonalizowane wra\u017cenia podczas wszystkiego, od czytania po biwakowanie. Mi\u0119kka, elastyczna konstrukcja oznacza, \u017ce mo\u017cna j\u0105 zwin\u0105\u0107, skr\u0119ci\u0107 lub zgi\u0105\u0107, aby uzyska\u0107 idealny k\u0105t o\u015bwietlenia. Filtr zapobiegaj\u0105cy migotaniu i filtr \u015bwiat\u0142a niebieskiego zapewniaj\u0105 komfortowe o\u015bwietlenie oczu, a w\u0105ska wi\u0105zka \u015bwiat\u0142a nie przeszkadza \u015bpi\u0105cemu partnerowi. Zasilana przez najwy\u017cszej klasy akumulator, nie wymaga dodatkowych op\u0142at za baterie. Zabierz t\u0119 lamp\u0119 ze sob\u0105, gdziekolwiek jeste\u015b, aby cieszy\u0107 si\u0119 wygodnym, bezproblemowym o\u015bwietleniem.<\/p>","protected":false},"featured_media":430,"comment_status":"open","ping_status":"closed","template":"","meta":{"_seopress_robots_primary_cat":"","_seopress_titles_title":"Lampe de lecture tour de cou - mod\u00e8le flexible avec lumi\u00e8re LED","_seopress_titles_desc":"D\u00e9couvrez la lampe de lecture tour de cou. Ce mod\u00e8le flexible avec lumi\u00e8re LED est parfait pour lire la nuit dans le lit sans d\u00e9ranger personne","_seopress_robots_index":"","_seopress_analysis_target_kw":"lampe,lecture,cou,tour de cou,flexible"},"product_brand":[],"product_cat":[65,70],"product_tag":[],"class_list":{"0":"post-427","1":"product","2":"type-product","3":"status-publish","4":"has-post-thumbnail","6":"product_cat-high-tech","7":"product_cat-lampes-de-bureau","9":"first","10":"instock","11":"shipping-taxable","12":"purchasable","13":"product-type-variable"},"_links":{"self":[{"href":"https:\/\/desk-full.fr\/pl\/wp-json\/wp\/v2\/product\/427","targetHints":{"allow":["GET"]}}],"collection":[{"href":"https:\/\/desk-full.fr\/pl\/wp-json\/wp\/v2\/product"}],"about":[{"href":"https:\/\/desk-full.fr\/pl\/wp-json\/wp\/v2\/types\/product"}],"replies":[{"embeddable":true,"href":"https:\/\/desk-full.fr\/pl\/wp-json\/wp\/v2\/comments?post=427"}],"wp:featuredmedia":[{"embeddable":true,"href":"https:\/\/desk-full.fr\/pl\/wp-json\/wp\/v2\/media\/430"}],"wp:attachment":[{"href":"https:\/\/desk-full.fr\/pl\/wp-json\/wp\/v2\/media?parent=427"}],"wp:term":[{"taxonomy":"product_brand","embeddable":true,"href":"https:\/\/desk-full.fr\/pl\/wp-json\/wp\/v2\/product_brand?post=427"},{"taxonomy":"product_cat","embeddable":true,"href":"https:\/\/desk-full.fr\/pl\/wp-json\/wp\/v2\/product_cat?post=427"},{"taxonomy":"product_tag","embeddable":true,"href":"https:\/\/desk-full.fr\/pl\/wp-json\/wp\/v2\/product_tag?post=427"}],"curies":[{"name":"wp","href":"https:\/\/api.w.org\/{rel}","templated":true}]}}