{"id":444,"date":"2023-02-15T14:34:22","date_gmt":"2023-02-15T13:34:22","guid":{"rendered":"https:\/\/desk-full.fr\/?post_type=product&#038;p=444"},"modified":"2023-02-17T17:45:21","modified_gmt":"2023-02-17T16:45:21","slug":"cichy-przenosny-wentylator-na-szyje-z-usb-do-ladowania","status":"publish","type":"product","link":"https:\/\/desk-full.fr\/pl\/produkt\/cichy-przenosny-wentylator-na-szyje-z-usb-do-ladowania\/","title":{"rendered":"Cichy przeno\u015bny wentylator na szyj\u0119 -  \u0142adowanie USB"},"content":{"rendered":"<h2>Przeno\u015bny wentylator na szyj\u0119 - idealne rozwi\u0105zanie na fale upa\u0142\u00f3w<\/h2>\n<p>Czy kiedykolwiek zdarzy\u0142o Ci si\u0119 znale\u017a\u0107 w zat\u0142oczonym transporcie publicznym w gor\u0105cy letni dzie\u0144? Okna s\u0105 zamkni\u0119te, a powietrze jest zasta\u0142e, przez co czujesz si\u0119 duszno i niekomfortowo? Wtedy na ratunek przychodzi nasz wentylator. Jest wygodny i \u0142atwy do za\u0142o\u017cenia na szyj\u0119, zapewniaj\u0105c ci\u0105g\u0142e ch\u0142odzenie w podr\u00f3\u017cy.<\/p>\n<p>Albo wyobra\u017a sobie prac\u0119 w budynku biurowym bez klimatyzacji. Temperatura ro\u015bnie, a Ty odczuwasz zm\u0119czenie upa\u0142em. Nasz wentylator na szyj\u0119 to idealne rozwi\u0105zanie, kt\u00f3re pomo\u017ce ci przetrwa\u0107 ten trudny dzie\u0144 w biurze. Dzi\u0119ki bez\u0142opatkowej konstrukcji mo\u017cesz kontynuowa\u0107 prac\u0119 bez przeszk\u00f3d i zak\u0142\u00f3ce\u0144. Jest r\u00f3wnie\u017c cichy, wi\u0119c nie b\u0119dzie ci przeszkadza\u0142 ci\u0105g\u0142y ha\u0142as. Dzi\u0119ki akumulatorowi \u0142adowanemu przez USB mo\u017cesz liczy\u0107 na ci\u0105g\u0142e ch\u0142odzenie przez ca\u0142y dzie\u0144.<\/p>\n<p>Podsumowuj\u0105c, nasz wentylator na szyj\u0119 to idealne rozwi\u0105zanie zapewniaj\u0105ce ch\u0142\u00f3d i wygod\u0119 w najgor\u0119tsze dni. Pozwoli ci pracowa\u0107 lub porusza\u0107 si\u0119 bez uszczerbku na samopoczuciu lub produktywno\u015bci. Nie czekaj d\u0142u\u017cej, aby zafundowa\u0107 sobie ch\u0142odn\u0105 przerw\u0119, zam\u00f3w nasz ch\u0142odz\u0105cy gad\u017cet ju\u017c teraz i przekonaj si\u0119 sam o r\u00f3\u017cnicy.<\/p>\n<h2>Lekka i wytrzyma\u0142a konstrukcja<\/h2>\n<p>Nasz przeno\u015bny wentylator to orze\u017awiaj\u0105ce rozwi\u0105zanie na gor\u0105ce dni. Zaprojektowany tak, aby z \u0142atwo\u015bci\u0105 pasowa\u0142 na szyj\u0119, ten lekki gad\u017cet - wa\u017c\u0105cy zaledwie 175 g - zapewnia ch\u0142\u00f3d, pozostawiaj\u0105c wolne r\u0119ce.<\/p>\n<h2>Komfort i bezpiecze\u0144stwo przede wszystkim<\/h2>\n<p>Dzi\u0119ki bez\u0142opatkowej konstrukcji nasz wentylator na szyj\u0119 jest bezpieczniejszy ni\u017c inne dost\u0119pne na rynku. Nie zaczepi o d\u0142ugie w\u0142osy, szalik lub kolczyki, co czyni go idealnym wyborem dla dzieci i os\u00f3b starszych. Jest r\u00f3wnie\u017c cichy, wi\u0119c nie b\u0119dzie przeszkadza\u0142 w wykonywaniu codziennych czynno\u015bci.<\/p>\n<h2>Pomys\u0142y na prezenty<\/h2>\n<p>Nasz wentylator ch\u0142odz\u0105cy to doskona\u0142y prezent dla os\u00f3b cierpi\u0105cych na uderzenia gor\u0105ca. To idealny wyb\u00f3r dla kogo\u015b, kto nie mo\u017ce znie\u015b\u0107 upa\u0142u lub musi nosi\u0107 mask\u0119 przez ca\u0142y dzie\u0144. Jest r\u00f3wnie\u017c idealny do takich czynno\u015bci, jak gotowanie, bieganie, biwakowanie i ogrodnictwo.<\/p>\n<h3>Dodatkowe informacje na temat przeno\u015bnego wentylatora na szyj\u0119 :<\/h3>\n<p>Wentylator jest \u0142atwy w u\u017cyciu dzi\u0119ki \u0142adowaniu przez USB (kabel Micro USB jest do\u0142\u0105czony do zam\u00f3wienia). Posiada 3 regulowane pr\u0119dko\u015bci, aby dostosowa\u0107 si\u0119 do potrzeb ch\u0142odzenia, a tak\u017ce kilka otwor\u00f3w wylotowych dla optymalnej dystrybucji powietrza. Dzi\u0119ki \u017cywotno\u015bci baterii (2000 mA) wynosz\u0105cej 6 godzin po pe\u0142nym na\u0142adowaniu przez 3 godziny, mo\u017ce dzia\u0142a\u0107 przez d\u0142ugi czas. Ten wyj\u0105tkowo cichy wentylator na szyj\u0119 jest idealny do u\u017cytku w domu, w biurze lub w podr\u00f3\u017cy, dzi\u0119ki niewielkiej wadze 175 g i kompaktowym wymiarom 26 cm na 18 cm. Podaruj swoim bliskim ch\u0142odny komfort, zamawiaj\u0105c ten innowacyjny i praktyczny gad\u017cet ju\u017c teraz.<\/p>","protected":false},"excerpt":{"rendered":"<p>Mini wentylator na szyj\u0119 to innowacyjny produkt, kt\u00f3ry zapewnia ch\u0142odzenie w dowolnym miejscu i czasie. Zaprojektowany bez ostrzy, nie zaczepia o w\u0142osy ani kolczyki, dzi\u0119ki czemu jest bezpieczniejszy ni\u017c inne modele dost\u0119pne na rynku. Kompaktowy i przeno\u015bny, \u015bwietnie nadaje si\u0119 do zabrania ze sob\u0105 na zaj\u0119cia wewn\u0105trz lub na zewn\u0105trz. Wykonany z wysokiej jako\u015bci materia\u0142u ABS, jest elastyczny i trwa\u0142y. Posiada r\u00f3wnie\u017c trzy regulowane pr\u0119dko\u015bci i kilka otwor\u00f3w wylotowych dla natychmiastowej, cichej \u015bwie\u017co\u015bci. \u0141adowanie przez USB i \u017cywotno\u015b\u0107 baterii sprawiaj\u0105, \u017ce jest to idealny letni prezent dla Twoich bliskich.<\/p>","protected":false},"featured_media":449,"comment_status":"open","ping_status":"closed","template":"","meta":{"_seopress_robots_primary_cat":"none","_seopress_titles_title":"Mini ventilateur de cou portable - silencieux et USB rechargeable","_seopress_titles_desc":"Le mini ventilateur de cou portable offre un refroidissement imm\u00e9diat. Ce gadget rechargeable et silencieux am\u00e9liorera votre bien-\u00eatre lors des journ\u00e9es chaudes.","_seopress_robots_index":"","_seopress_analysis_target_kw":"ventilateur,portable,ventilateur de cou,rechargeable"},"product_brand":[],"product_cat":[71,65,94],"product_tag":[],"class_list":{"0":"post-444","1":"product","2":"type-product","3":"status-publish","4":"has-post-thumbnail","6":"product_cat-accessoires-de-bureau-et-confort","7":"product_cat-high-tech","8":"product_cat-ventilateurs-et-refroidissement","10":"first","11":"instock","12":"shipping-taxable","13":"purchasable","14":"product-type-variable"},"_links":{"self":[{"href":"https:\/\/desk-full.fr\/pl\/wp-json\/wp\/v2\/product\/444","targetHints":{"allow":["GET"]}}],"collection":[{"href":"https:\/\/desk-full.fr\/pl\/wp-json\/wp\/v2\/product"}],"about":[{"href":"https:\/\/desk-full.fr\/pl\/wp-json\/wp\/v2\/types\/product"}],"replies":[{"embeddable":true,"href":"https:\/\/desk-full.fr\/pl\/wp-json\/wp\/v2\/comments?post=444"}],"wp:featuredmedia":[{"embeddable":true,"href":"https:\/\/desk-full.fr\/pl\/wp-json\/wp\/v2\/media\/449"}],"wp:attachment":[{"href":"https:\/\/desk-full.fr\/pl\/wp-json\/wp\/v2\/media?parent=444"}],"wp:term":[{"taxonomy":"product_brand","embeddable":true,"href":"https:\/\/desk-full.fr\/pl\/wp-json\/wp\/v2\/product_brand?post=444"},{"taxonomy":"product_cat","embeddable":true,"href":"https:\/\/desk-full.fr\/pl\/wp-json\/wp\/v2\/product_cat?post=444"},{"taxonomy":"product_tag","embeddable":true,"href":"https:\/\/desk-full.fr\/pl\/wp-json\/wp\/v2\/product_tag?post=444"}],"curies":[{"name":"wp","href":"https:\/\/api.w.org\/{rel}","templated":true}]}}