{"id":456,"date":"2023-02-16T16:14:00","date_gmt":"2023-02-16T15:14:00","guid":{"rendered":"https:\/\/desk-full.fr\/?post_type=product&#038;p=456"},"modified":"2023-02-16T16:14:01","modified_gmt":"2023-02-16T15:14:01","slug":"podgrzewacz-do-kubka-usb-do-utrzymywania-temperatury-napojow","status":"publish","type":"product","link":"https:\/\/desk-full.fr\/pl\/produkt\/podgrzewacz-do-kubka-usb-do-utrzymywania-temperatury-napojow\/","title":{"rendered":"Podgrzewacz do kubka - utrzymuje temperatur\u0119 napoju, USB"},"content":{"rendered":"<h2>Podgrzewacz USB - rozwi\u0105zanie dla wszystkich mi\u0142o\u015bnik\u00f3w kawy i herbaty<\/h2>\n<p>Wyobra\u017a sobie, \u017ce pracujesz w \u015brodowisku biurowym, w kt\u00f3rym cz\u0119sto pijesz gor\u0105ce napoje, aby zachowa\u0107 czujno\u015b\u0107 i koncentracj\u0119. Jednak spotkania, rozmowy telefoniczne lub pilne zadania mog\u0105 czasami przerwa\u0107 ten proces i uniemo\u017cliwi\u0107 doko\u0144czenie napoju, zanim wystygnie. W tym miejscu z pomoc\u0105 przychodzi podgrzewacz do fili\u017canek. Umieszczaj\u0105c szklank\u0119 na urz\u0105dzeniu, mo\u017cesz mie\u0107 pewno\u015b\u0107, \u017ce Tw\u00f3j nap\u00f3j pozostanie w przyjemnej, sta\u0142ej temperaturze, podczas gdy Ty b\u0119dziesz zajmowa\u0107 si\u0119 swoimi sprawami. Nie musisz si\u0119 ju\u017c martwi\u0107, \u017ce wypijesz zimny nap\u00f3j, co przyczynia si\u0119 do zwi\u0119kszenia produktywno\u015bci w ci\u0105gu dnia. Co wi\u0119cej, je\u015bli lubisz delektowa\u0107 si\u0119 napojem w okre\u015blonej temperaturze, podgrzewacz do kubk\u00f3w oferuje trzy r\u00f3\u017cne poziomy, aby dopasowa\u0107 si\u0119 do Twoich osobistych preferencji. Niezale\u017cnie od tego, czy chodzi o zapracowanych pracownik\u00f3w, student\u00f3w, kt\u00f3rzy chc\u0105 zachowa\u0107 czujno\u015b\u0107 podczas d\u0142ugich sesji nauki, czy po prostu mi\u0142o\u015bnik\u00f3w gor\u0105cych napoj\u00f3w, kt\u00f3rzy chc\u0105 cieszy\u0107 si\u0119 swoim napojem w dowolnym momencie, podgrzewacz do kubk\u00f3w jest niezb\u0119dnym produktem do utrzymywania temperatury gor\u0105cego napoju bez ryzyka jego ostygni\u0119cia.<\/p>\n<h3>Po\u0142\u0105czenie praktyczno\u015bci i designu<\/h3>\n<p>Inteligentny elektryczny podgrzewacz do kubk\u00f3w USB ma nowoczesny, stylowy wygl\u0105d, kt\u00f3ry b\u0119dzie \u015bwietnie wygl\u0105da\u0142 w biurze lub domu. Jego staranne wyko\u0144czenie i atrakcyjny design sprawiaj\u0105, \u017ce jest to estetyczne akcesorium dla mi\u0142o\u015bnik\u00f3w stylu. Wykonany z wysokiej jako\u015bci materia\u0142\u00f3w, takich jak ABS, PC i silikon, produkt ten jest bardzo trwa\u0142y. Dzi\u0119ki subtelnym kolorom i minimalistycznemu stylowi, ten podgrzewacz do kubk\u00f3w doda odrobin\u0119 elegancji do miejsca pracy lub kuchni, jednocze\u015bnie pozwalaj\u0105c cieszy\u0107 si\u0119 gor\u0105cymi napojami w dowolnym momencie.<\/p>\n<h3>Utrzymywanie temperatury picia<\/h3>\n<p>Inteligentny elektryczny podgrzewacz do kubk\u00f3w USB to praktyczny produkt do biura i domu. Dzi\u0119ki 3 ustawieniom temperatury utrzymuje temperatur\u0119 napoj\u00f3w. Wykonany z wysokiej jako\u015bci tworzywa sztucznego, podgrzewacz jest bezpieczny i nietoksyczny. Mo\u017ce by\u0107 u\u017cywany do podgrzewania mleka, herbaty, kawy i wielu innych napoj\u00f3w. Lekki i przeno\u015bny, jest \u0142atwy do przenoszenia i nie zajmuje du\u017co miejsca. Podgrzewacz jest \u0142atwy w u\u017cyciu i doskonale nadaje si\u0119 do u\u017cytku w domu lub w biurze.<\/p>\n<h2>Oryginalny pomys\u0142 na prezent<\/h2>\n<p>Je\u015bli szukasz praktycznego i stylowego prezentu dla mi\u0142o\u015bnik\u00f3w herbaty, kawy lub matchy, ten inteligentny elektryczny podgrzewacz USB jest doskona\u0142ym wyborem. Nie tylko utrzymuje ciep\u0142o napoj\u00f3w przez wiele godzin, ale jest tak\u017ce lekki, przeno\u015bny i \u0142atwy do przenoszenia, dzi\u0119ki czemu idealnie nadaje si\u0119 do biur, akademik\u00f3w, salon\u00f3w i kuchni. Jego elegancki, nowoczesny design sprawia, \u017ce jest to r\u00f3wnie\u017c idealny prezent dla przyjaci\u00f3\u0142 i rodziny, kt\u00f3rzy lubi\u0105 fili\u017cank\u0119 gor\u0105cej herbaty lub kawy. Dzi\u0119ki trzem ustawieniom temperatury gwarantuje optymalne doznania smakowe. Podaruj go przyjacielowi, kt\u00f3ry potrzebuje odrobiny dodatkowego ciep\u0142a w ch\u0142odne dni lub entuzja\u015bcie gor\u0105cych napoj\u00f3w, kt\u00f3ry doceni praktyczne i stylowe akcesorium do swoich sesji degustacyjnych.<\/p>\n<h3>Wi\u0119cej informacji na temat podgrzewacza do kubk\u00f3w \u0142adowanego przez USB:<\/h3>\n<p>Nale\u017cy pami\u0119ta\u0107, \u017ce ten produkt sk\u0142ada si\u0119 z podstawki grzewczej i kabla USB (bez wtyczki). Nie mo\u017ce zagotowa\u0107 wody. Aby zapewni\u0107 optymaln\u0105 retencj\u0119 ciep\u0142a, zalecamy u\u017cycie zasilacza DC 5V\/2A. Produkt posiada czujnik grawitacyjny i do dzia\u0142ania wymaga kubka o wadze co najmniej 150 g. P\u0142askie, cienkie metalowe, szklane lub porcelanowe kubki najlepiej nadaj\u0105 si\u0119 do p\u0142yty grzejnej.<\/p>\n<p>Podgrzewacz do kubk\u00f3w ma wymiary 132 mm na 118 mm. Wykonany jest z materia\u0142\u00f3w takich jak ABS, PC, silikon i szk\u0142o. Zintegrowane jest sterowanie dotykowe, a tak\u017ce trzy temperatury ogrzewania: 70 \u2103, 90 \u2103 i 100 \u2103, kt\u00f3re reprezentuj\u0105 maksymaln\u0105 temperatur\u0119 osi\u0105gni\u0119t\u0105 na \u015brodku p\u0142yty.<\/p>\n<p>To urz\u0105dzenie nie jest przeznaczone do podgrzewania zimnych napoj\u00f3w. Jego celem jest raczej utrzymanie ciep\u0142a ju\u017c gor\u0105cego napoju przez d\u0142u\u017cszy czas. Dlatego zalecamy umieszczenie fili\u017canki gor\u0105cej kawy lub herbaty na p\u0142ycie grzejnej, aby utrzyma\u0107 jej temperatur\u0119 d\u0142u\u017cej ni\u017c w przypadku umieszczenia jej bezpo\u015brednio na stole lub biurku.<\/p>\n<p>Produkt posiada opcj\u0119 automatycznego wy\u0142\u0105czania po godzinie, dzi\u0119ki czemu nie zapomnisz go wy\u0142\u0105czy\u0107.<\/p>","protected":false},"excerpt":{"rendered":"<p>Znasz to uczucie, kiedy przygotowujesz sobie fili\u017cank\u0119 gor\u0105cego napoju i co\u015b ci\u0119 na chwil\u0119 rozprasza? Zanim wr\u00f3cisz do kuchni godzin\u0119 p\u00f3\u017aniej, Twoja kawa jest ju\u017c zimna i nie nadaje si\u0119 do picia. Mamy dla Ciebie rozwi\u0105zanie! Podgrzewacz do fili\u017canek to najlepszy gad\u017cet dla wszystkich mi\u0142o\u015bnik\u00f3w kawy i herbaty. To nowoczesne urz\u0105dzenie utrzymuje herbat\u0119 zio\u0142ow\u0105 w przyjemnej temperaturze, gdy jeste\u015b zaj\u0119ty. Nie musisz si\u0119 ju\u017c martwi\u0107, \u017ce wypijesz co\u015b zimnego i nieapetycznego. Nasz produkt pomaga utrzyma\u0107 wysok\u0105 temperatur\u0119 napoju i zapewnia produktywno\u015b\u0107 przez ca\u0142y dzie\u0144.<\/p>","protected":false},"featured_media":458,"comment_status":"open","ping_status":"closed","template":"","meta":{"_seopress_robots_primary_cat":"none","_seopress_titles_title":"Chauffe tasse USB pour maintenir la temp\u00e9rature de\u00a0boisson","_seopress_titles_desc":"Le chauffe tasse est un gadget ultime pour tous les amateurs de th\u00e9 et de caf\u00e9 - il permet de maintenir votre boisson pr\u00e9f\u00e9r\u00e9e \u00e0 une temp\u00e9rature agr\u00e9able","_seopress_robots_index":"","_seopress_analysis_target_kw":"chauffe,tasse,chauffe tasse,boisson,chaud"},"product_brand":[],"product_cat":[95,65],"product_tag":[],"class_list":{"0":"post-456","1":"product","2":"type-product","3":"status-publish","4":"has-post-thumbnail","6":"product_cat-chauffe-tasses","7":"product_cat-high-tech","9":"first","10":"instock","11":"shipping-taxable","12":"purchasable","13":"product-type-simple"},"_links":{"self":[{"href":"https:\/\/desk-full.fr\/pl\/wp-json\/wp\/v2\/product\/456","targetHints":{"allow":["GET"]}}],"collection":[{"href":"https:\/\/desk-full.fr\/pl\/wp-json\/wp\/v2\/product"}],"about":[{"href":"https:\/\/desk-full.fr\/pl\/wp-json\/wp\/v2\/types\/product"}],"replies":[{"embeddable":true,"href":"https:\/\/desk-full.fr\/pl\/wp-json\/wp\/v2\/comments?post=456"}],"wp:featuredmedia":[{"embeddable":true,"href":"https:\/\/desk-full.fr\/pl\/wp-json\/wp\/v2\/media\/458"}],"wp:attachment":[{"href":"https:\/\/desk-full.fr\/pl\/wp-json\/wp\/v2\/media?parent=456"}],"wp:term":[{"taxonomy":"product_brand","embeddable":true,"href":"https:\/\/desk-full.fr\/pl\/wp-json\/wp\/v2\/product_brand?post=456"},{"taxonomy":"product_cat","embeddable":true,"href":"https:\/\/desk-full.fr\/pl\/wp-json\/wp\/v2\/product_cat?post=456"},{"taxonomy":"product_tag","embeddable":true,"href":"https:\/\/desk-full.fr\/pl\/wp-json\/wp\/v2\/product_tag?post=456"}],"curies":[{"name":"wp","href":"https:\/\/api.w.org\/{rel}","templated":true}]}}