{"id":5724,"date":"2023-03-30T20:27:18","date_gmt":"2023-03-30T18:27:18","guid":{"rendered":"https:\/\/desk-full.fr\/?post_type=product&#038;p=5724"},"modified":"2023-03-30T20:35:39","modified_gmt":"2023-03-30T18:35:39","slug":"podstawka-pod-laptopa-skladane-akcesorium-niezbedne-do-wygodnej-pracy","status":"publish","type":"product","link":"https:\/\/desk-full.fr\/pl\/produkt\/podstawka-pod-laptopa-skladane-akcesorium-niezbedne-do-wygodnej-pracy\/","title":{"rendered":"Podstawka pod laptopa - sk\u0142adany stojak na biurko - niezb\u0119dnik dla wygodnej pracy"},"content":{"rendered":"<h2>Podstawka pod laptopa: ergonomiczne i wszechstronne rozwi\u0105zanie zapewniaj\u0105ce komfortow\u0105 prac\u0119<\/h2>\n<h3>Wytrzyma\u0142a, wentylowana konstrukcja<\/h3>\n<p>Nasza podstawka pod laptopa wykonana ze stopu aluminium jest wytrzyma\u0142a, lekka i przyjemna w dotyku. Jej wydr\u0105\u017cona, wentylowana konstrukcja zapobiega przegrzewaniu si\u0119 urz\u0105dzenia, przed\u0142u\u017caj\u0105c jego \u017cywotno\u015b\u0107. Odporna na zarysowania i rdz\u0119 podstawka gwarantuje d\u0142ugotrwa\u0142e u\u017cytkowanie.<\/p>\n<h3>Ergonomiczna regulacja dla optymalnego komfortu<\/h3>\n<p>Sk\u0142adana podstawka pod laptopa ma 9 poziom\u00f3w regulacji k\u0105ta i 6 poziom\u00f3w regulacji wysoko\u015bci, aby zapewni\u0107 idealn\u0105 pozycj\u0119 do pracy. Dostosowuj\u0105c k\u0105t widzenia i wysoko\u015b\u0107 ekranu, zmniejszasz ryzyko b\u00f3lu plec\u00f3w, szyi i nadgarstk\u00f3w. Mo\u017cesz wi\u0119c pracowa\u0107 przez wiele godzin w komfortowych warunkach.<\/p>\n<h3>Stabilno\u015b\u0107 i ochrona komputera<\/h3>\n<p>Nasza podstawka jest w stanie wytrzyma\u0107 obci\u0105\u017cenie do 10 kg i jest wyposa\u017cona w odporne na wstrz\u0105sy i upadki silikonowe gumy antypo\u015blizgowe, kt\u00f3re zapewniaj\u0105 stabilno\u015b\u0107 laptopa i zapobiegaj\u0105 zarysowaniom. Antypo\u015blizgowe podk\u0142adki silikonowe chroni\u0105 wszystkie powierzchnie styku i sp\u00f3d laptopa przed po\u015blizgiem i zarysowaniem. Dzi\u0119ki temu mo\u017cesz pracowa\u0107 z pe\u0142nym spokojem.<\/p>\n<h3>\u0141atwy w transporcie i wszechstronny w u\u017cyciu<\/h3>\n<p>Wa\u017c\u0105ca zaledwie 391 g podstawka pod laptopa szybko sk\u0142ada si\u0119 do kompaktowego formatu 29,3 cm x 4,5 cm, dzi\u0119ki czemu jest \u0142atwa w transporcie. Idealna do u\u017cytku w r\u00f3\u017cnych sytuacjach: w biurze, domu, bibliotece, kawiarni itp. Nadaje si\u0119 r\u00f3wnie\u017c do trzymania tablet\u00f3w, projektor\u00f3w, ksi\u0105\u017cek muzycznych lub czasopism.<\/p>\n<h2>Zalety sk\u0142adanych podstawek pod laptopa<\/h2>\n<p>Nasza podstawka pod laptopa oferuje wiele korzy\u015bci:<\/p>\n<ul>\n<li><strong>\u0141atwo\u015b\u0107 u\u017cytkowania<\/strong>\u00a0Dzi\u0119ki wielostopniowej regulacji k\u0105ta nachylenia i wysoko\u015bci mo\u017cna pracowa\u0107 przez wiele godzin bez b\u00f3lu plec\u00f3w, szyi i nadgarstk\u00f3w.<\/li>\n<li><strong>Zapobieganie b\u00f3lom plec\u00f3w i szyi<\/strong>\u00a0Ergonomiczna regulacja umo\u017cliwia przyj\u0119cie idealnej pozycji do pracy.<\/li>\n<li><strong>Poprawiona postawa cia\u0142a<\/strong>\u00a0Dostosowuj\u0105c k\u0105t widzenia i wysoko\u015b\u0107 ekranu, mo\u017cna poprawi\u0107 swoj\u0105 postaw\u0119.<\/li>\n<li><strong>Optymalna wentylacja<\/strong>\u00a0Jego wydr\u0105\u017cona, wentylowana konstrukcja zapobiega przegrzaniu urz\u0105dzenia, przed\u0142u\u017caj\u0105c jego \u017cywotno\u015b\u0107.<\/li>\n<li><strong>\u0141atwy transport<\/strong>\u00a0Wa\u017c\u0105cy zaledwie 391 g i sk\u0142adany bez wysi\u0142ku stojak jest \u0142atwy w transporcie.<\/li>\n<li><strong>Wszechstronne zastosowanie<\/strong>\u00a0Stojak nadaje si\u0119 do podtrzymywania tablet\u00f3w, projektor\u00f3w, ksi\u0105\u017cek muzycznych lub czasopism, dzi\u0119ki czemu jest idealny do u\u017cytku w r\u00f3\u017cnych sytuacjach.<\/li>\n<\/ul>","protected":false},"excerpt":{"rendered":"<p>Odkryj nasz\u0105 sk\u0142adan\u0105 podstawk\u0119 pod komputer, idealnego sprzymierze\u0144ca dla Twojego laptopa! Wykonana z wytrzyma\u0142ego stopu aluminium, zapewnia doskona\u0142\u0105 wentylacj\u0119, aby zapobiec przegrzaniu urz\u0105dzenia. Dzi\u0119ki regulowanej, ergonomicznej konstrukcji mo\u017cna dostosowa\u0107 wysoko\u015b\u0107 i k\u0105t nachylenia, aby uzyska\u0107 optymalny komfort i zapobiec b\u00f3lom plec\u00f3w lub szyi. Lekki, stabilny i \u0142atwy do z\u0142o\u017cenia, jest r\u00f3wnie\u017c przeno\u015bny, dzi\u0119ki czemu mo\u017cna go zabra\u0107 ze sob\u0105 w dowolne miejsce. Ten wielofunkcyjny stojak nadaje si\u0119 do szerokiego zakresu zastosowa\u0144: biura, kuchni, biblioteki itp. Nie czekaj d\u0142u\u017cej i spraw sobie ten praktyczny, przemy\u015blany prezent!<\/p>","protected":false},"featured_media":5740,"comment_status":"open","ping_status":"closed","template":"","meta":{"_seopress_robots_primary_cat":"none","_seopress_titles_title":" Support ordinateur portable\u00a0: Confort et ergonomie garantis ","_seopress_titles_desc":"D\u00e9couvrez notre support pc portable \u2014 un accessoire ergonomique et ajustable pour vous garantir maximum de confort. Must have dans chaque bureau\u2009!","_seopress_robots_index":"","_seopress_analysis_target_kw":"support ordinateur pliable,support PC portable,accessoire ergonomique,ajustable,ventilation,pr\u00e9vention douleurs,transportable,alliage d'aluminium,utilisation polyvalente,support ordinateur portable"},"product_brand":[],"product_cat":[71,75,76],"product_tag":[],"class_list":{"0":"post-5724","1":"product","2":"type-product","3":"status-publish","4":"has-post-thumbnail","6":"product_cat-accessoires-de-bureau-et-confort","7":"product_cat-supports-ordinateur","8":"product_cat-supports-tablette","10":"first","11":"instock","12":"shipping-taxable","13":"purchasable","14":"product-type-simple"},"_links":{"self":[{"href":"https:\/\/desk-full.fr\/pl\/wp-json\/wp\/v2\/product\/5724","targetHints":{"allow":["GET"]}}],"collection":[{"href":"https:\/\/desk-full.fr\/pl\/wp-json\/wp\/v2\/product"}],"about":[{"href":"https:\/\/desk-full.fr\/pl\/wp-json\/wp\/v2\/types\/product"}],"replies":[{"embeddable":true,"href":"https:\/\/desk-full.fr\/pl\/wp-json\/wp\/v2\/comments?post=5724"}],"wp:featuredmedia":[{"embeddable":true,"href":"https:\/\/desk-full.fr\/pl\/wp-json\/wp\/v2\/media\/5740"}],"wp:attachment":[{"href":"https:\/\/desk-full.fr\/pl\/wp-json\/wp\/v2\/media?parent=5724"}],"wp:term":[{"taxonomy":"product_brand","embeddable":true,"href":"https:\/\/desk-full.fr\/pl\/wp-json\/wp\/v2\/product_brand?post=5724"},{"taxonomy":"product_cat","embeddable":true,"href":"https:\/\/desk-full.fr\/pl\/wp-json\/wp\/v2\/product_cat?post=5724"},{"taxonomy":"product_tag","embeddable":true,"href":"https:\/\/desk-full.fr\/pl\/wp-json\/wp\/v2\/product_tag?post=5724"}],"curies":[{"name":"wp","href":"https:\/\/api.w.org\/{rel}","templated":true}]}}