{"id":5730,"date":"2023-03-30T20:45:51","date_gmt":"2023-03-30T18:45:51","guid":{"rendered":"https:\/\/desk-full.fr\/?post_type=product&#038;p=5730"},"modified":"2023-03-30T20:52:54","modified_gmt":"2023-03-30T18:52:54","slug":"stojak-na-laptopa-ergonomiczny-i-praktyczny","status":"publish","type":"product","link":"https:\/\/desk-full.fr\/pl\/produkt\/stojak-na-laptopa-ergonomiczny-i-praktyczny\/","title":{"rendered":"Podstawka pod laptopa \u2013 ergonomiczny i praktyczny stojak na biurko"},"content":{"rendered":"<h2>Sk\u0142adana podstawka pod laptopa: ergonomiczny, przeno\u015bny towarzysz na co dzie\u0144<\/h2>\n<h3>Wysokiej jako\u015bci materia\u0142y i trwa\u0142o\u015b\u0107<\/h3>\n<p>Nasza podstawka pod laptopa to idealne akcesorium do komputera lub tabletu. Wykonana z wysokiej jako\u015bci aluminium i antypo\u015blizgowej gumy, ta lekka, wytrzyma\u0142a i \u0142atwa do przenoszenia podstawka zapewnia optymaln\u0105 stabilno\u015b\u0107 urz\u0105dzenia. Zosta\u0142a zaprojektowana specjalnie dla tablet\u00f3w i laptop\u00f3w o przek\u0105tnej poni\u017cej 16 cali i pomaga skutecznie ch\u0142odzi\u0107 urz\u0105dzenie.<\/p>\n<h3>Lekki, kompaktowy i \u0142atwy do przenoszenia<\/h3>\n<p>Wa\u017c\u0105ca zaledwie 255 gram\u00f3w, sk\u0142adana podstawka z \u0142atwo\u015bci\u0105 mie\u015bci si\u0119 w plecaku. Idealnie nadaje si\u0119 do podr\u00f3\u017cy, podr\u00f3\u017cy poci\u0105giem lub do u\u017cytku w biurze i w domu. Dzi\u0119ki tej podstawce mo\u017cesz pracowa\u0107 wygodnie i wydajnie gdziekolwiek jeste\u015b. Specjalny pokrowiec do\u0142\u0105czony do stojaka u\u0142atwia jego przechowywanie i chroni go przed zadrapaniami i kurzem podczas transportu.<\/p>\n<h3>Ergonomia i zapobieganie b\u00f3lowi<\/h3>\n<p>Dzi\u0119ki ergonomicznej, regulowanej konstrukcji, sk\u0142adana podstawka pod laptopa umo\u017cliwia dostosowanie k\u0105ta nachylenia ekranu na 6 poziomach, zmniejszaj\u0105c b\u00f3l plec\u00f3w, szyi i nadgarstk\u00f3w. Korzystaj\u0105c z tej podstawki, mo\u017cesz pracowa\u0107 przez wiele godzin bez b\u00f3lu i zm\u0119czenia.<\/p>\n<h2>G\u0142\u00f3wne zalety sk\u0142adanego stojaka<\/h2>\n<p>Sk\u0142adana podstawka pod laptopa to idealne akcesorium do komputera lub tabletu. Oferuje szereg zalet:<\/p>\n<ul>\n<li><strong>Poprawiona postawa cia\u0142a<\/strong>\u00a0Dzi\u0119ki regulowanej, ergonomicznej konstrukcji, podpora ta umo\u017cliwia przyj\u0119cie wygodnej pozycji roboczej i zapobiega b\u00f3lom plec\u00f3w, szyi i nadgarstk\u00f3w.<\/li>\n<li><strong>Wydajne ch\u0142odzenie urz\u0105dzenia\u00a0<\/strong>Konstrukcja tej podstawki pod laptopa zapewnia wydajne ch\u0142odzenie urz\u0105dzenia, przed\u0142u\u017caj\u0105c jego \u017cywotno\u015b\u0107.<\/li>\n<li><strong>\u0141atwy w transporcie i u\u017cytkowaniu<\/strong>\u00a0Lekki, kompaktowy i \u0142atwy do przenoszenia, ten sk\u0142adany stojak mo\u017ce by\u0107 u\u017cywany w dowolnym miejscu.<\/li>\n<li><strong>Szybki monta\u017c i demonta\u017c<\/strong>\u00a0Mo\u017cliwo\u015b\u0107 szybkiego z\u0142o\u017cenia i roz\u0142o\u017cenia tego stojaka oznacza, \u017ce mo\u017cna rozpocz\u0105\u0107 wydajn\u0105 prac\u0119.<\/li>\n<li><strong>Stabilno\u015b\u0107 i ochrona komputera\u00a0<\/strong>Dzi\u0119ki antypo\u015blizgowej gumie podstawka ta zapewnia optymaln\u0105 stabilno\u015b\u0107 komputera lub tabletu, jednocze\u015bnie zapobiegaj\u0105c zadrapaniom i uderzeniom.<\/li>\n<\/ul>\n<p>Podsumowuj\u0105c, sk\u0142adana podstawka pod laptopa jest idealnym towarzyszem w codziennym \u017cyciu. Dzi\u0119ki ergonomicznej konstrukcji, niewielkiej wadze, \u0142atwo\u015bci transportu i u\u017cytkowania oraz optymalnej stabilno\u015bci, poprawia komfort pracy, jednocze\u015bnie wyd\u0142u\u017caj\u0105c \u017cywotno\u015b\u0107 urz\u0105dzenia.<\/p>","protected":false},"excerpt":{"rendered":"<p>Wybierz nasz\u0105 sk\u0142adan\u0105 podstawk\u0119 pod laptopa, idealne akcesorium do komputera lub tabletu. Wykonana z wysokiej jako\u015bci aluminium i antypo\u015blizgowej gumy, ta lekka, wytrzyma\u0142a i \u0142atwa do przenoszenia podstawka zwi\u0119ksza komfort pracy. Dzi\u0119ki regulowanej, ergonomicznej konstrukcji pomaga ch\u0142odzi\u0107 urz\u0105dzenie, jednocze\u015bnie zapobiegaj\u0105c b\u00f3lom plec\u00f3w, szyi lub cie\u015bni nadgarstka. \u0141atwa w monta\u017cu i demonta\u017cu, kompaktowa, sk\u0142adana podstawka mie\u015bci si\u0119 w plecaku lub na biurku.<\/p>","protected":false},"featured_media":5753,"comment_status":"open","ping_status":"closed","template":"","meta":{"_seopress_robots_primary_cat":"none","_seopress_titles_title":"Support ordinateur portable\u00a0: confort et praticit\u00e9 \u00e0 port\u00e9e de main\u2009!","_seopress_titles_desc":"Le support PC portable pliable allie ergonomie, l\u00e9g\u00e8ret\u00e9 et praticit\u00e9 pour am\u00e9liorer votre confort de travail. D\u00e9couvrez ses nombreux avantages d\u00e8s maintenant\u2009!","_seopress_robots_index":"","_seopress_analysis_target_kw":"support PC portable pliable,ergonomique,refroidissement,antid\u00e9rapant,transportable,ajustable,pliable,support ordinateur portable"},"product_brand":[],"product_cat":[71,75],"product_tag":[],"class_list":{"0":"post-5730","1":"product","2":"type-product","3":"status-publish","4":"has-post-thumbnail","6":"product_cat-accessoires-de-bureau-et-confort","7":"product_cat-supports-ordinateur","9":"first","10":"instock","11":"shipping-taxable","12":"purchasable","13":"product-type-simple"},"_links":{"self":[{"href":"https:\/\/desk-full.fr\/pl\/wp-json\/wp\/v2\/product\/5730","targetHints":{"allow":["GET"]}}],"collection":[{"href":"https:\/\/desk-full.fr\/pl\/wp-json\/wp\/v2\/product"}],"about":[{"href":"https:\/\/desk-full.fr\/pl\/wp-json\/wp\/v2\/types\/product"}],"replies":[{"embeddable":true,"href":"https:\/\/desk-full.fr\/pl\/wp-json\/wp\/v2\/comments?post=5730"}],"wp:featuredmedia":[{"embeddable":true,"href":"https:\/\/desk-full.fr\/pl\/wp-json\/wp\/v2\/media\/5753"}],"wp:attachment":[{"href":"https:\/\/desk-full.fr\/pl\/wp-json\/wp\/v2\/media?parent=5730"}],"wp:term":[{"taxonomy":"product_brand","embeddable":true,"href":"https:\/\/desk-full.fr\/pl\/wp-json\/wp\/v2\/product_brand?post=5730"},{"taxonomy":"product_cat","embeddable":true,"href":"https:\/\/desk-full.fr\/pl\/wp-json\/wp\/v2\/product_cat?post=5730"},{"taxonomy":"product_tag","embeddable":true,"href":"https:\/\/desk-full.fr\/pl\/wp-json\/wp\/v2\/product_tag?post=5730"}],"curies":[{"name":"wp","href":"https:\/\/api.w.org\/{rel}","templated":true}]}}