{"id":5734,"date":"2023-03-30T21:02:11","date_gmt":"2023-03-30T19:02:11","guid":{"rendered":"https:\/\/desk-full.fr\/?post_type=product&#038;p=5734"},"modified":"2023-03-30T21:02:11","modified_gmt":"2023-03-30T19:02:11","slug":"wszechstronny-i-ergonomiczny-stojak-na-komputer-i-tablet-dla-optymalnego-komfortu","status":"publish","type":"product","link":"https:\/\/desk-full.fr\/pl\/produkt\/wszechstronny-i-ergonomiczny-stojak-na-komputer-i-tablet-dla-optymalnego-komfortu\/","title":{"rendered":"Podstawka - laptop i tablet - wszechstronny i ergonomiczny uchwyt dla optymalnego komfortu"},"content":{"rendered":"<h2>Uchwyt na komputer i tablet: Tw\u00f3j sprzymierzeniec w wygodnej pracy<\/h2>\n<h3>Wszechstronne i praktyczne zastosowanie<\/h3>\n<p>Nasz stojak na komputer i tablet mo\u017cna \u0142atwo dostosowa\u0107 do w\u0142asnych potrzeb:<\/p>\n<ul>\n<li><strong>Podstawka pod laptopa<\/strong>\u00a0Zoptymalizuj swoje miejsce pracy i postaw\u0119, dostosowuj\u0105c wysoko\u015b\u0107 i k\u0105t nachylenia komputera.<\/li>\n<li><strong>Pionowy schowek na komputer, iPada lub inne tablety\u00a0<\/strong>Oszcz\u0119dno\u015b\u0107 miejsca na biurku i efektywne przechowywanie urz\u0105dze\u0144.<\/li>\n<li><strong>Obs\u0142uga ksi\u0105\u017cek, czasopism i menu<\/strong>\u00a0Idealny do \u0142atwego przegl\u0105dania dokument\u00f3w.<\/li>\n<\/ul>\n<p>Ten wszechstronny stojak jest idealny do u\u017cytku w domu, w biurze, w bibliotece lub na zewn\u0105trz.<\/p>\n<h3>Ergonomiczna konstrukcja zmniejszaj\u0105ca zm\u0119czenie<\/h3>\n<p>Wysoko\u015b\u0107 i k\u0105t widzenia naszego stojaka zosta\u0142y zaprojektowane tak, aby zmniejszy\u0107 zm\u0119czenie i poprawi\u0107 postaw\u0119 podczas korzystania z komputera lub tabletu. Dzi\u0119ki jej ergonomicznym cechom, mo\u017cesz cieszy\u0107 si\u0119 bardziej komfortow\u0105 i produktywn\u0105 prac\u0105. Konstrukcja u\u0142atwia r\u00f3wnie\u017c odprowadzanie ciep\u0142a z urz\u0105dzenia, zapobiegaj\u0105c przegrzaniu i wyd\u0142u\u017caj\u0105c jego \u017cywotno\u015b\u0107. Co wi\u0119cej, pomaga utrzyma\u0107 czysto\u015b\u0107 i porz\u0105dek w miejscu pracy.<\/p>\n<h4>G\u0142\u00f3wne cechy:<\/h4>\n<ul>\n<li>Materia\u0142y: stop aluminium i silikon<\/li>\n<li>Otwarta konstrukcja dla lepszej wentylacji<\/li>\n<li>Stabilny i wytrzyma\u0142y dzi\u0119ki tr\u00f3jk\u0105tnej konstrukcji<\/li>\n<li>Antypo\u015blizgowe podk\u0142adki silikonowe chroni\u0105ce urz\u0105dzenie przed zarysowaniami i po\u015blizgiem<\/li>\n<\/ul>\n<h3>Szeroka kompatybilno\u015b\u0107 i \u0142atwa instalacja<\/h3>\n<p>Nasza podstawka jest kompatybilna z szerok\u0105 gam\u0105 urz\u0105dze\u0144, od laptop\u00f3w po tablety, i jest dost\u0119pna w dw\u00f3ch rozmiarach w zale\u017cno\u015bci od potrzeb. Mniejszy rozmiar jest odpowiedni dla urz\u0105dze\u0144 o przek\u0105tnej od 13 do 14 cali, podczas gdy wi\u0119kszy rozmiar jest odpowiedni dla komputer\u00f3w o przek\u0105tnej od 15 do 17,4 cala. Instalacja jest szybka i \u0142atwa, co pozwala cieszy\u0107 si\u0119 now\u0105 podstawk\u0105 w mgnieniu oka.<\/p>\n<p>Dzi\u0119ki naszej podstawce pod komputer i tablet b\u0119dziesz cieszy\u0107 si\u0119 nie tylko wi\u0119kszym komfortem, ale tak\u017ce bardziej zorganizowanym i ergonomicznym miejscem pracy. Nie czekaj d\u0142u\u017cej, aby poprawi\u0107 swoje codzienne \u017cycie i zam\u00f3w wielofunkcyjn\u0105 podp\u00f3rk\u0119 ju\u017c teraz!<\/p>","protected":false},"excerpt":{"rendered":"<p>Wybierz nasz\u0105 sk\u0142adan\u0105 podstawk\u0119 pod laptopa, idealne akcesorium do komputera lub tabletu o przek\u0105tnej do 16 cali. Wykonana z wysokiej jako\u015bci aluminium i antypo\u015blizgowej gumy, ta lekka, wytrzyma\u0142a i \u0142atwa do przenoszenia podstawka poprawia komfort pracy. Pomaga ch\u0142odzi\u0107 urz\u0105dzenie i zapobiega b\u00f3lom plec\u00f3w, szyi i cie\u015bni nadgarstka dzi\u0119ki regulowanej, ergonomicznej konstrukcji. \u0141atwy w monta\u017cu i demonta\u017cu, ten kompaktowy, sk\u0142adany stojak mie\u015bci si\u0119 w plecaku.<\/p>","protected":false},"featured_media":5754,"comment_status":"open","ping_status":"closed","template":"","meta":{"_seopress_robots_primary_cat":"none","_seopress_titles_title":"Support ordinateur portable et tablette\u00a0: ergonomie et polyvalence","_seopress_titles_desc":"Optez pour notre support ordinateur portable et tablette pour am\u00e9liorer votre posture et r\u00e9duire la fatigue. Profitez de sa conception ergonomique\u2009!","_seopress_robots_index":"","_seopress_analysis_target_kw":"support ordinateur et tablette,alliage d'aluminium,silicone antid\u00e9rapant,ergonomique,polyvalent,ventilation,dissipation thermique,rangement vertical,confort,ajustable"},"product_brand":[],"product_cat":[71,75,76],"product_tag":[],"class_list":{"0":"post-5734","1":"product","2":"type-product","3":"status-publish","4":"has-post-thumbnail","6":"product_cat-accessoires-de-bureau-et-confort","7":"product_cat-supports-ordinateur","8":"product_cat-supports-tablette","10":"first","11":"instock","12":"shipping-taxable","13":"purchasable","14":"product-type-variable"},"_links":{"self":[{"href":"https:\/\/desk-full.fr\/pl\/wp-json\/wp\/v2\/product\/5734","targetHints":{"allow":["GET"]}}],"collection":[{"href":"https:\/\/desk-full.fr\/pl\/wp-json\/wp\/v2\/product"}],"about":[{"href":"https:\/\/desk-full.fr\/pl\/wp-json\/wp\/v2\/types\/product"}],"replies":[{"embeddable":true,"href":"https:\/\/desk-full.fr\/pl\/wp-json\/wp\/v2\/comments?post=5734"}],"wp:featuredmedia":[{"embeddable":true,"href":"https:\/\/desk-full.fr\/pl\/wp-json\/wp\/v2\/media\/5754"}],"wp:attachment":[{"href":"https:\/\/desk-full.fr\/pl\/wp-json\/wp\/v2\/media?parent=5734"}],"wp:term":[{"taxonomy":"product_brand","embeddable":true,"href":"https:\/\/desk-full.fr\/pl\/wp-json\/wp\/v2\/product_brand?post=5734"},{"taxonomy":"product_cat","embeddable":true,"href":"https:\/\/desk-full.fr\/pl\/wp-json\/wp\/v2\/product_cat?post=5734"},{"taxonomy":"product_tag","embeddable":true,"href":"https:\/\/desk-full.fr\/pl\/wp-json\/wp\/v2\/product_tag?post=5734"}],"curies":[{"name":"wp","href":"https:\/\/api.w.org\/{rel}","templated":true}]}}