{"id":5783,"date":"2023-04-02T21:36:01","date_gmt":"2023-04-02T19:36:01","guid":{"rendered":"https:\/\/desk-full.fr\/?post_type=product&#038;p=5783"},"modified":"2023-04-02T21:36:23","modified_gmt":"2023-04-02T19:36:23","slug":"mata-na-biurko-optymalne-doswiadczenie-gamingowe","status":"publish","type":"product","link":"https:\/\/desk-full.fr\/pl\/produkt\/mata-na-biurko-optymalne-doswiadczenie-gamingowe\/","title":{"rendered":"Podk\u0142adka na biurko - gamingowa mata ochronna"},"content":{"rendered":"<h2>Odkryj podk\u0142adk\u0119 na biurko dla graczy, zapewniaj\u0105c\u0105 niezr\u00f3wnane wra\u017cenia podczas rozgrywki<\/h2>\n<h3>Odmie\u0144 swoj\u0105 przestrze\u0144 do grania dzi\u0119ki naszej podk\u0142adce pod mysz dla graczy<\/h3>\n<p>Nasza mata na biurko zosta\u0142a specjalnie zaprojektowana, aby poprawi\u0107 wra\u017cenia gamingowe. Dzi\u0119ki g\u0142adkiej, wytrzyma\u0142ej powierzchni zapewnia optymaln\u0105 precyzj\u0119 ruchu i zwi\u0119kszon\u0105 szybko\u015b\u0107 reakcji podczas sesji gamingowych. Co wi\u0119cej, jej antypo\u015blizgowa gumowa pow\u0142oka zapewnia doskona\u0142\u0105 stabilno\u015b\u0107 i przyczepno\u015b\u0107, dzi\u0119ki czemu mo\u017cesz skoncentrowa\u0107 si\u0119 na grach bez niepo\u017c\u0105danych przesuni\u0119\u0107.<\/p>\n<h3>Chro\u0144 swoje biuro w dobrym stylu<\/h3>\n<p>Podk\u0142adka ochronna zosta\u0142a wykonana z trwa\u0142ych materia\u0142\u00f3w, kt\u00f3re nie tylko zapewniaj\u0105 niezr\u00f3wnany komfort u\u017cytkowania, ale tak\u017ce skutecznie chroni\u0105 powierzchni\u0119 biurka przed zarysowaniami i zabrudzeniami. Zdajemy sobie spraw\u0119, jak istotne jest utrzymanie wysokiej jako\u015bci miejsca pracy, dlatego nasza podk\u0142adka pod mysz jest idealnym rozwi\u0105zaniem, kt\u00f3re pozwoli Ci utrzyma\u0107 biurko w doskona\u0142ym stanie przez wiele lat<\/p>\n<h3>Dostosuj rozmiar do swoich potrzeb i stylu<\/h3>\n<p>Nasze podk\u0142adki pod mysz dla graczy s\u0105 dost\u0119pne w r\u00f3\u017cnych rozmiarach, dzi\u0119ki czemu idealnie dopasujesz je do swoich w\u0142asnych preferencji i przestrzeni do gry. Ka\u017cdy model jest wykonany z wysokiej jako\u015bci materia\u0142\u00f3w, aby zapewni\u0107 wyj\u0105tkow\u0105 trwa\u0142o\u015b\u0107 i komfort.<\/p>\n<h3>Najwa\u017cniejsze cechy<\/h3>\n<p>Nasza mata na biurko zosta\u0142a zaprojektowana z my\u015bl\u0105 o potrzebach najbardziej zapalonych graczy:<\/p>\n<ul>\n<li>G\u0142adka, wytrzyma\u0142a powierzchnia dla maksymalnej precyzji<\/li>\n<li>Antypo\u015blizgowa gumowa podstawa zapewniaj\u0105ca optymaln\u0105 stabilno\u015b\u0107<\/li>\n<li>R\u00f3\u017cne rozmiary i formaty dostosowane do wielu potrzeb<\/li>\n<li>Wysokiej jako\u015bci materia\u0142y zapewniaj\u0105ce trwa\u0142o\u015b\u0107 i wygod\u0119<\/li>\n<li>Nowoczesny, elegancki design zapewniaj\u0105cy wyj\u0105tkow\u0105 estetyk\u0119<\/li>\n<\/ul>\n<h2>Oto idealna mata na biurko dopasowana do Twoich preferencji<\/h2>\n<p>Wybierz idealn\u0105 podk\u0142adk\u0119 pod mysz dla graczy, dopasowan\u0105 do Twoich preferencji i zanurz si\u0119 we wci\u0105gaj\u0105cej rozgrywce.<\/p>\n<h3>Szczeg\u00f3\u0142owy opis techniczny:<\/h3>\n<ul>\n<li>Wysokiej jako\u015bci druk HD, nieblakn\u0105cy i \u0142atwy do utrzymania w czysto\u015bci<\/li>\n<li>Gruby materia\u0142 o wysokiej g\u0119sto\u015bci zapewnia doskona\u0142e wra\u017cenia u\u017cytkownika<\/li>\n<li>Antypo\u015blizgowa gumowa podstawa, bezpieczna, nietoksyczna<\/li>\n<li>Odporno\u015b\u0107 na odkszta\u0142cenia dla wyd\u0142u\u017conej \u017cywotno\u015bci<\/li>\n<\/ul>\n<p>Nie czekaj d\u0142u\u017cej, aby polepszy\u0107 swoje wra\u017cenia z gry dzi\u0119ki naszej podk\u0142adce na biurko, \u0142\u0105cz\u0105cej wydajno\u015b\u0107, wygod\u0119 i styl \ud83c\udfae<\/p>\n<p>&nbsp;<\/p>","protected":false},"excerpt":{"rendered":"<p>Odkryj nasz\u0105 bestsellerow\u0105 podk\u0142adk\u0119 na biurko dedykowan\u0105 dla graczy - najlepsze doznania gamingowe gwarantowane! Dobrze dobrana podk\u0142adka pod mysz jest niezb\u0119dna dla maksymalnej wydajno\u015bci i optymalnego komfortu, kt\u00f3rego tak bardzo potrzebujesz. Wybrali\u015bmy dla Ciebie najlepszy model, dostosowany do potrzeb graczy, a tak\u017ce ka\u017cdego, kto pracuje z komputerem.<\/p>\n<p>Nasza mata jest dostatecznie du\u017ca, aby wygodnie pomie\u015bci\u0107 zar\u00f3wno mysz, jak i klawiatur\u0119, a ponadto jest dost\u0119pna w trzech rozmiarach, aby idealnie dopasowa\u0107 si\u0119 do Twojego biurka. Podk\u0142adka posiada ciekawy nadruk, dodaj\u0105c jej stylu i elegancji. Wz\u00f3r sk\u0142ada si\u0119 z asymetrycznych, p\u0142ynnych kszta\u0142t\u00f3w oraz linii, tworz\u0105cych nowoczesny motyw. Mata jest zar\u00f3wno funkcjonalna, jak i estetyczna. Zapewnia g\u0142adk\u0105 powierzchni\u0119 dla myszy, podnosz\u0105c komfort u\u017cytkowania, jednocze\u015bnie chroni\u0105c Twoje biurko przed zarysowaniami. Elegancki, nowoczesny design idealnie pasuje do r\u00f3\u017cnego rodzaju biur.<\/p>\n<p>Podk\u0142adka pod mysz to prosty, ale wa\u017cny dodatek. Doskonale poprawi komfort pracy i doda odrobin\u0119 estetyki na Twoim biurku. Zam\u00f3w nasz\u0105 podk\u0142adk\u0119 ju\u017c teraz i ciesz si\u0119 bardziej komfortowym i przyjemnym \u015brodowiskiem pracy.<\/p>\n<p>Nie czekaj d\u0142u\u017cej, aby w pe\u0142ni cieszy\u0107 si\u0119 swoimi ulubionymi grami dzi\u0119ki naszej podk\u0142adce na biurko! \ud83c\udfae<\/p>","protected":false},"featured_media":5863,"comment_status":"open","ping_status":"closed","template":"","meta":{"_seopress_robots_primary_cat":"none","_seopress_titles_title":"Tapis de souris gamer - Surface xxl, lisse, et moderne pour gaming","_seopress_titles_desc":"D\u00e9couvrez notre tapis de souris gamer, con\u00e7u pour les amateurs de jeu pour am\u00e9liorer leur exp\u00e9rience. Disponible en plusieurs tailles\u2009!","_seopress_robots_index":"","_seopress_analysis_target_kw":"tapis de souris gamer,tapis gaming,meilleur tapis de souris,tapis de souris XXL,tapis de souris antid\u00e9rapant,tapis de souris pour PC,base antid\u00e9rapante,tapis de souris en caoutchouc,tapis de souris con\u00e7us pour les gamers"},"product_brand":[],"product_cat":[71,74,73],"product_tag":[],"class_list":{"0":"post-5783","1":"product","2":"type-product","3":"status-publish","4":"has-post-thumbnail","6":"product_cat-accessoires-de-bureau-et-confort","7":"product_cat-tapis-de-bureau","8":"product_cat-tapis-de-souris","10":"first","11":"instock","12":"shipping-taxable","13":"purchasable","14":"product-type-variable"},"_links":{"self":[{"href":"https:\/\/desk-full.fr\/pl\/wp-json\/wp\/v2\/product\/5783","targetHints":{"allow":["GET"]}}],"collection":[{"href":"https:\/\/desk-full.fr\/pl\/wp-json\/wp\/v2\/product"}],"about":[{"href":"https:\/\/desk-full.fr\/pl\/wp-json\/wp\/v2\/types\/product"}],"replies":[{"embeddable":true,"href":"https:\/\/desk-full.fr\/pl\/wp-json\/wp\/v2\/comments?post=5783"}],"wp:featuredmedia":[{"embeddable":true,"href":"https:\/\/desk-full.fr\/pl\/wp-json\/wp\/v2\/media\/5863"}],"wp:attachment":[{"href":"https:\/\/desk-full.fr\/pl\/wp-json\/wp\/v2\/media?parent=5783"}],"wp:term":[{"taxonomy":"product_brand","embeddable":true,"href":"https:\/\/desk-full.fr\/pl\/wp-json\/wp\/v2\/product_brand?post=5783"},{"taxonomy":"product_cat","embeddable":true,"href":"https:\/\/desk-full.fr\/pl\/wp-json\/wp\/v2\/product_cat?post=5783"},{"taxonomy":"product_tag","embeddable":true,"href":"https:\/\/desk-full.fr\/pl\/wp-json\/wp\/v2\/product_tag?post=5783"}],"curies":[{"name":"wp","href":"https:\/\/api.w.org\/{rel}","templated":true}]}}