{"id":5790,"date":"2023-04-02T21:27:14","date_gmt":"2023-04-02T19:27:14","guid":{"rendered":"https:\/\/desk-full.fr\/?post_type=product&#038;p=5790"},"modified":"2023-04-02T21:31:41","modified_gmt":"2023-04-02T19:31:41","slug":"podkladka-pod-myszke-kwiatowe-wzory-wiele-motywow","status":"publish","type":"product","link":"https:\/\/desk-full.fr\/pl\/produkt\/podkladka-pod-myszke-kwiatowe-wzory-wiele-motywow\/","title":{"rendered":"Podk\u0142adka pod myszk\u0119 w kwiaty - wiele wzor\u00f3w"},"content":{"rendered":"<h2>Podk\u0142adka pod mysz w kwiaty udekoruje Twoje biuro<\/h2>\n<h3>Elegancki, koj\u0105cy design<\/h3>\n<p>Nasza podk\u0142adka pod mysz w kwiaty zosta\u0142a zaprojektowana z my\u015bl\u0105 o wzbogaceniu przestrzeni roboczej o delikatny, kolorowy wz\u00f3r. Zainspirowana pi\u0119knem natury, wprowadza do biura koj\u0105c\u0105 i inspiruj\u0105c\u0105 atmosfer\u0119, promuj\u0105c kreatywno\u015b\u0107 i dobre samopoczucie.<\/p>\n<h3>Ekologiczne i wysokiej jako\u015bci materia\u0142y<\/h3>\n<p>Wykonana z mi\u0119kkiego, oddychaj\u0105cego i przyjaznego dla \u015brodowiska materia\u0142u, ta podk\u0142adka pod mysz jest nieodkszta\u0142calna i nietoksyczna, bez \u017cadnych chemikali\u00f3w. Co wi\u0119cej, w przeciwie\u0144stwie do innych podk\u0142adek pod mysz dost\u0119pnych na rynku, nasze podk\u0142adki s\u0105 bezzapachowe!<\/p>\n<h3>Wyb\u00f3r wariant\u00f3w i personalizacja<\/h3>\n<p>Podk\u0142adka pod mysz jest dost\u0119pna w kilku wariantach, dzi\u0119ki czemu mo\u017cesz wybra\u0107 ten, kt\u00f3ry najlepiej pasuje do Twojego gustu i stylu Twojego biura. Spersonalizuj swoje miejsce pracy za pomoc\u0105 wyj\u0105tkowej i urzekaj\u0105cej podk\u0142adki pod mysz w kwiaty.<\/p>\n<h2>Komfort i wygoda na co dzie\u0144<\/h2>\n<h3>Antypo\u015blizgowa podstawa dla optymalnego u\u017cytkowania<\/h3>\n<p>Dzi\u0119ki antypo\u015blizgowej podstawie z gumy PU ta podk\u0142adka pod mysz mocno przylega do biurka bez ryzyka po\u015blizgni\u0119cia si\u0119 lub niepo\u017c\u0105danego ruchu. Ta stabilno\u015b\u0107 oznacza, \u017ce mo\u017cesz skoncentrowa\u0107 si\u0119 na pracy lub nauce z ca\u0142kowitym spokojem.<\/p>\n<h3>Ochrona nadgarstk\u00f3w i zmniejszenie zm\u0119czenia<\/h3>\n<p>Dzi\u0119ki ergonomicznemu kszta\u0142towi i pami\u0119ci kszta\u0142tu ta podk\u0142adka pod mysz zapewnia dobre wyczucie i skuteczne wsparcie nadgarstka. Zapobiega b\u00f3lom ramion, nadgarstk\u00f3w i d\u0142oni podczas korzystania z komputera oraz redukuje stres i zm\u0119czenie nadgarstka do minimum.<\/p>\n<h3>Doskona\u0142y rozmiar i odporno\u015b\u0107 na odkszta\u0142cenia<\/h3>\n<p>Dzi\u0119ki idealnemu rozmiarowi 228 x 192 mm i grubo\u015bci 16 mm, nasza podk\u0142adka pod mysz dostosowuje si\u0119 do wszystkich typ\u00f3w myszy i zapewnia optymalny komfort. Wzmocnione kraw\u0119dzie skutecznie zapobiegaj\u0105 odkszta\u0142ceniom i uszkodzeniom, zapewniaj\u0105c d\u0142ugotrwa\u0142e u\u017cytkowanie.<\/p>\n<h2>Idealny prezent dla mi\u0142o\u015bnik\u00f3w przyrody<\/h2>\n<p>Podaruj swoim bliskim t\u0119 kwiecist\u0105 podk\u0142adk\u0119 pod mysz i zaskocz ich prezentem, kt\u00f3ry jest zar\u00f3wno estetyczny, jak i praktyczny. To idealny prezent dla fan\u00f3w motyw\u00f3w kwiatowych i pi\u0119knych przedmiot\u00f3w, kt\u00f3ry zachwyci nawet najbardziej wymagaj\u0105cych.<\/p>\n<h3>Szczeg\u00f3\u0142owy opis techniczny:<\/h3>\n<ul>\n<li>Wysokiej jako\u015bci druk HD, nieblakn\u0105cy i \u0142atwy do utrzymania w czysto\u015bci<\/li>\n<li>Gruby materia\u0142 o wysokiej g\u0119sto\u015bci zapewnia doskona\u0142e wra\u017cenia z u\u017cytkowania<\/li>\n<li>Antypo\u015blizgowa gumowa podstawa, bezpieczna, nietoksyczna<\/li>\n<li>Odporno\u015b\u0107 na odkszta\u0142cenia; wodoodporno\u015b\u0107<\/li>\n<\/ul>","protected":false},"excerpt":{"rendered":"<p>Zapewnij sobie odrobin\u0119 elegancji dzi\u0119ki naszej podk\u0142adce pod mysz z kwiatowym motywem, doskona\u0142emu dodatkowi do personalizacji biurka. Idealna dla mi\u0142o\u015bnik\u00f3w natury, ta podk\u0142adka pod myszk\u0119 \u0142\u0105czy w sobie komfort, jako\u015b\u0107 i design, aby wzbogaci\u0107 Twoje miejsce pracy.<\/p>\n<p>Kwiatowy wz\u00f3r zapewnia koj\u0105c\u0105 i inspiruj\u0105c\u0105 atmosfer\u0119, umo\u017cliwiaj\u0105c\u0105 prac\u0119 lub nauk\u0119 w najlepszych mo\u017cliwych warunkach. Wykonana z trwa\u0142ych, nietoksycznych materia\u0142\u00f3w, ta podk\u0142adka pod mysz jest wytrzyma\u0142a, odporna i nie wydziela nieprzyjemnych zapach\u00f3w. Jej antypo\u015blizgowa gumowa pow\u0142oka zapewnia optymaln\u0105 stabilno\u015b\u0107, zapobiegaj\u0105c niepo\u017c\u0105danym przemieszczeniom podczas korzystania z komputera.<\/p>\n<p>Dzi\u0119ki idealnemu rozmiarowi 228 x 192 mm i optymalnej grubo\u015bci, nasza podk\u0142adka dostosowuje si\u0119 do wszystkich rodzj\u00f3w myszy i zapewnia najlepszy komfort. Wzmocnione kraw\u0119dzie skutecznie zapobiegaj\u0105 odkszta\u0142ceniom i uszkodzeniom, zapewniaj\u0105c d\u0142ugotrwa\u0142e u\u017cytkowanie.<\/p>\n<p>Podk\u0142adka pod mysz w kwiaty to idealny pomys\u0142 na prezent dla bliskiej osoby, \u0142\u0105cz\u0105cy w sobie estetyk\u0119 i praktyczno\u015b\u0107. Nie czekaj d\u0142u\u017cej i spersonalizuj swoje biurko za pomoc\u0105 naszej kwiatowej podk\u0142adki, wyj\u0105tkowego elementu, kt\u00f3ry zachwyci wszystkich fan\u00f3w kwiatowych motyw\u00f3w.<\/p>","protected":false},"featured_media":5862,"comment_status":"open","ping_status":"closed","template":"","meta":{"_seopress_robots_primary_cat":"none","_seopress_titles_title":"\ud83c\udf38 Tapis de Souris Floral\u00a0: Design unique &amp; confort ","_seopress_titles_desc":"D\u00e9couvrez notre tapis de souris motif floral, le compl\u00e9ment id\u00e9al pour personnaliser votre bureau. Confort, qualit\u00e9 et design \u00e9l\u00e9gant.","_seopress_robots_index":"","_seopress_analysis_target_kw":"tapis de souris floral,tapis de souris fleur,motif floral,personnaliser bureau,tapis de souris de jeu,confort poignets,base antid\u00e9rapante,id\u00e9e cadeau"},"product_brand":[],"product_cat":[71,73],"product_tag":[],"class_list":{"0":"post-5790","1":"product","2":"type-product","3":"status-publish","4":"has-post-thumbnail","6":"product_cat-accessoires-de-bureau-et-confort","7":"product_cat-tapis-de-souris","9":"first","10":"instock","11":"shipping-taxable","12":"purchasable","13":"product-type-variable"},"_links":{"self":[{"href":"https:\/\/desk-full.fr\/pl\/wp-json\/wp\/v2\/product\/5790","targetHints":{"allow":["GET"]}}],"collection":[{"href":"https:\/\/desk-full.fr\/pl\/wp-json\/wp\/v2\/product"}],"about":[{"href":"https:\/\/desk-full.fr\/pl\/wp-json\/wp\/v2\/types\/product"}],"replies":[{"embeddable":true,"href":"https:\/\/desk-full.fr\/pl\/wp-json\/wp\/v2\/comments?post=5790"}],"wp:featuredmedia":[{"embeddable":true,"href":"https:\/\/desk-full.fr\/pl\/wp-json\/wp\/v2\/media\/5862"}],"wp:attachment":[{"href":"https:\/\/desk-full.fr\/pl\/wp-json\/wp\/v2\/media?parent=5790"}],"wp:term":[{"taxonomy":"product_brand","embeddable":true,"href":"https:\/\/desk-full.fr\/pl\/wp-json\/wp\/v2\/product_brand?post=5790"},{"taxonomy":"product_cat","embeddable":true,"href":"https:\/\/desk-full.fr\/pl\/wp-json\/wp\/v2\/product_cat?post=5790"},{"taxonomy":"product_tag","embeddable":true,"href":"https:\/\/desk-full.fr\/pl\/wp-json\/wp\/v2\/product_tag?post=5790"}],"curies":[{"name":"wp","href":"https:\/\/api.w.org\/{rel}","templated":true}]}}