{"id":6161,"date":"2023-08-04T14:13:49","date_gmt":"2023-08-04T12:13:49","guid":{"rendered":"https:\/\/desk-full.fr\/?post_type=product&#038;p=6161"},"modified":"2023-08-04T14:13:49","modified_gmt":"2023-08-04T12:13:49","slug":"cloud-cutter-nozyk-w-ksztalcie-chmury","status":"publish","type":"product","link":"https:\/\/desk-full.fr\/pl\/produkt\/cloud-cutter-nozyk-w-ksztalcie-chmury\/","title":{"rendered":"Cloud Cutter - no\u017cyk z wysuwanym ostrzem w kszta\u0142cie chmury"},"content":{"rendered":"<h2>Cloud Cutter - no\u017cyk w kszta\u0142cie chmurki, Tw\u00f3j codzienny sprzymierzeniec, niezast\u0105piony w scrapbookingu \ud83c\udf08 \u2601\ufe0f<\/h2>\n<p>Cloud Cutter to co\u015b wi\u0119cej ni\u017c tylko no\u017cyk, to codzienny towarzysz, zawsze pod r\u0119k\u0105, aby pom\u00f3c Ci w codziennych zadaniach. Jego wysuwane ostrze i kszta\u0142t chmurki sprawiaj\u0105, \u017ce jest to zar\u00f3wno urocze, jak i praktyczne narz\u0119dzie do ci\u0119cia.<\/p>\n<h3>Precyzyjne ostrze tn\u0105ce \ud83d\udcd0<\/h3>\n<p>Wysuwane ostrze o d\u0142ugo\u015bci 1 cm zosta\u0142o zaprojektowane do wykonywania precyzyjnych ci\u0119\u0107 z niepokoj\u0105c\u0105 \u0142atwo\u015bci\u0105. Niezale\u017cnie od tego, czy zajmujesz si\u0119 scrapbookingiem, ci\u0119ciem papieru, u\u017cywasz go jako otwieracza do list\u00f3w, czy po prostu otwierasz paczki lub listy, Cloud Cutter jest idealnym narz\u0119dziem.<\/p>\n<h3>Urocza, praktyczna konstrukcja<\/h3>\n<p>Jego konstrukcja w kszta\u0142cie chmurki jest nie tylko urocza, ale tak\u017ce bardzo praktyczna. Dzi\u0119ki kompaktowym rozmiarom 40\u00d760 mm, \u0142atwo mie\u015bci si\u0119 w walizce, gotowy do u\u017cycia w dowolnym momencie.<\/p>\n<h3>Wybierz kolor<\/h3>\n<p>Cloud Cutter jest dost\u0119pny w r\u00f3\u017cnych kolorach, aby dopasowa\u0107 si\u0119 do Twojego nastroju: r\u00f3\u017cowy, niebieski, bia\u0142y, fioletowy, pomara\u0144czowy i zielony. Wybierz kolor, kt\u00f3ry najbardziej Ci odpowiada!<\/p>\n<h4>Informacje techniczne :<\/h4>\n<p>Rozmiar: 40\u00d760 mm<br \/>\nChowane ostrze o d\u0142ugo\u015bci 1 cm<br \/>\nIdealny do scrapbookingu, ci\u0119cia papieru, otwierania paczek i list\u00f3w.<br \/>\nDost\u0119pne w kolorze r\u00f3\u017cowym, niebieskim, bia\u0142ym, fioletowym, pomara\u0144czowym i zielonym.<br \/>\nZawarto\u015b\u0107 zam\u00f3wienia:<br \/>\n1 x obcinacz do chmur w wybranym kolorze.<\/p>\n<p>Nie pozw\u00f3l, aby ta okazja Ci\u0119 omin\u0119\u0142a, kup sw\u00f3j Cloud Cutter ju\u017c teraz i dodaj odrobin\u0119 koloru do swojego codziennego \u017cycia!<br \/>\nNale\u017cy pami\u0119ta\u0107, \u017ce ostrze jest ostre i produkt nie jest odpowiedni dla dzieci. Podczas korzystania z tego produktu nale\u017cy zachowa\u0107 wszelkie niezb\u0119dne \u015brodki ostro\u017cno\u015bci.<\/p>","protected":false},"excerpt":{"rendered":"<p>Odkryj nasz Cloud Cutter, ma\u0142e cudo w kszta\u0142cie chmurki \u2601\ufe0f zawieraj\u0105ce precyzyjne ostrze tn\u0105ce. Oferuje niezwyk\u0142\u0105 kraw\u0119d\u017a tn\u0105c\u0105, idealn\u0105 do sesji scrapbookingu, ci\u0119cia papieru, otwierania paczek lub list\u00f3w \ud83d\udce6\u2709\ufe0f.<\/p>\n<p>Kompaktowy rozmiar 40\u00d760 mm i chowane ostrze o d\u0142ugo\u015bci 1 cm sprawiaj\u0105, \u017ce jest to \u015bwietny sprzymierzeniec, kt\u00f3ry \u0142atwo mie\u015bci si\u0119 w pi\u00f3rniku. Co wi\u0119cej, jest dost\u0119pny w r\u00f3\u017cnych kolorach \ud83c\udf08 r\u00f3\u017cowym, niebieskim, bia\u0142ym, fioletowym, pomara\u0144czowym i zielonym.<\/p>\n<p>Wybieraj\u0105c Cloud Cutter, decydujesz si\u0119 na precyzyjny no\u017cyk, kt\u00f3ry jest przeno\u015bny, \u0142adny i wszechstronny. Idealne narz\u0119dzie dla entuzjast\u00f3w majsterkowania \ud83e\uddf0, scrapbookingu \ud83d\udcd4 lub ka\u017cdego, kto szuka praktycznego i estetycznego no\u017cyka.<\/p>\n<p>Kup teraz Cloud Cutter, niezb\u0119dny gad\u017cet do twojego pi\u00f3rnika. Nie po\u017ca\u0142ujesz!<\/p>","protected":false},"featured_media":6193,"comment_status":"open","ping_status":"closed","template":"","meta":{"_seopress_robots_primary_cat":"none","_seopress_titles_title":"Cloud Cutter : Lame en Forme de Nuage | Scrapbooking | Cutter de Pr\u00e9cision ","_seopress_titles_desc":"D\u00e9couvrez le Cloud Cutter, notre lame de cutter en forme de nuage. Un cutter de pr\u00e9cision, id\u00e9al pour le scrapbooking, le d\u00e9coupage et l&#039;ouverture de colis. ","_seopress_robots_index":"","_seopress_analysis_target_kw":"lame de cutter,cutter,lame,nuage,scrapbooking,cutter de pr\u00e9cision,outil,Desk-Full,d\u00e9coupage,ouverture de colis,Cloud Cutter,ouvre-lettre"},"product_brand":[],"product_cat":[60,117],"product_tag":[],"class_list":{"0":"post-6161","1":"product","2":"type-product","3":"status-publish","4":"has-post-thumbnail","6":"product_cat-papeterie","7":"product_cat-scrapbooking","9":"first","10":"instock","11":"shipping-taxable","12":"purchasable","13":"product-type-variable"},"_links":{"self":[{"href":"https:\/\/desk-full.fr\/pl\/wp-json\/wp\/v2\/product\/6161","targetHints":{"allow":["GET"]}}],"collection":[{"href":"https:\/\/desk-full.fr\/pl\/wp-json\/wp\/v2\/product"}],"about":[{"href":"https:\/\/desk-full.fr\/pl\/wp-json\/wp\/v2\/types\/product"}],"replies":[{"embeddable":true,"href":"https:\/\/desk-full.fr\/pl\/wp-json\/wp\/v2\/comments?post=6161"}],"wp:featuredmedia":[{"embeddable":true,"href":"https:\/\/desk-full.fr\/pl\/wp-json\/wp\/v2\/media\/6193"}],"wp:attachment":[{"href":"https:\/\/desk-full.fr\/pl\/wp-json\/wp\/v2\/media?parent=6161"}],"wp:term":[{"taxonomy":"product_brand","embeddable":true,"href":"https:\/\/desk-full.fr\/pl\/wp-json\/wp\/v2\/product_brand?post=6161"},{"taxonomy":"product_cat","embeddable":true,"href":"https:\/\/desk-full.fr\/pl\/wp-json\/wp\/v2\/product_cat?post=6161"},{"taxonomy":"product_tag","embeddable":true,"href":"https:\/\/desk-full.fr\/pl\/wp-json\/wp\/v2\/product_tag?post=6161"}],"curies":[{"name":"wp","href":"https:\/\/api.w.org\/{rel}","templated":true}]}}