{"id":6171,"date":"2023-08-04T14:00:21","date_gmt":"2023-08-04T12:00:21","guid":{"rendered":"https:\/\/desk-full.fr\/?post_type=product&#038;p=6171"},"modified":"2023-08-04T14:00:22","modified_gmt":"2023-08-04T12:00:22","slug":"cable-bear-organizer-kabli","status":"publish","type":"product","link":"https:\/\/desk-full.fr\/pl\/produkt\/cable-bear-organizer-kabli\/","title":{"rendered":"Cable Bear - samoprzylepny organizer kabli"},"content":{"rendered":"<h2>Przylepny organizer kabli Cable Bear: Tw\u00f3j sprzymierzeniec w utrzymaniu porz\u0105dku w miejscu pracy!<\/h2>\n<p>Masz do\u015b\u0107 rozpl\u0105tywania kabli? Cable Bear Adhesive Cable Organiser jest tutaj, aby u\u0142atwi\u0107 Ci \u017cycie. Nie tylko sprawi, \u017ce biurko b\u0119dzie czystsze, ale tak\u017ce wyd\u0142u\u017cy \u017cywotno\u015b\u0107 kabli, utrzymuj\u0105c je w porz\u0105dku i na uboczu.<\/p>\n<h3>Innowacyjne, funkcjonalne przechowywanie<\/h3>\n<p>Cable Bear ma cztery otwory, aby pomie\u015bci\u0107 wszystkie rodzaje kabli. Od USB po kable zasilaj\u0105ce do komputera i przewody s\u0142uchawkowe - na wszystkie znajdzie si\u0119 miejsce.<\/p>\n<h3>Solidne i trwa\u0142e narz\u0119dzie<\/h3>\n<p>Dzi\u0119ki mocnemu klejowi CableBear \u0142atwo przylega do wszystkich g\u0142adkich powierzchni i gwarantuje d\u0142ugotrwa\u0142\u0105 przyczepno\u015b\u0107. Nie musisz si\u0119 ju\u017c martwi\u0107, \u017ce kable b\u0119d\u0105 ci\u0105gle spada\u0107 z biurka.<\/p>\n<h3>Atrakcyjny wygl\u0105d<\/h3>\n<p>Jego unikalna konstrukcja w kszta\u0142cie misia, opr\u00f3cz tego, \u017ce jest urocza, u\u0142atwia oddzielanie i organizowanie kabli. Dzi\u0119ki Cable Bear mo\u017cesz po\u017cegna\u0107 si\u0119 z pl\u0105tanin\u0105 kabli na biurku.<\/p>\n<h3>Sprz\u0119t wysokiej jako\u015bci<\/h3>\n<p>Wykonany z wysokiej jako\u015bci silikonu, Cable Bear jest zar\u00f3wno mi\u0119kki w dotyku, jak i wytrzyma\u0142y. Jest nietoksyczny, bezzapachowy i dost\u0119pny w wielu kolorach pasuj\u0105cych do wystroju wn\u0119trza.<\/p>\n<h4>Specyfikacja techniczna<\/h4>\n<p>Wykonane z wysokiej jako\u015bci, nietoksycznego i bezwonnego silikonu.<br \/>\nSilna przyczepno\u015b\u0107 dzi\u0119ki mocnemu klejowi.<br \/>\nWymiary: 90\u00d720 mm.<br \/>\nUroczy motyw nied\u017awiedzia dla odrobiny zabawy.<\/p>\n<h4>Zawarto\u015b\u0107 opakowania<\/h4>\n<p>1x samoprzylepny organizer kabli CableBear<\/p>\n<p>Wybierz samoprzylepny organizer kabli CableBear i odkryj zupe\u0142nie nowy spos\u00f3b organizacji kabli. Nie pozw\u00f3l, aby kable Ci\u0119 przyt\u0142oczy\u0142y, przejmij kontrol\u0119 z CableBear. Kliknij \u2018Dodaj do koszyka\u2019 ju\u017c teraz!<\/p>","protected":false},"excerpt":{"rendered":"<p>Czy twoje biuro cz\u0119sto wygl\u0105da jak d\u017cungla pe\u0142na kabli? W takim razie mamy co\u015b dla Ciebie! Organizer kabli Cable Bear to najlepsze rozwi\u0105zanie! \ud83c\udf89<\/p>\n<p>Ten ma\u0142y geniusz organizacyjny zamienia pl\u0105tanin\u0119 kabli w schludn\u0105 prezentacj\u0119. Koniec ze spl\u0105tanymi kablami do laptopa, kablami USB do \u0142adowania lub kablami audio do s\u0142uchawek. Dzi\u0119ki klejowi o wysokiej przyczepno\u015bci pozostaje bezpiecznie na swoim miejscu. \ud83d\udc4c<\/p>\n<p>Cable Bear jest wykonany z wysokiej jako\u015bci, nietoksycznego i bezwonnego silikonu. Dzi\u0119ki dodatkowemu motywowi w kszta\u0142cie misia, dodaje odrobin\u0119 zabawy do miejsca pracy lub sypialni. \ud83d\udc3b<\/p>\n<p>Nie pozw\u00f3l, aby Twoje kable pozostawa\u0142y w chaosie. Wybierz samoprzylepny organizer kabli Cable Bear i przekszta\u0142\u0107 swoj\u0105 przestrze\u0144 w czyste, dobrze zorganizowane miejsce pracy. \ud83d\ude03<\/p>\n<p>Kliknij \"Dodaj do koszyka\" teraz i daj swoim kablom dom, na jaki zas\u0142uguj\u0105! \ud83d\uded2\ud83c\udfe1<\/p>","protected":false},"featured_media":6207,"comment_status":"open","ping_status":"closed","template":"","meta":{"_seopress_robots_primary_cat":"none","_seopress_titles_title":"Organisateur de C\u00e2bles Adh\u00e9sif Cable Bear : Rangement Efficace","_seopress_titles_desc":"D\u00e9couvrez le Cable Bear, l&#039;organisateur de c\u00e2bles adh\u00e9sif pour un rangement efficace de vos c\u00e2bles. Con\u00e7u pour toutes surfaces, fabriqu\u00e9 en silicone de haute qualit\u00e9.","_seopress_robots_index":"","_seopress_analysis_target_kw":"organisateur de c\u00e2bles,rangement de c\u00e2bles,adh\u00e9sif,Cable Bear,Desk-Full,rangement efficace,c\u00e2bles de bureau,c\u00e2bles de charge,silicone,design d&#039;ours"},"product_brand":[],"product_cat":[55,54],"product_tag":[],"class_list":{"0":"post-6171","1":"product","2":"type-product","3":"status-publish","4":"has-post-thumbnail","6":"product_cat-rangement-de-cables","7":"product_cat-rangement-et-organisation","9":"first","10":"instock","11":"shipping-taxable","12":"purchasable","13":"product-type-variable"},"_links":{"self":[{"href":"https:\/\/desk-full.fr\/pl\/wp-json\/wp\/v2\/product\/6171","targetHints":{"allow":["GET"]}}],"collection":[{"href":"https:\/\/desk-full.fr\/pl\/wp-json\/wp\/v2\/product"}],"about":[{"href":"https:\/\/desk-full.fr\/pl\/wp-json\/wp\/v2\/types\/product"}],"replies":[{"embeddable":true,"href":"https:\/\/desk-full.fr\/pl\/wp-json\/wp\/v2\/comments?post=6171"}],"wp:featuredmedia":[{"embeddable":true,"href":"https:\/\/desk-full.fr\/pl\/wp-json\/wp\/v2\/media\/6207"}],"wp:attachment":[{"href":"https:\/\/desk-full.fr\/pl\/wp-json\/wp\/v2\/media?parent=6171"}],"wp:term":[{"taxonomy":"product_brand","embeddable":true,"href":"https:\/\/desk-full.fr\/pl\/wp-json\/wp\/v2\/product_brand?post=6171"},{"taxonomy":"product_cat","embeddable":true,"href":"https:\/\/desk-full.fr\/pl\/wp-json\/wp\/v2\/product_cat?post=6171"},{"taxonomy":"product_tag","embeddable":true,"href":"https:\/\/desk-full.fr\/pl\/wp-json\/wp\/v2\/product_tag?post=6171"}],"curies":[{"name":"wp","href":"https:\/\/api.w.org\/{rel}","templated":true}]}}