{"id":6180,"date":"2023-08-04T14:06:03","date_gmt":"2023-08-04T12:06:03","guid":{"rendered":"https:\/\/desk-full.fr\/?post_type=product&#038;p=6180"},"modified":"2023-08-04T14:11:44","modified_gmt":"2023-08-04T12:11:44","slug":"cable-master-opaski-kablowe","status":"publish","type":"product","link":"https:\/\/desk-full.fr\/pl\/produkt\/cable-master-opaski-kablowe\/","title":{"rendered":"Cable Master - opaski kablowe do zwijania \u0142adowarek i s\u0142uchawek"},"content":{"rendered":"<p>Odkryj Cable Master: niezb\u0119dnego sprzymierze\u0144ca w optymalnym zarz\u0105dzaniu kablami. Ta opaska kablowa zrewolucjonizuje spos\u00f3b zabezpieczania kabli elektrycznych, sprawiaj\u0105c, \u017ce przestrze\u0144 robocza i mieszkalna b\u0119dzie bardziej uporz\u0105dkowana i wolna od ba\u0142aganu. \ud83c\udf1f<\/p>\n<h3>Proste, skuteczne mocowanie kabli<\/h3>\n<p>Cable Master oferuje niezr\u00f3wnane mocowanie kabli. Kable zasilaj\u0105ce, do transmisji danych lub s\u0142uchawkowe pozostaj\u0105 na swoim miejscu, nawet gdy jeste\u015b w ruchu.<\/p>\n<h3>Ekologiczny i praktyczny design<\/h3>\n<p>Ten produkt zawiera cztery silikonowe opaski kablowe, kt\u00f3re s\u0105 nie tylko antypo\u015blizgowe, ale mog\u0105 by\u0107 r\u00f3wnie\u017c ponownie u\u017cyte. Oznacza to, \u017ce mo\u017cna je regulowa\u0107 w dowolnym momencie bez obaw.<\/p>\n<h3>Najwy\u017cszej jako\u015bci zarz\u0105dzanie kablami<\/h3>\n<p>Cable Master sprawia, \u017ce zarz\u0105dzanie kablami jest dziecinnie proste. Klipsy zosta\u0142y zaprojektowane tak, aby \u0142atwo zabezpieczy\u0107 kable i utrzyma\u0107 je w porz\u0105dku. Przewody g\u0142o\u015bnikowe, przewody audio, przewody TV, przewody USB, przewody gitarowe i przewody zasilaj\u0105ce mo\u017cna skutecznie pogrupowa\u0107. \ud83c\udf08<\/p>\n<h3>Kompaktowy, atrakcyjny produkt<\/h3>\n<p>Nie daj si\u0119 zwie\u015b\u0107 kompaktowym rozmiarom. Ta opaska kablowa i zacisk to prawdziwy mistrz, je\u015bli chodzi o przechowywanie. Jej d\u0142ugo\u015b\u0107 mo\u017cna regulowa\u0107 i mo\u017cna j\u0105 zwin\u0105\u0107 bez zajmowania dodatkowej przestrzeni, zapewniaj\u0105c schludne i uporz\u0105dkowane miejsce pracy. \ud83d\udcbc<\/p>\n<h3>Informacje techniczne<\/h3>\n<ul>\n<li>Opaski kablowe s\u0105 dost\u0119pne w r\u00f3\u017cnych kolorach dla optymalnego przechowywania.<\/li>\n<li>Wykonane s\u0105 z silikonu, przyjaznego dla \u015brodowiska, antypo\u015blizgowego materia\u0142u wielokrotnego u\u017cytku.<\/li>\n<li>Ka\u017cde zam\u00f3wienie obejmuje 4 opaski kablowe o wymiarach 6\u00d71 cm.<\/li>\n<li>Mog\u0105 by\u0107 u\u017cywane do grupowania r\u00f3\u017cnych typ\u00f3w przewod\u00f3w, takich jak przewody g\u0142o\u015bnikowe, przewody audio, przewody TV, przewody USB, przewody gitarowe i przewody zasilaj\u0105ce.<\/li>\n<\/ul>\n<h3>Zawarto\u015b\u0107 opakowania<\/h3>\n<ul>\n<li>4 opaski kablowe o wymiarach 6\u00d71 cm.<\/li>\n<\/ul>\n<p>Najwy\u017cszy czas pozby\u0107 si\u0119 pl\u0105taniny kabli w miejscu pracy. Ciesz si\u0119 dobrze zorganizowanym \u015brodowiskiem dzi\u0119ki Cable Master. Kliknij \u00abDodaj do koszyka\u00bb teraz i zr\u00f3b krok w kierunku lepszego zarz\u0105dzania kablami. \ud83d\uded2<\/p>\n<p>&nbsp;<\/p>","protected":false},"excerpt":{"rendered":"<p>Przedstawiamy Cable Master, idealne rozwi\u0105zanie dla wszystkich potrzeb zwi\u0105zanych ze zwijaniem kabli. Nie tylko z \u0142atwo\u015bci\u0105 mocuje kable, ale tak\u017ce zapewnia nienaganne zarz\u0105dzanie przewodami elektrycznymi. Koniec z ba\u0142aganem - oto spos\u00f3b na optymaln\u0105 organizacj\u0105! \ud83d\udccf<\/p>\n<p>Zaprojektowany z my\u015bl\u0105 o komforcie i wygodzie, Cable Master zawiera antypo\u015blizgowe, silikonowe opaski kablowe wielokrotnego u\u017cytku. Idealnie nadaj\u0105 si\u0119 do zabezpieczenia kabla do transmisji danych, kabla s\u0142uchawkowego i nie tylko. \ud83d\ude4c<\/p>\n<p>Ka\u017cda opaska kablowa ma regulowan\u0105 d\u0142ugo\u015b\u0107, dzi\u0119ki czemu mo\u017cna j\u0105 zwin\u0105\u0107 bez zajmowania dodatkowego miejsca. Co wi\u0119cej, nasze opaski kablowe dodaj\u0105 odrobin\u0119 koloru do miejsca pracy. \ud83c\udfa8<\/p>\n<p>Po co czeka\u0107? Zacznij organizowa\u0107 swoj\u0105 przestrze\u0144 z Cable Master ju\u017c teraz i po\u017cegnaj si\u0119 z ba\u0142aganem. Kliknij \"Dodaj do koszyka\", aby rozpocz\u0105\u0107. \ud83d\udc46<\/p>","protected":false},"featured_media":6214,"comment_status":"open","ping_status":"closed","template":"","meta":{"_seopress_robots_primary_cat":"none","_seopress_titles_title":"Attache de C\u00e2ble | Serre-C\u00e2ble | Cable Master | Desk-Ful","_seopress_titles_desc":"Obtenez la meilleure attache de c\u00e2ble Cable Master. Parfait pour la gestion de vos c\u00e2bles \u00e9lectriques. Disponible en plusieurs couleurs pour un rangement color\u00e9.","_seopress_robots_index":"","_seopress_analysis_target_kw":"Attache de c\u00e2ble,Serre-c\u00e2ble,Fixation de c\u00e2ble,C\u00e2ble \u00e9lectrique,Cable Master,Desk-Ful"},"product_brand":[],"product_cat":[55,54],"product_tag":[],"class_list":{"0":"post-6180","1":"product","2":"type-product","3":"status-publish","4":"has-post-thumbnail","6":"product_cat-rangement-de-cables","7":"product_cat-rangement-et-organisation","9":"first","10":"instock","11":"shipping-taxable","12":"purchasable","13":"product-type-variable"},"_links":{"self":[{"href":"https:\/\/desk-full.fr\/pl\/wp-json\/wp\/v2\/product\/6180","targetHints":{"allow":["GET"]}}],"collection":[{"href":"https:\/\/desk-full.fr\/pl\/wp-json\/wp\/v2\/product"}],"about":[{"href":"https:\/\/desk-full.fr\/pl\/wp-json\/wp\/v2\/types\/product"}],"replies":[{"embeddable":true,"href":"https:\/\/desk-full.fr\/pl\/wp-json\/wp\/v2\/comments?post=6180"}],"wp:featuredmedia":[{"embeddable":true,"href":"https:\/\/desk-full.fr\/pl\/wp-json\/wp\/v2\/media\/6214"}],"wp:attachment":[{"href":"https:\/\/desk-full.fr\/pl\/wp-json\/wp\/v2\/media?parent=6180"}],"wp:term":[{"taxonomy":"product_brand","embeddable":true,"href":"https:\/\/desk-full.fr\/pl\/wp-json\/wp\/v2\/product_brand?post=6180"},{"taxonomy":"product_cat","embeddable":true,"href":"https:\/\/desk-full.fr\/pl\/wp-json\/wp\/v2\/product_cat?post=6180"},{"taxonomy":"product_tag","embeddable":true,"href":"https:\/\/desk-full.fr\/pl\/wp-json\/wp\/v2\/product_tag?post=6180"}],"curies":[{"name":"wp","href":"https:\/\/api.w.org\/{rel}","templated":true}]}}