{"id":6187,"date":"2023-08-04T14:21:27","date_gmt":"2023-08-04T12:21:27","guid":{"rendered":"https:\/\/desk-full.fr\/?post_type=product&#038;p=6187"},"modified":"2023-08-04T14:21:27","modified_gmt":"2023-08-04T12:21:27","slug":"pudelko-range-chic","status":"publish","type":"product","link":"https:\/\/desk-full.fr\/pl\/produkt\/pudelko-range-chic\/","title":{"rendered":"Pude\u0142ko Rang\u00e9-Chic - do sortowania, przechowywania i optymalizacji przestrzeni"},"content":{"rendered":"<p>Rang\u00e9-Chic - Tw\u00f3j nowy wielofunkcyjny pojemnik do przechowywania. Zr\u00f3b miejsce i odkryj zoptymalizowane, stylowe miejsce do przechowywania w biurze, \u0142azience, a nawet garderobie. \ud83c\udfe1<\/p>\n<h2>\u0141atwe, uporz\u0105dkowane przechowywanie \ud83c\udf1f<\/h2>\n<p>Rang\u00e9-Chic to znacznie wi\u0119cej ni\u017c zwyk\u0142e pude\u0142ko. To prawdziwy asystent przechowywania, kt\u00f3ry pozwala na przechowywanie r\u00f3\u017cnych przedmiot\u00f3w. Niezale\u017cnie od tego, czy chodzi o kosmetyki do makija\u017cu, materia\u0142y biurowe czy ma\u0142e przedmioty codziennego u\u017cytku, Rang\u00e9-Chic jest narz\u0119dziem do przechowywania, kt\u00f3rego potrzebujesz. Dzi\u0119ki swojemu rozmiarowi pozwala przechowywa\u0107 wszystko i \u0142atwo znajdowa\u0107 przedmioty, nie zajmuj\u0105c zbyt wiele cennej przestrzeni. \ud83d\udce6<\/p>\n<h2>Atrakcyjny wygl\u0105d<\/h2>\n<p>Dzi\u0119ki falistym kraw\u0119dziom i wyborowi trzech kolor\u00f3w - niebieskiego, bia\u0142ego i br\u0105zowego - pude\u0142ko Rang\u00e9-Chic wniesie odrobin\u0119 elegancji do Twojej przestrzeni do przechowywania. Jego kompaktowy rozmiar (20,2 cm x 13,2 cm x 6 cm) oznacza, \u017ce zmie\u015bci si\u0119 w ka\u017cdej przestrzeni, oferuj\u0105c jednocze\u015bnie optymaln\u0105 pojemno\u015b\u0107. Co wi\u0119cej, jego waga wynosz\u0105ca zaledwie 125 g sprawia, \u017ce jest \u0142atwy w obs\u0142udze i przenoszeniu. \ud83c\udf10<\/p>\n<h3>Wytrzyma\u0142y materia\u0142<\/h3>\n<p>Wykonany z wytrzyma\u0142ego tworzywa sztucznego, Rang\u00e9-Chic jest trwa\u0142y. Co wi\u0119cej, jego materia\u0142 u\u0142atwia czyszczenie i konserwacj\u0119, dzi\u0119ki czemu jest jeszcze bardziej praktyczny i funkcjonalny. \ud83c\udf31<\/p>\n<p>Informacje techniczne :<br \/>\nPlastikowe pude\u0142ko do przechowywania, idealne do przechowywania r\u00f3\u017cnych przedmiot\u00f3w, w tym materia\u0142\u00f3w biurowych lub produkt\u00f3w do makija\u017cu.<br \/>\nDu\u017ca komora dla optymalnego przechowywania.<br \/>\nWymiary: 20,2 cm x 13,2 cm x 6 cm.<br \/>\nWaga pustego pude\u0142ka: ok. 125 g.<br \/>\nDost\u0119pny w trzech kolorach: niebieskim, bia\u0142ym i br\u0105zowym.<br \/>\nKonstrukcja z falistymi kraw\u0119dziami zapewnia wyrafinowany wygl\u0105d.<br \/>\nZawarto\u015b\u0107 zam\u00f3wienia:<br \/>\n1 pude\u0142ko do przechowywania w wybranym kolorze.<\/p>\n<p>Nadszed\u0142 czas, aby odmieni\u0107 swoj\u0105 przestrze\u0144 do przechowywania! Kliknij teraz \u00abDodaj do koszyka\u00bb i zacznij cieszy\u0107 si\u0119 dobrze zorganizowan\u0105 przestrzeni\u0105. Wrzu\u0107 wy\u017cszy bieg z Desk-Full i zorganizuj swoje \u017cycie ze stylem i wydajno\u015bci\u0105! \ud83c\udf81\ud83d\udc4d<\/p>","protected":false},"excerpt":{"rendered":"<p>Odkryj Rang\u00e9-Chic, wszechstronne pude\u0142ko do przechowywania par excellence. Zaprojektowany, aby pom\u00f3c Ci zoptymalizowa\u0107 i uporz\u0105dkowa\u0107 przestrze\u0144, jest idealnym narz\u0119dziem do przechowywania w biurze, garderobie, a nawet \u0142azience. \ud83c\udfe0<\/p>\n<p>Dzi\u0119ki kompaktowej konstrukcji i du\u017cemu schowkowi jest idealny do przechowywania wszystkiego, od makija\u017cu po r\u00f3\u017cne drobiazgi. Jego rozmiar (20,2 cm x 13,2 cm x 6 cm) jest idealny do oszcz\u0119dzania miejsca przy jednoczesnym efektywnym przechowywaniu rzeczy. \ud83d\udd0d<\/p>\n<p>Wykonane z wytrzyma\u0142ego tworzywa sztucznego, jest r\u00f3wnie praktyczny, co stylowy. Karbowane kraw\u0119dzie dodaj\u0105 odrobin\u0119 wyrafinowania, a wyb\u00f3r trzech kolor\u00f3w - niebieskiego, bia\u0142ego i br\u0105zowego - pozwala spersonalizowa\u0107 przestrze\u0144 do przechowywania zgodnie z w\u0142asnym stylem. \ud83c\udfa8<\/p>\n<p>Pude\u0142ko do przechowywania Rang\u00e9-Chic to prawdziwy organizer, kt\u00f3ry u\u0142atwia znajdowanie przedmiot\u00f3w. Koniec z niepotrzebnym grzebaniem! Wa\u017cy zaledwie 125 g, gdy jest pusty, jest \u0142atwy do przenoszenia i przechowywania. \ud83c\udf08<\/p>\n<p>Po co czeka\u0107, aby cieszy\u0107 si\u0119 dobrze zorganizowan\u0105 przestrzeni\u0105? Nadszed\u0142 czas, aby posprz\u0105ta\u0107 stylowo i efektywnie! \ud83d\udecd\ufe0f\ud83d\udc4d<\/p>","protected":false},"featured_media":6226,"comment_status":"open","ping_status":"closed","template":"","meta":{"_seopress_robots_primary_cat":"none","_seopress_titles_title":"Bo\u00eete Rang\u00e9-Chic - pour le rangement efficace | Desk-Full","_seopress_titles_desc":"Transformez votre rangement avec le Rang\u00e9-Chic! Bo\u00eete de rangement en plastique pour optimiser votre espace de bureau ou de salle de bain.\r\n\r\n","_seopress_robots_index":"","_seopress_analysis_target_kw":"Bo\u00eete de rangement,Rangement,Desk-Full,Rangement plastique,Bureau,Salle de bain,Bac de rangement"},"product_brand":[],"product_cat":[56,54],"product_tag":[],"class_list":{"0":"post-6187","1":"product","2":"type-product","3":"status-publish","4":"has-post-thumbnail","6":"product_cat-boites-decoratives","7":"product_cat-rangement-et-organisation","9":"first","10":"instock","11":"shipping-taxable","12":"purchasable","13":"product-type-variable"},"_links":{"self":[{"href":"https:\/\/desk-full.fr\/pl\/wp-json\/wp\/v2\/product\/6187","targetHints":{"allow":["GET"]}}],"collection":[{"href":"https:\/\/desk-full.fr\/pl\/wp-json\/wp\/v2\/product"}],"about":[{"href":"https:\/\/desk-full.fr\/pl\/wp-json\/wp\/v2\/types\/product"}],"replies":[{"embeddable":true,"href":"https:\/\/desk-full.fr\/pl\/wp-json\/wp\/v2\/comments?post=6187"}],"wp:featuredmedia":[{"embeddable":true,"href":"https:\/\/desk-full.fr\/pl\/wp-json\/wp\/v2\/media\/6226"}],"wp:attachment":[{"href":"https:\/\/desk-full.fr\/pl\/wp-json\/wp\/v2\/media?parent=6187"}],"wp:term":[{"taxonomy":"product_brand","embeddable":true,"href":"https:\/\/desk-full.fr\/pl\/wp-json\/wp\/v2\/product_brand?post=6187"},{"taxonomy":"product_cat","embeddable":true,"href":"https:\/\/desk-full.fr\/pl\/wp-json\/wp\/v2\/product_cat?post=6187"},{"taxonomy":"product_tag","embeddable":true,"href":"https:\/\/desk-full.fr\/pl\/wp-json\/wp\/v2\/product_tag?post=6187"}],"curies":[{"name":"wp","href":"https:\/\/api.w.org\/{rel}","templated":true}]}}