{"id":6188,"date":"2023-08-04T14:26:46","date_gmt":"2023-08-04T12:26:46","guid":{"rendered":"https:\/\/desk-full.fr\/?post_type=product&#038;p=6188"},"modified":"2023-08-04T14:26:46","modified_gmt":"2023-08-04T12:26:46","slug":"pudelko-do-przechowywania-wonder-storage-box","status":"publish","type":"product","link":"https:\/\/desk-full.fr\/pl\/produkt\/pudelko-do-przechowywania-wonder-storage-box\/","title":{"rendered":"Storage Wonder Box - wielofunkcyjny i wszechstronny"},"content":{"rendered":"<h2>Storage Wonder Storage Box - jeden wielofunkcyjny kosz do przechowywania dla wszystkich Twoich potrzeb<\/h2>\n<p>Odkryj Storage Wonder Storage Box, nowego sprzymierze\u0144ca w organizacji i optymalizacji przestrzeni \ud83c\udfe0 ! Wykonany z wytrzyma\u0142ego tworzywa sztucznego, jest zar\u00f3wno trwa\u0142y, jak i lekki. Jego nowoczesny design z falistymi kraw\u0119dziami dodaje elegancji ka\u017cdej przestrzeni do przechowywania.<\/p>\n<h3>Zoptymalizowana pami\u0119\u0107 masowa<\/h3>\n<p>Storage Wonder oferuje dwie ma\u0142e przegr\u00f3dki do przechowywania przedmiot\u00f3w \ud83d\udcda\ud83d\udd8a\ufe0f. Niezale\u017cnie od tego, czy chcesz przechowywa\u0107 materia\u0142y biurowe, artyku\u0142y \u0142azienkowe, czy nawet uporz\u0105dkowa\u0107 makija\u017c, ten schowek dostosuje si\u0119 do wszystkich Twoich potrzeb.<\/p>\n<h3>Wszechstronny i praktyczny<\/h3>\n<p>Si\u0142a Storage Wonder tkwi w wyjmowanej \u015bciance wewn\u0119trznej. W zaledwie kilka sekund mo\u017cna przekszta\u0142ci\u0107 pude\u0142ko w jedn\u0105 du\u017c\u0105 komor\u0119, oferuj\u0105c maksymaln\u0105 elastyczno\u015b\u0107 w zakresie przechowywania. Dodajmy do tego ergonomiczny uchwyt, a otrzymamy praktyczny, \u0142atwy do przenoszenia pojemnik.<\/p>\n<h3>Projektowanie dla wszystkich<\/h3>\n<p>Dost\u0119pny w trzech przyci\u0105gaj\u0105cych wzrok kolorach - niebieskim, bia\u0142ym i br\u0105zowym - Storage Wonder pasuje do ka\u017cdego wystroju. Niezale\u017cnie od tego, czy preferujesz styl nowoczesny, czy klasyczny, doda on elegancji Twojej przestrzeni.<\/p>\n<h4>Informacje techniczne :<\/h4>\n<p>Materia\u0142: tworzywo sztuczne<br \/>\nWymiary: 15,5 cm x 11,7 cm x 5,5 cm<br \/>\nWaga: 100g<br \/>\nDost\u0119pne kolory: niebieski, bia\u0142y, br\u0105zowy<br \/>\n1 wyjmowana \u015bcianka wewn\u0119trzna<br \/>\nPofalowane kraw\u0119dzie<\/p>\n<h4>Zawarto\u015b\u0107 opakowania :<\/h4>\n<p>1 x Storage Wonder Storage Box<br \/>\n1 x Wyjmowana \u015bcianka wewn\u0119trzna<\/p>\n<p>Wybierz StorageWonder Storage Box ju\u017c teraz i zacznij optymalizowa\u0107 swoj\u0105 przestrze\u0144 do przechowywania! Kliknij \u2018Dodaj do koszyka\u2019, aby skorzysta\u0107 z tej wspania\u0142ej oferty! \ud83c\udf1f<\/p>","protected":false},"excerpt":{"rendered":"<p>Odkryj Storage Wonder, nowego sprzymierze\u0144ca w organizowaniu przestrzeni \ud83c\udfe0 ! Daj si\u0119 uwie\u015b\u0107 temu pojemnikowi zaprojektowanemu z my\u015bl\u0105 o optymalizacji przechowywania. Dzi\u0119ki solidnej plastikowej konstrukcji i eleganckiemu wzornictwu, ten pojemnik do przechowywania szybko stanie si\u0119 niezb\u0119dnym elementem Twojego biura lub \u0142azienki.<\/p>\n<p>To pude\u0142ko do przechowywania oferuje dwie przegrody do przechowywania r\u00f3\u017cnych przedmiot\u00f3w \ud83d\udcda\ud83d\udd8a\ufe0f. Jest praktyczny dzi\u0119ki wyjmowanej \u015bciance wewn\u0119trznej, kt\u00f3ra w mgnieniu oka przekszta\u0142ca pude\u0142ko w jedn\u0105 du\u017c\u0105 komor\u0119.<\/p>\n<p>Dost\u0119pny w trzech atrakcyjnych kolorach: niebieskim, bia\u0142ym i br\u0105zowym, b\u0119dzie pasowa\u0142 do ka\u017cdego wystroju. Nie szukaj dalej ni\u017c Storage Wonder i zacznij sortowa\u0107, przechowywa\u0107 i optymalizowa\u0107 swoj\u0105 przestrze\u0144 ju\u017c teraz! \ud83c\udf1f\ud83d\udc4d<\/p>\n<p>Kliknij \"Dodaj do koszyka\", aby skorzysta\u0107 z tego innowacyjnego i praktycznego schowka!<\/p>","protected":false},"featured_media":6221,"comment_status":"open","ping_status":"closed","template":"","meta":{"_seopress_robots_primary_cat":"none","_seopress_titles_title":"Bo\u00eete de Rangement Storage Wonder - Bureau et Salle de Bain","_seopress_titles_desc":"D\u00e9couvrez la bo\u00eete de rangement Storage Wonder, id\u00e9ale pour optimiser votre espace - paroi int\u00e9rieure amovible, disponible en 3 couleurs !","_seopress_robots_index":"","_seopress_analysis_target_kw":"Bo\u00eete de rangement,rangement,panier de rangement,bureau,salle de bain,organisateur de maquillage,rangement plastique,panier,amovible,compartiment,bleu,blanc,marron,Storage Wonder,Desk-Full"},"product_brand":[],"product_cat":[56,54],"product_tag":[],"class_list":{"0":"post-6188","1":"product","2":"type-product","3":"status-publish","4":"has-post-thumbnail","6":"product_cat-boites-decoratives","7":"product_cat-rangement-et-organisation","9":"first","10":"instock","11":"shipping-taxable","12":"purchasable","13":"product-type-variable"},"_links":{"self":[{"href":"https:\/\/desk-full.fr\/pl\/wp-json\/wp\/v2\/product\/6188","targetHints":{"allow":["GET"]}}],"collection":[{"href":"https:\/\/desk-full.fr\/pl\/wp-json\/wp\/v2\/product"}],"about":[{"href":"https:\/\/desk-full.fr\/pl\/wp-json\/wp\/v2\/types\/product"}],"replies":[{"embeddable":true,"href":"https:\/\/desk-full.fr\/pl\/wp-json\/wp\/v2\/comments?post=6188"}],"wp:featuredmedia":[{"embeddable":true,"href":"https:\/\/desk-full.fr\/pl\/wp-json\/wp\/v2\/media\/6221"}],"wp:attachment":[{"href":"https:\/\/desk-full.fr\/pl\/wp-json\/wp\/v2\/media?parent=6188"}],"wp:term":[{"taxonomy":"product_brand","embeddable":true,"href":"https:\/\/desk-full.fr\/pl\/wp-json\/wp\/v2\/product_brand?post=6188"},{"taxonomy":"product_cat","embeddable":true,"href":"https:\/\/desk-full.fr\/pl\/wp-json\/wp\/v2\/product_cat?post=6188"},{"taxonomy":"product_tag","embeddable":true,"href":"https:\/\/desk-full.fr\/pl\/wp-json\/wp\/v2\/product_tag?post=6188"}],"curies":[{"name":"wp","href":"https:\/\/api.w.org\/{rel}","templated":true}]}}